{"id":168,"date":"2018-12-28T12:33:05","date_gmt":"2018-12-28T12:33:05","guid":{"rendered":"http:\/\/icofom.icom.cust.oxymium.net\/welcome\/bienvenue-a-licofom\/"},"modified":"2020-03-07T17:42:26","modified_gmt":"2020-03-07T17:42:26","slug":"bienvenue-a-licofom","status":"publish","type":"page","link":"https:\/\/icofom.mini.icom.museum\/fr\/bienvenue\/bienvenue-a-licofom\/","title":{"rendered":"\u00c0 propos de l&#8217;ICOFOM"},"content":{"rendered":"<div id=\"RTE_CONTENT\">\n<p><!--TYPO3SEARCH_begin--> <!-- CONTENT ELEMENT, uid:3574\/text [begin] --><\/p>\n<div id=\"c3574\">\n<p><!-- Text: [begin] --><\/p>\n<p>Le Comit\u00e9 International pour la Mus\u00e9ologie (ICOFOM) se charge de la recherche, l&#8217;\u00e9tude et la diffusion des bases th\u00e9oriques de la mus\u00e9ologie en tant que discipline scientifique ind\u00e9pendante, qui analyse les principales tendances de la mus\u00e9ologie contemporaine.<\/p>\n<p>Cr\u00e9e en 1977, il est int\u00e9gr\u00e9 par des membres de tous les continents qui s&#8217;occupent des fonctions sp\u00e9cifiques des mus\u00e9es et de leur r\u00f4le social. L&#8217;ICOFOM organise des rencontres acad\u00e9miques et scientifiques tous les ans en diff\u00e9rents pays du monde pour assurer des \u00e9changes significatifs parmi leurs professionnels.<\/p>\n<p>Pareillement, l&#8217;ICOFOM a r\u00e9uni un vaste corpus th\u00e9orique documentaire \u00e0 la suite d&#8217;une s\u00e9rie importante de publications: ICOFOM Study Series (ISS), lequel, apr\u00e8s plus de trente ans de production permanente, est la plus grande collection bibliographique sur la Mus\u00e9ologie jusqu&#8217;\u00e0 nos jours.<\/p>\n<p>D\u00e9claration de mission: Le Comit\u00e9 international de l&#8217;ICOM pour la mus\u00e9ologie (ICOFOM) est charg\u00e9 de rechercher, d&#8217;\u00e9tudier et de diffuser le fondement th\u00e9orique des mus\u00e9es et de la mus\u00e9ologie en ce qui concerne les diverses perspectives repr\u00e9sent\u00e9es par une communaut\u00e9 internationale de mus\u00e9ologues et de penseurs des mus\u00e9es.<\/p>\n<p>Nous comprenons la mus\u00e9ologie comme l&#8217;\u00e9tude, la th\u00e9orie et la philosophie du domaine mus\u00e9al et l&#8217;\u00e9thique de sa pratique et de ses fonctions. Il englobe la th\u00e9orie et la pratique du mus\u00e9e ainsi que la r\u00e9flexion critique sur le mus\u00e9e et le champ de connaissances existant pour cette r\u00e9flexion.<\/p>\n<p>\u00c9nonc\u00e9 de vision: La vision de l\u2019ICOFOM est de favoriser le d\u00e9veloppement de connaissances de qualit\u00e9 dans le domaine des mus\u00e9es et l\u2019inclusion en augmentant la diversit\u00e9 des membres et en renfor\u00e7ant leur engagement en tant que Centre international de mus\u00e9ologie, refl\u00e9tant tous les courants r\u00e9gionaux de la mus\u00e9ologie par le biais d\u2019une politique d\u2019action positive.<\/p>\n<p><!-- Text: [end] --> <!-- BEGIN: Content of extension \"hpo_relatedlink\", plugin \"tx_hporelatedlink_pi1\" --><\/p>\n<div><\/div>\n<p><!-- END: Content of extension \"hpo_relatedlink\", plugin \"tx_hporelatedlink_pi1\" --><\/p>\n<\/div>\n<p><!-- CONTENT ELEMENT, uid:3574\/text [end] --> <!--TYPO3SEARCH_end--><\/p>\n<\/div>\n","protected":false},"excerpt":{"rendered":"<p>Le Comit\u00e9 International pour la Mus\u00e9ologie (ICOFOM) se charge de la recherche, l&#8217;\u00e9tude et la diffusion des bases th\u00e9oriques de la mus\u00e9ologie en tant que discipline scientifique ind\u00e9pendante, qui analyse les principales tendances de la mus\u00e9ologie contemporaine. Cr\u00e9e en 1977, il est int\u00e9gr\u00e9 par des membres de tous les continents qui s&#8217;occupent des fonctions sp\u00e9cifiques [&hellip;]<\/p>\n","protected":false},"author":1,"featured_media":0,"parent":141,"menu_order":0,"comment_status":"closed","ping_status":"closed","template":"","meta":{"footnotes":""},"yst_prominent_words":[78,460,678,190,681,679,697,693,191,186,696,695,1142,680,694,1141,187,677,1143,670],"acf":[],"_links":{"self":[{"href":"https:\/\/icofom.mini.icom.museum\/fr\/wp-json\/wp\/v2\/pages\/168"}],"collection":[{"href":"https:\/\/icofom.mini.icom.museum\/fr\/wp-json\/wp\/v2\/pages"}],"about":[{"href":"https:\/\/icofom.mini.icom.museum\/fr\/wp-json\/wp\/v2\/types\/page"}],"author":[{"embeddable":true,"href":"https:\/\/icofom.mini.icom.museum\/fr\/wp-json\/wp\/v2\/users\/1"}],"replies":[{"embeddable":true,"href":"https:\/\/icofom.mini.icom.museum\/fr\/wp-json\/wp\/v2\/comments?post=168"}],"version-history":[{"count":4,"href":"https:\/\/icofom.mini.icom.museum\/fr\/wp-json\/wp\/v2\/pages\/168\/revisions"}],"predecessor-version":[{"id":3165,"href":"https:\/\/icofom.mini.icom.museum\/fr\/wp-json\/wp\/v2\/pages\/168\/revisions\/3165"}],"up":[{"embeddable":true,"href":"https:\/\/icofom.mini.icom.museum\/fr\/wp-json\/wp\/v2\/pages\/141"}],"wp:attachment":[{"href":"https:\/\/icofom.mini.icom.museum\/fr\/wp-json\/wp\/v2\/media?parent=168"}],"wp:term":[{"taxonomy":"yst_prominent_words","embeddable":true,"href":"https:\/\/icofom.mini.icom.museum\/fr\/wp-json\/wp\/v2\/yst_prominent_words?post=168"}],"curies":[{"name":"wp","href":"https:\/\/api.w.org\/{rel}","templated":true}]}}