{"id":180,"date":"2018-12-28T12:33:09","date_gmt":"2018-12-28T12:33:09","guid":{"rendered":"http:\/\/icofom.icom.cust.oxymium.net\/welcome\/le-mot-du-president\/"},"modified":"2026-03-31T18:10:38","modified_gmt":"2026-03-31T16:10:38","slug":"le-mot-du-president-2022","status":"publish","type":"page","link":"https:\/\/icofom.mini.icom.museum\/fr\/bienvenue\/le-mot-du-president-2022\/","title":{"rendered":"Mot de bienvenue de la Pr\u00e9sidente de l&#8217;ICOFOM &#8211; 2022"},"content":{"rendered":"<div id=\"RTE_CONTENT\">\n<p><!--TYPO3SEARCH_begin--> <!-- CONTENT ELEMENT, uid:3622\/textpic [begin] --><\/p>\n<div id=\"c3622\">\n<p><!-- Header: [begin] --><\/p>\n<div>\n<div class=\"csc-textpic csc-textpic-intext-right\">\n<div class=\"csc-textpic-text\">\n<p class=\"bodytext\"><img decoding=\"async\" loading=\"lazy\" class=\" wp-image-5851 aligncenter\" style=\"color: #474747;font-family: Georgia;font-size: 15px\" src=\"https:\/\/icofom.mini.icom.museum\/wp-content\/uploads\/sites\/18\/2022\/11\/Karen-Brown-mug-shot-300x169.jpg\" alt=\"\" width=\"562\" height=\"317\" srcset=\"https:\/\/icofom.mini.icom.museum\/wp-content\/uploads\/sites\/18\/2022\/11\/Karen-Brown-mug-shot-300x169.jpg 300w, https:\/\/icofom.mini.icom.museum\/wp-content\/uploads\/sites\/18\/2022\/11\/Karen-Brown-mug-shot-1024x576.jpg 1024w, https:\/\/icofom.mini.icom.museum\/wp-content\/uploads\/sites\/18\/2022\/11\/Karen-Brown-mug-shot-768x432.jpg 768w, https:\/\/icofom.mini.icom.museum\/wp-content\/uploads\/sites\/18\/2022\/11\/Karen-Brown-mug-shot-1536x864.jpg 1536w, https:\/\/icofom.mini.icom.museum\/wp-content\/uploads\/sites\/18\/2022\/11\/Karen-Brown-mug-shot-2048x1152.jpg 2048w\" sizes=\"(max-width: 562px) 100vw, 562px\" \/><\/p>\n<p><span style=\"font-weight: 400\">La 26e conf\u00e9rence g\u00e9n\u00e9rale de l&#8217;ICOM qui s&#8217;est tenue \u00e0 Prague en 2022 a \u00e9t\u00e9 un moment d\u00e9cisif pour l&#8217;ONG et notre groupe consacr\u00e9e \u00e0 la mus\u00e9ologie, l&#8217;ICOFOM. La nouvelle d\u00e9finition des mus\u00e9es de l&#8217;ICOM marque \u00e0 la fois un engagement des professionnel\u00b7le\u00b7s des mus\u00e9es du monde entier en faveur de la diversit\u00e9, de la durabilit\u00e9 et des communaut\u00e9s, et une r\u00e9union de milliers de voix et d&#8217;esprits en faveur de la mission organisationnelle, apr\u00e8s une p\u00e9riode de rupture. En parall\u00e8le, le plan strat\u00e9gique de l&#8217;ICOM (2022-28) affirme que &#8220;D&#8217;ici 2028, nous serons une organisation plus transparente, plus agile, plus collaborative et plus d\u00e9mocratique, qui aidera notre r\u00e9seau \u00e0 r\u00e9pondre aux exigences d&#8217;un monde en mutation rapide&#8221;. Ces aspirations sont ambitieuses et n\u00e9cessaires pour les ann\u00e9es \u00e0 venir et nous nous demandons donc : quel peut \u00eatre ici le r\u00f4le de la mus\u00e9ologie ?\u00a0<\/span><\/p>\n<p><span style=\"font-weight: 400\">Au cours des trois prochaines ann\u00e9es, le Conseil d&#8217;administration de l&#8217;ICOFOM est enthousiaste \u00e0 l&#8217;id\u00e9e d&#8217;aborder en priorit\u00e9 les th\u00e8mes cl\u00e9s de la d\u00e9finition et du plan strat\u00e9gique \u00e0 travers le prisme de la mus\u00e9ologie &#8211; notamment la diversit\u00e9, le changement climatique, l&#8217;avenir num\u00e9rique et la d\u00e9colonisation. En outre, nous poursuivrons pleinement notre engagement en faveur de l&#8217;inclusion dans le d\u00e9bat acad\u00e9mique en donnant la priorit\u00e9 \u00e0 la participation communautaire et au r\u00f4le des jeunes dans l&#8217;avenir des mus\u00e9es. Gr\u00e2ce \u00e0 nos solides affiliations universitaires et professionnelles dans le monde entier, ces sujets seront d\u00e9battus dans diverses r\u00e9gions par le biais de conf\u00e9rences, de r\u00e9unions et de publications. Tirant les le\u00e7ons des r\u00e9cents d\u00e9veloppements technologiques, nous chercherons \u00e9galement \u00e0 rendre nos forums acad\u00e9miques aussi hybrides et ouverts \u00e0 la participation que possible.\u00a0<\/span><\/p>\n<p><span style=\"font-weight: 400\">Les bases th\u00e9oriques de la mus\u00e9ologie ont \u00e9t\u00e9 explor\u00e9es \u00e0 travers les publications de l&#8217;ICOFOM depuis sa cr\u00e9ation en 1977 et sont largement disponibles sur notre site internet, notamment la revue ICOFOM Study Series ainsi que notre s\u00e9rie de monographies. Au cours de ce mandat, nous allons poursuivre cette trajectoire en collaboration avec nos sous-comit\u00e9s ICOFOM ASPAC et ICOFOM LAC\u00a0; plusieurs discussions stimulantes sur des questions critiques en mus\u00e9ologie sont d\u00e9j\u00e0 pr\u00e9vues et seront annonc\u00e9es sur nos r\u00e9seaux sociaux.<\/span><\/p>\n<p><span style=\"font-weight: 400\">La conf\u00e9rence g\u00e9n\u00e9rale de l&#8217;ICOM qui se tiendra \u00e0 Duba\u00ef en 2025 verra l&#8217;ICOFOM c\u00e9l\u00e9brer son 48e anniversaire. En tant que pr\u00e9sidente, je m&#8217;engage au cours des trois prochaines ann\u00e9es \u00e0 m&#8217;assurer que nous aurons atteint nos objectifs communs et que le croisement d&#8217;une pluralit\u00e9 de voix aura \u00e9t\u00e9 rendu possible gr\u00e2ce \u00e0 notre plateforme de plus en plus inclusive pour la mus\u00e9ologie. Aux chercheur\u00b7se\u00b7s en mus\u00e9ologie, quelle que soit l&#8217;\u00e9tape de votre carri\u00e8re : nous accueillons vos id\u00e9es et sommes impatient\u00b7e\u00b7s de d\u00e9couvrir vos recherches th\u00e9oriques et pratiques !<\/span><\/p>\n<p>&nbsp;<\/p>\n<p><span style=\"font-weight: 400\">Professeure Karen Brown<\/span><\/p>\n<p><span style=\"font-weight: 400\">Pr\u00e9sidente de l&#8217;ICOFOM 2022-2025<\/span><\/p>\n<\/div>\n<\/div>\n<\/div>\n<p><!-- END: Content of extension \"hpo_relatedlink\", plugin \"tx_hporelatedlink_pi1\" --><\/p>\n<\/div>\n<p><!-- CONTENT ELEMENT, uid:3622\/textpic [end] --> <!--TYPO3SEARCH_end--><\/p>\n<\/div>\n","protected":false},"excerpt":{"rendered":"<p>La 26e conf\u00e9rence g\u00e9n\u00e9rale de l&#8217;ICOM qui s&#8217;est tenue \u00e0 Prague en 2022 a \u00e9t\u00e9 un moment d\u00e9cisif pour l&#8217;ONG et notre groupe consacr\u00e9e \u00e0 la mus\u00e9ologie, l&#8217;ICOFOM. La nouvelle d\u00e9finition des mus\u00e9es de l&#8217;ICOM marque \u00e0 la fois un engagement des professionnel\u00b7le\u00b7s des mus\u00e9es du monde entier en faveur de la diversit\u00e9, de la [&hellip;]<\/p>\n","protected":false},"author":1,"featured_media":0,"parent":141,"menu_order":1,"comment_status":"closed","ping_status":"closed","template":"","meta":{"footnotes":""},"yst_prominent_words":[78,460,1194,186],"acf":[],"_links":{"self":[{"href":"https:\/\/icofom.mini.icom.museum\/fr\/wp-json\/wp\/v2\/pages\/180"}],"collection":[{"href":"https:\/\/icofom.mini.icom.museum\/fr\/wp-json\/wp\/v2\/pages"}],"about":[{"href":"https:\/\/icofom.mini.icom.museum\/fr\/wp-json\/wp\/v2\/types\/page"}],"author":[{"embeddable":true,"href":"https:\/\/icofom.mini.icom.museum\/fr\/wp-json\/wp\/v2\/users\/1"}],"replies":[{"embeddable":true,"href":"https:\/\/icofom.mini.icom.museum\/fr\/wp-json\/wp\/v2\/comments?post=180"}],"version-history":[{"count":6,"href":"https:\/\/icofom.mini.icom.museum\/fr\/wp-json\/wp\/v2\/pages\/180\/revisions"}],"predecessor-version":[{"id":8503,"href":"https:\/\/icofom.mini.icom.museum\/fr\/wp-json\/wp\/v2\/pages\/180\/revisions\/8503"}],"up":[{"embeddable":true,"href":"https:\/\/icofom.mini.icom.museum\/fr\/wp-json\/wp\/v2\/pages\/141"}],"wp:attachment":[{"href":"https:\/\/icofom.mini.icom.museum\/fr\/wp-json\/wp\/v2\/media?parent=180"}],"wp:term":[{"taxonomy":"yst_prominent_words","embeddable":true,"href":"https:\/\/icofom.mini.icom.museum\/fr\/wp-json\/wp\/v2\/yst_prominent_words?post=180"}],"curies":[{"name":"wp","href":"https:\/\/api.w.org\/{rel}","templated":true}]}}