{"id":1842,"date":"2018-12-28T12:39:50","date_gmt":"2018-12-28T12:39:50","guid":{"rendered":"http:\/\/icofom.icom.cust.oxymium.net\/meetings\/conferences-anterieures\/symposium-annuel-de-licofom-2013\/"},"modified":"2018-12-28T12:41:39","modified_gmt":"2018-12-28T12:41:39","slug":"symposium-annuel-de-licofom-2013","status":"publish","type":"page","link":"https:\/\/icofom.mini.icom.museum\/fr\/conferences\/symposium-annuel-de-licofom-2013\/","title":{"rendered":"SYMPOSIUM ANNUEL DE L&#8217;ICOFOM 2013"},"content":{"rendered":"<div id=\"RTE_CONTENT\"> <!--TYPO3SEARCH_begin--> \t<!--  CONTENT ELEMENT, uid:11839\/textpic [begin] --> \t\t<\/p>\n<div id=\"c11839\"> \t\t<!--  Header: [begin] --> \t\t\t<\/p>\n<h2>SYMPOSIUM ANNUEL DE L&#8217;ICOFOM, 2013, Rio de Janeiro, Br\u00e9sil<\/h2>\n<p> \t\t<!--  Header: [end] --> \t\t\t \t\t<!--  Image block: [begin] --> \t\t\t<\/p>\n<div> \t\t<!--  Text: [begin] --> \t\t\t<\/p>\n<p><a href=\"http:\/\/icofom.mini.icom.museum\/wp-content\/uploads\/sites\/18\/2018\/12\/ICOFOM_FINAL_programme_Rio_2013.doc\" title=\"TEXT, ICOFOM Rio 2013 draft program, ICOFOM_Rio_2013_draft_program.docx, 80 KB\"><b>Draft program <br \/><\/b><\/a> <\/p>\n<p><b><a href=\"http:\/\/icofom.mini.icom.museum\/wp-content\/uploads\/sites\/18\/2018\/12\/2013_Topic.docx\" title=\"TEXT, 2013 Topic, 2013_Topic.docx, 142 KB\">Our topic <\/a><\/b> <\/p>\n<p><a href=\"http:\/\/icofom.mini.icom.museum\/wp-content\/uploads\/sites\/18\/2018\/12\/LAM_ACTIVITY_REPORT_Trienio_2011-13.pdf\" title=\"TEXT, LAM ACTIVITY REPORT Trienio 2011-13, LAM_ACTIVITY_REPORT_Trienio_2011-13.pdf, 1.0 MB\">ICOFOM LAM Triennial Report<\/a> <\/p>\n<p><a href=\"http:\/\/icofom.mini.icom.museum\/wp-content\/uploads\/sites\/18\/2018\/12\/ASPAC_Report_2011_-_2013.docx\" title=\"TEXT, ASPAC Report 2011 - 2013, ASPAC_Report_2011_-_2013.docx, 22 KB\">ICOFOM ASPAC Triennial Report<\/a> <\/p>\n<p><b><a href=\"\/icofom\/conferences\/conferences-anterieures\/symposium-annuel-de-licofom-2013\/hommage-a-lygia-martins-costa\/L\/2\/\" title=\"Opens internal link in current window\">Tribute to Lygia Martins Costa<\/a><\/b> <\/p>\n<p><b><a href=\"\/icofom\/conferences\/conferences-anterieures\/symposium-annuel-de-licofom-2013\/gallery\/L\/2\/\" title=\"Opens internal link in current window\">Gallery<\/a><\/b> <\/p>\n<p>\u00a0<\/p>\n<p>\u00a0<\/p>\n<p> \t\t<!--  Text: [end] --> \t\t\t<\/div>\n<p> \t\t<!--  Image block: [end] --> \t\t\t   \t<!--  \t\tBEGIN: Content of extension \"hpo_relatedlink\", plugin \"tx_hporelatedlink_pi1\"  \t--> \t<\/p>\n<div> \t\t \t<\/div>\n<p> \t \t<!-- END: Content of extension \"hpo_relatedlink\", plugin \"tx_hporelatedlink_pi1\" -->  \t<\/div>\n<p> \t<!--  CONTENT ELEMENT, uid:11839\/textpic [end] --> \t\t \t<!--  CONTENT ELEMENT, uid:11842\/media [begin] --> \t\t<\/p>\n<div id=\"c11842\"> \t\t<!--  Header: [begin] --> \t\t\t<\/p>\n<h1>Ann Davis sur l&#8217;importance de l&#8217;ICOFOM \u00e0 l&#8217;Am\u00e9rique Latine<\/h1>\n<p> \t\t<!--  Header: [end] --> \t\t\t \t\t<!--  Media element: [begin] --> \t\t\t<\/p>\n<div id=\"mmswf5c2552e2a0e33\"><\/div>\n<p> \t\t<!--  Media element: [end] --> \t\t\t<\/div>\n<p> \t<!--  CONTENT ELEMENT, uid:11842\/media [end] --> \t\t \t<!--  CONTENT ELEMENT, uid:11843\/media [begin] --> \t\t<\/p>\n<div id=\"c11843\"> \t\t<!--  Header: [begin] --> \t\t\t<\/p>\n<h1>Bruno Brulon Soares sur le th\u00e8me de l&#8217;ICOFOM pour 2013<\/h1>\n<p> \t\t<!--  Header: [end] --> \t\t\t \t\t<!--  Media element: [begin] --> \t\t\t<\/p>\n<div id=\"mmswf5c2552e2a1ddc\"><\/div>\n<p> \t\t<!--  Media element: [end] --> \t\t\t<\/div>\n<p> \t<!--  CONTENT ELEMENT, uid:11843\/media [end] --> \t\t<!--TYPO3SEARCH_end--> <\/div>\n","protected":false},"excerpt":{"rendered":"<p>SYMPOSIUM ANNUEL DE L&#8217;ICOFOM, 2013, Rio de Janeiro, Br\u00e9sil Draft program Our topic ICOFOM LAM Triennial Report ICOFOM ASPAC Triennial Report Tribute to Lygia Martins Costa Gallery \u00a0 \u00a0 Ann Davis sur l&#8217;importance de l&#8217;ICOFOM \u00e0 l&#8217;Am\u00e9rique Latine Bruno Brulon Soares sur le th\u00e8me de l&#8217;ICOFOM pour 2013<\/p>\n","protected":false},"author":1,"featured_media":0,"parent":150,"menu_order":6,"comment_status":"closed","ping_status":"closed","template":"","meta":{"footnotes":""},"yst_prominent_words":[],"acf":[],"_links":{"self":[{"href":"https:\/\/icofom.mini.icom.museum\/fr\/wp-json\/wp\/v2\/pages\/1842"}],"collection":[{"href":"https:\/\/icofom.mini.icom.museum\/fr\/wp-json\/wp\/v2\/pages"}],"about":[{"href":"https:\/\/icofom.mini.icom.museum\/fr\/wp-json\/wp\/v2\/types\/page"}],"author":[{"embeddable":true,"href":"https:\/\/icofom.mini.icom.museum\/fr\/wp-json\/wp\/v2\/users\/1"}],"replies":[{"embeddable":true,"href":"https:\/\/icofom.mini.icom.museum\/fr\/wp-json\/wp\/v2\/comments?post=1842"}],"version-history":[{"count":1,"href":"https:\/\/icofom.mini.icom.museum\/fr\/wp-json\/wp\/v2\/pages\/1842\/revisions"}],"predecessor-version":[{"id":2113,"href":"https:\/\/icofom.mini.icom.museum\/fr\/wp-json\/wp\/v2\/pages\/1842\/revisions\/2113"}],"up":[{"embeddable":true,"href":"https:\/\/icofom.mini.icom.museum\/fr\/wp-json\/wp\/v2\/pages\/150"}],"wp:attachment":[{"href":"https:\/\/icofom.mini.icom.museum\/fr\/wp-json\/wp\/v2\/media?parent=1842"}],"wp:term":[{"taxonomy":"yst_prominent_words","embeddable":true,"href":"https:\/\/icofom.mini.icom.museum\/fr\/wp-json\/wp\/v2\/yst_prominent_words?post=1842"}],"curies":[{"name":"wp","href":"https:\/\/api.w.org\/{rel}","templated":true}]}}