{"id":225,"date":"2018-12-28T12:33:25","date_gmt":"2018-12-28T12:33:25","guid":{"rendered":"http:\/\/icofom.icom.cust.oxymium.net\/who-we-are\/sous-comites\/"},"modified":"2020-12-03T20:38:09","modified_gmt":"2020-12-03T20:38:09","slug":"sous-comites","status":"publish","type":"page","link":"https:\/\/icofom.mini.icom.museum\/fr\/sous-comites\/sous-comites\/","title":{"rendered":"ICOFOM LAC et ICOFOM ASPAC"},"content":{"rendered":"<div id=\"RTE_CONTENT\">\n<p><!--TYPO3SEARCH_begin--> <!-- CONTENT ELEMENT, uid:3812\/text [begin] --><\/p>\n<div id=\"c3812\">\n<p><!-- Header: [begin] --><\/p>\n<h2>SOUS-COMIT\u00c9S R\u00c9GIONAUX DE L&#8217;ICOFOM \/ ICOFOM LAC<\/h2>\n<p><!-- Header: [end] --> <!-- Text: [begin] --><\/p>\n<p>D\u00fb \u00e0 la r\u00e9gionalisation des politiques internationales \u00e9tablies dans le Programme Triennal de l\u2019ICOM (1989-1992), Nelly Decarolis (Argentine) et Tereza Scheiner (Br\u00e9sil), ont \u00e9t\u00e9 convoqu\u00e9es dans le but de cr\u00e9er un Groupe R\u00e9gional Latino-am\u00e9ricain affili\u00e9 \u00e0 l\u2019ICOFOM, donnant ainsi naissance \u00e0 l\u2019ICOFOM LAC.<\/p>\n<p>D\u00e8s le d\u00e9but, les objectifs de l\u2019ICOFOM LAC ont \u00e9t\u00e9 de promouvoir et de documenter le travail de recherche de la th\u00e9orie mus\u00e9ologique en Am\u00e9rique Latine et les Cara\u00efbes, permettant ainsi une plus grande participation de nos membres aux moyens des discussions, de publications et d\u2019\u00e9change professionnel. Le centre de son activit\u00e9 a toujours \u00e9t\u00e9 la production de documents sur la th\u00e9orie mus\u00e9ologique dans les langues principales de la r\u00e9gion: l\u2019espagnol et le portugais.<\/p>\n<p>Cette premi\u00e8re proposition, esquiss\u00e9e en 1989 au cours de la 15i\u00e8me Conf\u00e9rence G\u00e9n\u00e9rale de l\u2019ICOM, qui a eu lieu \u00e0 La Haye, en Hollande, est devenue une r\u00e9alit\u00e9 gr\u00e2ce \u00e0 l\u2019aide volontaire des travailleurs des mus\u00e9es latino-am\u00e9ricains.<\/p>\n<p>Entre 1992 et 2009, l\u2019ICOFOM LAC a produit dix-sept R\u00e9unions Annuelles et un Atelier de Travail International en diff\u00e9rents pays de la r\u00e9gion ce qui prouve l\u2019int\u00e9r\u00eat de ces membres.<\/p>\n<ul>\n<li>Mus\u00e9es, Soci\u00e9t\u00e9 et Ambiance \u2013 Buenos Aires, Argentine, avril 1992. En m\u00eame temps que la R\u00e9union du Comit\u00e9 Ex\u00e9cutif de l\u2019ICOM et le S\u00e9minaire International effectu\u00e9 par le Comit\u00e9 Argentin de l\u2019ICOM.<\/li>\n<li>Mus\u00e9ologie, Mus\u00e9es, Espace et Pouvoir en Am\u00e9rique Latine et le Cara\u00efbe \u2013 Quito, \u00c9quateur, juillet 1993. On a r\u00e9alis\u00e9 une Rencontre Nationale, sur le m\u00eame th\u00e8me \u00e0 la Province de Mendoza, Argentine, ao\u00fbt 1994.<\/li>\n<li>Mus\u00e9ologie, \u00c9ducation et Action Communautaire \u2013 Cuenca, \u00c9quateur, octobre 1994. En m\u00eame temps que la R\u00e9union Annuelle de CECA et comme pr\u00e9paration pour les R\u00e9unions de Beijing, Chine et Stavanger, Norv\u00e8ge.<\/li>\n<li>Patrimoine, Mus\u00e9es et Tourisme en Am\u00e9rique Latine et le Cara\u00efbe \u2013 Baquisimeto, V\u00e9n\u00e9zu\u00e9la, avril 1995. Au cours d\u2019un S\u00e9minaire International sur le m\u00eame th\u00e8me organis\u00e9 par le Comit\u00e9 National V\u00e9n\u00e9zu\u00e9lien de l\u2019ICOM.<\/li>\n<li>Mus\u00e9ologie et Art &#8211; Rio de Janeiro, Br\u00e9sil, mai 1998, en co\u00efncidence avec la R\u00e9union Annuelle de l\u2019ICOFOM sur le m\u00eame th\u00e8me.<\/li>\n<li>Mus\u00e9ologie et M\u00e9moire \u2013 Paris, Grenoble et Annecy, France, juin\/juillet 1997.<\/li>\n<li>Mus\u00e9es, Mus\u00e9ologie et Diversit\u00e9 Culturelle &#8211; Xochimilco, Mexique, juin 1998, en simultan\u00e9it\u00e9 avec le Premier Colloque International de Mus\u00e9ologie du Mexique.<\/li>\n<li>Mus\u00e9ologie et Philosophie \u2013 Coro, V\u00e9n\u00e9zu\u00e9la, novembre\/d\u00e9cembre 1999, en co\u00efncidence avec la R\u00e9union Annuelle de l\u2019ICOFOM sur le m\u00eame th\u00e8me.<\/li>\n<li>Mus\u00e9ologie et D\u00e9veloppement Durable \u2013 Santa Cruz, Rio de Janeiro, Br\u00e9sil, mai 1000. En m\u00eame temps que la R\u00e9union Annuelle du MINOM.<\/li>\n<li>Mus\u00e9ologie et Patrimoine Intangible \u2013 Montevideo, Uruguay, d\u00e9cembre 2001.<\/li>\n<li>Mus\u00e9ologie et Pr\u00e9sentation, original \/ r\u00e9elle ou virtuelle \u2013 Cuenca et \u00celes Galapagos, \u00c9quateur, octobre 2002, en co\u00efncidence avec la R\u00e9union Annuelle de l\u2019ICOFOM sur le m\u00eame th\u00e8me.<\/li>\n<li>Mus\u00e9ologie et Patrimoine R\u00e9gional \u2013 Salvador, Bahia, Br\u00e9sil, d\u00e9cembre 2003.<\/li>\n<li>Mus\u00e9ologie et Patrimoine Intangible: une vision int\u00e9grale &#8211; La Antigua Guatemala, Guatemala, d\u00e9cembre 2004.<\/li>\n<li>Mus\u00e9ologie, Interpr\u00e9tation et Communication &#8211; Lima, Cusco, P\u00e9rou, octobre 2005.Mus\u00e9ologie et Histoire \u2013 Cordoba, Alta Gracia, Argentina, octobre 2006.<\/li>\n<li>Mus\u00e9ologie et Techniques \u2013 Participation dans le Symposium de l\u2019ICOFOM pendant la Conf\u00e9rence G\u00e9n\u00e9ral de l\u2019ICOM \u00e0 Vi\u00e8nne, Autriche, ao\u00fbt 2007.<\/li>\n<li>Atelier de travail sur Mus\u00e9ologie: un Champ Disciplinaire, r\u00e9alis\u00e9 \u00e0 l\u2019Universit\u00e9 de Rio de Janeiro (UNIRIO), Br\u00e9sil, mars 2008.<\/li>\n<li>La Mus\u00e9ologie et le mus\u00e9e int\u00e9gral sur la sc\u00e8ne de l\u2019Am\u00e9rique Latine et le Cara\u00efbe &#8211; Santiago de Chile, octobre 2009.<\/li>\n<\/ul>\n<\/div>\n<div id=\"c3821\">\n<div>\n<div>\n<ul>\n<li><img decoding=\"async\" src=\"https:\/\/icofom.mini.icom.museum\/wp-content\/uploads\/sites\/18\/2018\/12\/1d91c260a1.jpg\" alt=\"\" \/><\/li>\n<li><img decoding=\"async\" src=\"https:\/\/icofom.mini.icom.museum\/wp-content\/uploads\/sites\/18\/2018\/12\/2ee41d1fe2.jpg\" alt=\"\" \/><\/li>\n<\/ul>\n<\/div>\n<\/div>\n<div><!-- --><\/div>\n<p><!-- Image block: [end] --> <!-- BEGIN: Content of extension \"hpo_relatedlink\", plugin \"tx_hporelatedlink_pi1\" --><\/p>\n<div><\/div>\n<p><!-- END: Content of extension \"hpo_relatedlink\", plugin \"tx_hporelatedlink_pi1\" --><\/p>\n<\/div>\n<p><!-- CONTENT ELEMENT, uid:3821\/image [end] --> <!-- CONTENT ELEMENT, uid:3815\/text [begin] --><\/p>\n<div id=\"c3815\">\n<p><!-- Header: [begin] --><\/p>\n<h2>SOUS-COMIT\u00c9 SIBERIEN DE L&#8217;COFOM \/ ICOFOM SIB<\/h2>\n<p><!-- Header: [end] --> <!-- Text: [begin] --><\/p>\n<p>QU&#8217;EST-CE QUE L&#8217;ICOFOM ASPAC?<\/p>\n<p>L&#8217;ICOFOM ASPAC, d&#8217;abbord appel\u00e9 ICOFOM SIBERIA,\u00a0est une Organisation R\u00e9gionale qui d\u00e9pend du Comit\u00e9 International pour la Mus\u00e9ologie, cr\u00e9e par Olga Truevtseva (D\u00e9partement d&#8217;Histoire et de Mus\u00e9ologie, Universit\u00e9 P\u00e9dagogique de l&#8217;\u00c9tat de Barnaul) au cours de la R\u00e9union Annuelle de l&#8217;ICOFOM sur La mus\u00e9ologie: instrument pour l&#8217;unit\u00e9 et la diversit\u00e9, qui a eu lieu dans les villes de Krasnoyarsk, Belokurikha et Barnaul, en Sib\u00e9rie, Russie, en septembre 2003.<\/p>\n<p>La 4e R\u00e9union Annuelle de l&#8217;ICOFOM SIB\u00c9RIE eu lieu \u00e0 Novosibirsk, capitale de la Sib\u00e9rie, au mois de septembre 2008, sur le th\u00e8me Les mus\u00e9es dans un monde en changement. La r\u00e9union fut organis\u00e9e par l&#8217;Universit\u00e9 de Barnaul, en collaboration avec le Conseil Scientifique des Mus\u00e9es de la Sib\u00e9rie, le Comit\u00e9 International pour la Mus\u00e9ologie et le D\u00e9partement Autonome de Culture et d&#8217;Art de Okrug, Khanty-Mansiisk.<\/p>\n<p>Le programme comprenait aussi une conf\u00e9rence internationale et la pr\u00e9sentation du Projet de Transition de M. le Dr. Vinos Sofka, Pr\u00e9sident Honoraire de l&#8217;ICOFOM.<\/p>\n<p><a title=\"ICOFOMBarnaulApril2015_150503docx.docx (6.8 MB)\" href=\"http:\/\/icofom.mini.icom.museum\/wp-content\/uploads\/sites\/18\/2018\/12\/ICOFOMBarnaulApril2015_150503docx.docx\">ICOFOM ASPAC Barnaul and Zmeinogorsk, 2015 Report<\/a><\/p>\n<p><a title=\"TEXT, Report, Report.docx, 15.4 KB\" href=\"http:\/\/icofom.mini.icom.museum\/wp-content\/uploads\/sites\/18\/2018\/12\/Report.docx\">ICOFOM ASPAC, Taiwan, 2014 Report<\/a><\/p>\n<p><a title=\"TEXT, ICOFOM SIB &amp; SAP Report 2011, ICOFOM SIB &amp; SAP Report 2011.doc, 72 KB\" href=\"https:\/\/drive.google.com\/open?id=10LIj3SVrMw333Ztgeo7aqHWsFSPgdIbN\">ICOFOM SIB &amp; SAP Report 2011<\/a><\/p>\n<p>Publications:<\/p>\n<p><a title=\"TEXT, sbornik muzei A4 10, sbornik_muzei_A4_10.pdf, 1.6 MB\" href=\"http:\/\/icofom.mini.icom.museum\/wp-content\/uploads\/sites\/18\/2018\/12\/sbornik_muzei_A4_10.pdf\">Museums and ethnocultural tourism (2010)<\/a><\/p>\n<p><a title=\"heritage_asia.pdf (16.3 MB)\" href=\"http:\/\/icofom.mini.icom.museum\/wp-content\/uploads\/sites\/18\/2018\/12\/heritage_asia.pdf\">Cultural\u00a0Heritage in Asian Countries\u00a0(2015)<\/a><\/p>\n<p><!-- END: Content of extension \"hpo_relatedlink\", plugin \"tx_hporelatedlink_pi1\" --><\/p>\n<\/div>\n<p><!-- CONTENT ELEMENT, uid:3815\/text [end] --> <!--TYPO3SEARCH_end--><\/p>\n<\/div>\n","protected":false},"excerpt":{"rendered":"<p>SOUS-COMIT\u00c9S R\u00c9GIONAUX DE L&#8217;ICOFOM \/ ICOFOM LAC D\u00fb \u00e0 la r\u00e9gionalisation des politiques internationales \u00e9tablies dans le Programme Triennal de l\u2019ICOM (1989-1992), Nelly Decarolis (Argentine) et Tereza Scheiner (Br\u00e9sil), ont \u00e9t\u00e9 convoqu\u00e9es dans le but de cr\u00e9er un Groupe R\u00e9gional Latino-am\u00e9ricain affili\u00e9 \u00e0 l\u2019ICOFOM, donnant ainsi naissance \u00e0 l\u2019ICOFOM LAC. D\u00e8s le d\u00e9but, les objectifs [&hellip;]<\/p>\n","protected":false},"author":1,"featured_media":0,"parent":3251,"menu_order":2,"comment_status":"closed","ping_status":"closed","template":"","meta":{"footnotes":""},"yst_prominent_words":[2159,936,1401,1398,1397,1396,1399,1395,1393,1400,524,1391,1388,1417,1394,1403,2107,2109,1402,1392,1389,1404,1390],"acf":[],"_links":{"self":[{"href":"https:\/\/icofom.mini.icom.museum\/fr\/wp-json\/wp\/v2\/pages\/225"}],"collection":[{"href":"https:\/\/icofom.mini.icom.museum\/fr\/wp-json\/wp\/v2\/pages"}],"about":[{"href":"https:\/\/icofom.mini.icom.museum\/fr\/wp-json\/wp\/v2\/types\/page"}],"author":[{"embeddable":true,"href":"https:\/\/icofom.mini.icom.museum\/fr\/wp-json\/wp\/v2\/users\/1"}],"replies":[{"embeddable":true,"href":"https:\/\/icofom.mini.icom.museum\/fr\/wp-json\/wp\/v2\/comments?post=225"}],"version-history":[{"count":7,"href":"https:\/\/icofom.mini.icom.museum\/fr\/wp-json\/wp\/v2\/pages\/225\/revisions"}],"predecessor-version":[{"id":4380,"href":"https:\/\/icofom.mini.icom.museum\/fr\/wp-json\/wp\/v2\/pages\/225\/revisions\/4380"}],"up":[{"embeddable":true,"href":"https:\/\/icofom.mini.icom.museum\/fr\/wp-json\/wp\/v2\/pages\/3251"}],"wp:attachment":[{"href":"https:\/\/icofom.mini.icom.museum\/fr\/wp-json\/wp\/v2\/media?parent=225"}],"wp:term":[{"taxonomy":"yst_prominent_words","embeddable":true,"href":"https:\/\/icofom.mini.icom.museum\/fr\/wp-json\/wp\/v2\/yst_prominent_words?post=225"}],"curies":[{"name":"wp","href":"https:\/\/api.w.org\/{rel}","templated":true}]}}