{"id":2334,"date":"2019-10-09T12:38:49","date_gmt":"2019-10-09T12:38:49","guid":{"rendered":"http:\/\/icofom.mini.icom.museum\/?page_id=2334"},"modified":"2025-10-11T22:02:51","modified_gmt":"2025-10-11T20:02:51","slug":"materiaux-de-nos-colloques","status":"publish","type":"page","link":"https:\/\/icofom.mini.icom.museum\/fr\/publications\/materiaux-de-nos-colloques\/","title":{"rendered":"Mat\u00e9riaux de nos colloques"},"content":{"rendered":"<div id=\"c21702\" class=\"csc-default\">\n<div id=\"c21702\" class=\"csc-default\">Sur cette page, nous pr\u00e9sentons les publications Mat\u00e9riaux pour une discussion avec des documents de nos symposiums publi\u00e9s par l&#8217;ICOFOM.<\/div>\n<\/div>\n<p>Vous pouvez t\u00e9l\u00e9charger les fichiers s\u00e9par\u00e9ment en cliquant sur les pages de couverture. Si vous souhaitez t\u00e9l\u00e9charger toutes les monographies \u00e0 partir de google drive, veuillez cliquer <a href=\"https:\/\/drive.google.com\/drive\/folders\/18eSSklHdUZMgHpBTI3oLB9mXeb1E4Lle?usp=sharing\"><strong>sur ce lien<\/strong><\/a><strong>.<\/strong><\/p>\n<hr \/>\n<h2>2025:<\/h2>\n<h2>Imagining the Next Generation of Museum Professionals:<br \/>\nBridging Gaps, Breaking Barriers<\/h2>\n<h2>Imaginer la prochaine g\u00e9n\u00e9ration de professionnels des mus\u00e9es : Combler les foss\u00e9s, briser les barri\u00e8res<\/h2>\n<h2>Imaginando la pr\u00f3xima generaci\u00f3n de profesionales de museos: Salvando distancias, rompiendo barreras<\/h2>\n<h3>Symposium conjoint ICOFOM, ICTOP et COMCOL pour la 27e Conf\u00e9rence g\u00e9n\u00e9rale de l&#8217;ICOM, \u00ab L&#8217;avenir des mus\u00e9es dans des communaut\u00e9s en mutation rapide \u00bb et la 48e Assembl\u00e9e annuelle de l&#8217;ICOFOM Documents de discussion<\/h3>\n<p>Depuis des d\u00e9cennies, les membres du comit\u00e9 de l&#8217;ICOM sont \u00e0 la pointe de la formation th\u00e9orique et pratique des professionnels des mus\u00e9es. Avec plus de 250 programmes de master et de doctorat propos\u00e9s dans le monde entier, ainsi que des parcours alternatifs tels que des stages et des apprentissages, une question se pose : les programmes d&#8217;\u00e9tudes mus\u00e9ales actuels pr\u00e9parent-ils r\u00e9ellement les professionnels aux besoins en constante \u00e9volution des mus\u00e9es contemporains ?<\/p>\n<p>Cette collection de documents de travail rassemble, dans un esprit inclusif, toutes les contributions soumises pour le symposium sous forme de courts articles en vue de pr\u00e9parer le <a href=\"https:\/\/icofom.mini.icom.museum\/provisional-programme-icofom-ictop-and-comcol-symposium-27th-icom-general-conference-and-the-icofom-48th-annual-assembly\/\">symposium de l&#8217;ICOFOM.<\/a><\/p>\n<p><img decoding=\"async\" loading=\"lazy\" class=\"aligncenter  wp-image-8217\" src=\"https:\/\/icofom.mini.icom.museum\/wp-content\/uploads\/sites\/18\/2025\/10\/cover-materials-2025_Page_001-791x1024.jpg\" alt=\"\" width=\"448\" height=\"580\" srcset=\"https:\/\/icofom.mini.icom.museum\/wp-content\/uploads\/sites\/18\/2025\/10\/cover-materials-2025_Page_001-791x1024.jpg 791w, https:\/\/icofom.mini.icom.museum\/wp-content\/uploads\/sites\/18\/2025\/10\/cover-materials-2025_Page_001-232x300.jpg 232w, https:\/\/icofom.mini.icom.museum\/wp-content\/uploads\/sites\/18\/2025\/10\/cover-materials-2025_Page_001-768x994.jpg 768w, https:\/\/icofom.mini.icom.museum\/wp-content\/uploads\/sites\/18\/2025\/10\/cover-materials-2025_Page_001-1187x1536.jpg 1187w, https:\/\/icofom.mini.icom.museum\/wp-content\/uploads\/sites\/18\/2025\/10\/cover-materials-2025_Page_001-1583x2048.jpg 1583w, https:\/\/icofom.mini.icom.museum\/wp-content\/uploads\/sites\/18\/2025\/10\/cover-materials-2025_Page_001.jpg 1700w\" sizes=\"(max-width: 448px) 100vw, 448px\" \/><\/p>\n<h3 style=\"text-align: center\"><strong><a href=\"https:\/\/icofom.mini.icom.museum\/wp-content\/uploads\/sites\/18\/2025\/10\/2025-ICOFOM-Materials-for-Discussion_Final_3.pdf\" target=\"_blank\" rel=\"noopener\">Cliquez ici pour la publication compl\u00e8te<\/a><\/strong><\/h3>\n<hr \/>\n<h2>2024:<\/h2>\n<h2>Transnational Island Museologies<\/h2>\n<h2>Mus\u00e9ologies Insulaires Transnationales<\/h2>\n<h2>Museolog\u00edas Insulares Transnacionales<\/h2>\n<h3><img decoding=\"async\" loading=\"lazy\" class=\"aligncenter wp-image-7338\" src=\"https:\/\/icofom.mini.icom.museum\/wp-content\/uploads\/sites\/18\/2024\/04\/30-apr-cover-materials-2024-791x1024.jpg\" alt=\"\" width=\"399\" height=\"517\" srcset=\"https:\/\/icofom.mini.icom.museum\/wp-content\/uploads\/sites\/18\/2024\/04\/30-apr-cover-materials-2024-791x1024.jpg 791w, https:\/\/icofom.mini.icom.museum\/wp-content\/uploads\/sites\/18\/2024\/04\/30-apr-cover-materials-2024-232x300.jpg 232w, https:\/\/icofom.mini.icom.museum\/wp-content\/uploads\/sites\/18\/2024\/04\/30-apr-cover-materials-2024-768x994.jpg 768w, https:\/\/icofom.mini.icom.museum\/wp-content\/uploads\/sites\/18\/2024\/04\/30-apr-cover-materials-2024-1187x1536.jpg 1187w, https:\/\/icofom.mini.icom.museum\/wp-content\/uploads\/sites\/18\/2024\/04\/30-apr-cover-materials-2024-1583x2048.jpg 1583w, https:\/\/icofom.mini.icom.museum\/wp-content\/uploads\/sites\/18\/2024\/04\/30-apr-cover-materials-2024-scaled.jpg 1978w\" sizes=\"(max-width: 399px) 100vw, 399px\" \/><\/h3>\n<h3 style=\"text-align: center\"><a href=\"https:\/\/icofom.mini.icom.museum\/wp-content\/uploads\/sites\/18\/2024\/04\/ICOFOM-Materials-Layout-Final-1.pdf\">Cliquez ici pour la publication compl\u00e8te<\/a><\/h3>\n<hr \/>\n<h1><strong><em>2022<\/em><\/strong><\/h1>\n<h2>Taboos in Museology: Difficult issues for museum theory<\/h2>\n<h2>Remettre en question les silences : Confronter les tabous dans les mus\u00e9es et la museologie<\/h2>\n<h2>Desafiar los silencios: Enfrent\u00e1rse a los tab\u00faes en los museos y la museolog\u00eda<\/h2>\n<p><img decoding=\"async\" loading=\"lazy\" class=\"aligncenter wp-image-7252\" src=\"https:\/\/icofom.mini.icom.museum\/wp-content\/uploads\/sites\/18\/2024\/03\/portada-materials-taboos-712x1024.jpg\" alt=\"\" width=\"383\" height=\"550\" srcset=\"https:\/\/icofom.mini.icom.museum\/wp-content\/uploads\/sites\/18\/2024\/03\/portada-materials-taboos-712x1024.jpg 712w, https:\/\/icofom.mini.icom.museum\/wp-content\/uploads\/sites\/18\/2024\/03\/portada-materials-taboos-209x300.jpg 209w, https:\/\/icofom.mini.icom.museum\/wp-content\/uploads\/sites\/18\/2024\/03\/portada-materials-taboos-768x1104.jpg 768w, https:\/\/icofom.mini.icom.museum\/wp-content\/uploads\/sites\/18\/2024\/03\/portada-materials-taboos-1068x1536.jpg 1068w, https:\/\/icofom.mini.icom.museum\/wp-content\/uploads\/sites\/18\/2024\/03\/portada-materials-taboos-1425x2048.jpg 1425w, https:\/\/icofom.mini.icom.museum\/wp-content\/uploads\/sites\/18\/2024\/03\/portada-materials-taboos-scaled.jpg 1781w\" sizes=\"(max-width: 383px) 100vw, 383px\" \/><\/p>\n<p>&nbsp;<\/p>\n<h3><a href=\"https:\/\/icofom.mini.icom.museum\/wp-content\/uploads\/sites\/18\/2024\/03\/2022_taboos_in_museology.pdf\" target=\"_blank\" rel=\"noopener\">Cliquez ici pour la publication compl\u00e8te<\/a><\/h3>\n<p>&nbsp;<\/p>\n<hr \/>\n<h1><strong><em>2021<\/em><\/strong><\/h1>\n<h2>Decolonising Museology, Volume 2:\u00a0Museums, Mixing, and Myths\u00a0of Origin<\/h2>\n<h2>D\u00e9coloniser la Mus\u00e9ologie,Volume\u00a02:\u00a0Mus\u00e9es, M\u00e9tissages\u00a0et Mythes d\u2019Origine<\/h2>\n<h2>Descolonizando la Museolog\u00eda, Volumen 2: Museos, Mestizajes y\u00a0Mitos de Origen<\/h2>\n<p>&nbsp;<\/p>\n<p><a href=\"https:\/\/icofom.mini.icom.museum\/wp-content\/uploads\/sites\/18\/2022\/03\/2021_icofom_decoloniser_museologie.pdf\" target=\"_blank\" rel=\"noopener\"><img decoding=\"async\" class=\"alignnone wp-image-5033\" src=\"https:\/\/icofom.mini.icom.museum\/wp-content\/uploads\/sites\/18\/2022\/03\/cover_decol_2.png\" alt=\"\" width=\"440\" \/><\/a><\/p>\n<h3><a href=\"https:\/\/icofom.mini.icom.museum\/wp-content\/uploads\/sites\/18\/2022\/03\/2021_icofom_decoloniser_museologie.pdf\" target=\"_blank\" rel=\"noopener\">Cliquez ici pour la publication compl\u00e8te<\/a><\/h3>\n<hr \/>\n<h1><strong><em>2019<\/em><\/strong><\/h1>\n<h2>What is the essence of Conservation?<\/h2>\n<p>&nbsp;<\/p>\n<p><a href=\"https:\/\/icofom.mini.icom.museum\/wp-content\/uploads\/sites\/18\/2022\/03\/2019_what_is_the_essence_of_conservation.pdf\" target=\"_blank\" rel=\"noopener\"><img decoding=\"async\" class=\"alignnone wp-image-5033\" src=\"https:\/\/icofom.mini.icom.museum\/wp-content\/uploads\/sites\/18\/2022\/03\/cover_conservation.png\" alt=\"\" width=\"440\" \/><\/a><\/p>\n<h3><a href=\"https:\/\/icofom.mini.icom.museum\/wp-content\/uploads\/sites\/18\/2022\/03\/2019_what_is_the_essence_of_conservation.pdf\" target=\"_blank\" rel=\"noopener\">Cliquez ici pour la publication compl\u00e8te<\/a><\/h3>\n<p>&nbsp;<\/p>\n<h2>The Future of Tradition in Museology<\/h2>\n<p>&nbsp;<\/p>\n<p><a href=\"https:\/\/icofom.mini.icom.museum\/wp-content\/uploads\/sites\/18\/2022\/03\/2019_the_future_of_tradition_in_museology.pdf\" target=\"_blank\" rel=\"noopener\"><img decoding=\"async\" class=\"alignnone wp-image-5033\" src=\"https:\/\/icofom.mini.icom.museum\/wp-content\/uploads\/sites\/18\/2022\/03\/cover_future_of_tradition.png\" alt=\"\" width=\"440\" \/><\/a><\/p>\n<h3><a href=\"https:\/\/icofom.mini.icom.museum\/wp-content\/uploads\/sites\/18\/2022\/03\/2019_the_future_of_tradition_in_museology.pdf\" target=\"_blank\" rel=\"noopener\">Cliquez ici pour la publication compl\u00e8te<\/a><\/h3>\n<div id=\"c21700\" class=\"csc-default\">\n<div class=\"csc-textpic csc-textpic-intext-right\">\n<div class=\"csc-textpic-text\">\n<h3 class=\"bodytext\"><\/h3>\n<\/div>\n<hr \/>\n<div>\n<h1><strong><em>2018<\/em><\/strong><\/h1>\n<\/div>\n<h2>Museology and the Sacred<\/h2>\n<p>&nbsp;<\/p>\n<p><a href=\"https:\/\/icofom.mini.icom.museum\/wp-content\/uploads\/sites\/18\/2022\/03\/2018_museology_and_the_sacred_discussion.pdf\" target=\"_blank\" rel=\"noopener\"><img decoding=\"async\" class=\"alignnone wp-image-5033\" src=\"https:\/\/icofom.mini.icom.museum\/wp-content\/uploads\/sites\/18\/2022\/03\/cover_sacred.png\" alt=\"\" width=\"440\" \/><\/a><\/p>\n<h3><a href=\"https:\/\/icofom.mini.icom.museum\/wp-content\/uploads\/sites\/18\/2022\/03\/2018_museology_and_the_sacred_discussion.pdf\" target=\"_blank\" rel=\"noopener\">Cliquez ici pour la publication compl\u00e8te<\/a><\/h3>\n<div id=\"c21700\" class=\"csc-default\">\n<div class=\"csc-textpic csc-textpic-intext-right\">\n<div class=\"csc-textpic-text\">\n<h3 class=\"bodytext\"><\/h3>\n<\/div>\n<\/div>\n<div class=\"csc-textpic-clear\">\n<p>_____<\/p>\n<h2>Des lieux pour penser : mus\u00e9es, biblioth\u00e8ques, th\u00e9\u00e2tres<\/h2>\n<p>&nbsp;<\/p>\n<p><a href=\"https:\/\/icofom.mini.icom.museum\/wp-content\/uploads\/sites\/18\/2022\/03\/2018_des_lieux_pour_penser_musees_bibliotheques_theatres.pdf\" target=\"_blank\" rel=\"noopener\"><img decoding=\"async\" class=\"alignnone wp-image-5033\" src=\"https:\/\/icofom.mini.icom.museum\/wp-content\/uploads\/sites\/18\/2022\/03\/cover_lieux.png\" alt=\"\" width=\"440\" \/><\/a><\/p>\n<h3><a href=\"https:\/\/icofom.mini.icom.museum\/wp-content\/uploads\/sites\/18\/2022\/03\/2018_des_lieux_pour_penser_musees_bibliotheques_theatres.pdf\" target=\"_blank\" rel=\"noopener\">Cliquez ici pour la publication compl\u00e8te<\/a><\/h3>\n<div id=\"c21700\" class=\"csc-default\">\n<div class=\"csc-textpic csc-textpic-intext-right\">\n<div class=\"csc-textpic-text\"><\/div>\n<\/div>\n<div class=\"csc-textpic-clear\">\n<h3 class=\"bodytext\"><\/h3>\n<hr \/>\n<h1><strong><em>2017<\/em><\/strong><\/h1>\n<h2>D\u00e9finir le mus\u00e9e du XXIe si\u00e8cle<\/h2>\n<p>&nbsp;<\/p>\n<p><a href=\"https:\/\/icofom.mini.icom.museum\/wp-content\/uploads\/sites\/18\/2022\/03\/2017_definir_le_musee_du_XXIe_siecle.pdf\" target=\"_blank\" rel=\"noopener\"><img decoding=\"async\" class=\"alignnone wp-image-5033\" src=\"https:\/\/icofom.mini.icom.museum\/wp-content\/uploads\/sites\/18\/2022\/03\/cover_definir.png\" alt=\"\" width=\"440\" \/><\/a><\/p>\n<h3><a href=\"https:\/\/icofom.mini.icom.museum\/wp-content\/uploads\/sites\/18\/2022\/03\/2017_definir_le_musee_du_XXIe_siecle.pdf\" target=\"_blank\" rel=\"noopener\">Cliquez ici pour la publication compl\u00e8te<\/a><\/h3>\n<div id=\"c21700\" class=\"csc-default\">\n<div class=\"csc-textpic csc-textpic-intext-right\">\n<div class=\"csc-textpic-text\"><\/div>\n<\/div>\n<div class=\"csc-textpic-clear\">\n<h3 class=\"bodytext\"><\/h3>\n<\/div>\n<\/div>\n<\/div>\n<\/div>\n<\/div>\n<\/div>\n<\/div>\n<\/div>\n","protected":false},"excerpt":{"rendered":"<p>Sur cette page, nous pr\u00e9sentons les publications Mat\u00e9riaux pour une discussion avec des documents de nos symposiums publi\u00e9s par l&#8217;ICOFOM. Vous pouvez t\u00e9l\u00e9charger les fichiers s\u00e9par\u00e9ment en cliquant sur les pages de couverture. Si vous souhaitez t\u00e9l\u00e9charger toutes les monographies \u00e0 partir de google drive, veuillez cliquer sur ce lien. 2025: Imagining the Next Generation [&hellip;]<\/p>\n","protected":false},"author":1,"featured_media":0,"parent":100,"menu_order":1,"comment_status":"closed","ping_status":"closed","template":"","meta":{"footnotes":""},"yst_prominent_words":[387,193,194,462,206,214,1475,491,164,1486,469,511],"acf":[],"_links":{"self":[{"href":"https:\/\/icofom.mini.icom.museum\/fr\/wp-json\/wp\/v2\/pages\/2334"}],"collection":[{"href":"https:\/\/icofom.mini.icom.museum\/fr\/wp-json\/wp\/v2\/pages"}],"about":[{"href":"https:\/\/icofom.mini.icom.museum\/fr\/wp-json\/wp\/v2\/types\/page"}],"author":[{"embeddable":true,"href":"https:\/\/icofom.mini.icom.museum\/fr\/wp-json\/wp\/v2\/users\/1"}],"replies":[{"embeddable":true,"href":"https:\/\/icofom.mini.icom.museum\/fr\/wp-json\/wp\/v2\/comments?post=2334"}],"version-history":[{"count":12,"href":"https:\/\/icofom.mini.icom.museum\/fr\/wp-json\/wp\/v2\/pages\/2334\/revisions"}],"predecessor-version":[{"id":8223,"href":"https:\/\/icofom.mini.icom.museum\/fr\/wp-json\/wp\/v2\/pages\/2334\/revisions\/8223"}],"up":[{"embeddable":true,"href":"https:\/\/icofom.mini.icom.museum\/fr\/wp-json\/wp\/v2\/pages\/100"}],"wp:attachment":[{"href":"https:\/\/icofom.mini.icom.museum\/fr\/wp-json\/wp\/v2\/media?parent=2334"}],"wp:term":[{"taxonomy":"yst_prominent_words","embeddable":true,"href":"https:\/\/icofom.mini.icom.museum\/fr\/wp-json\/wp\/v2\/yst_prominent_words?post=2334"}],"curies":[{"name":"wp","href":"https:\/\/api.w.org\/{rel}","templated":true}]}}