{"id":2508,"date":"2020-01-03T23:32:00","date_gmt":"2020-01-03T23:32:00","guid":{"rendered":"http:\/\/icofom.mini.icom.museum\/icofom-news-interviews\/"},"modified":"2020-06-02T21:03:55","modified_gmt":"2020-06-02T21:03:55","slug":"icofom-news-interviews","status":"publish","type":"page","link":"https:\/\/icofom.mini.icom.museum\/fr\/nouvelles-de-licofom\/icofom-news-interviews\/","title":{"rendered":"Nouvelles de l&#8217;interview de l&#8217;ICOFOM"},"content":{"rendered":"<h3>Fran\u00e7ois Mairesse sur la mus\u00e9ologie et la d\u00e9finition d&#8217;un mus\u00e9e<\/h3>\n<p><iframe loading=\"lazy\" width=\"500\" height=\"281\" src=\"https:\/\/www.youtube.com\/embed\/1sZYxOe0yUA?feature=oembed\" frameborder=\"0\" allow=\"accelerometer; autoplay; encrypted-media; gyroscope; picture-in-picture\" allowfullscreen><\/iframe><\/p>\n<hr \/>\n<h3>L&#8217;ancien pr\u00e9sident et actuel membre du conseil d&#8217;administration de l&#8217;ICOFOM Fran\u00e7ois Mairesse pr\u00e9sente la s\u00e9rie d&#8217;\u00e9tudes de l&#8217;ICOFOM dans une interview avec des M\u00e9tis en France.<\/h3>\n<p><iframe loading=\"lazy\" width=\"500\" height=\"281\" src=\"https:\/\/www.youtube.com\/embed\/meQMKLS_3TQ?feature=oembed\" frameborder=\"0\" allow=\"accelerometer; autoplay; encrypted-media; gyroscope; picture-in-picture\" allowfullscreen><\/iframe><\/p>\n<hr \/>\n<h3>Entrevues de podcast pour le symposium en ligne ICOFOM &amp; SNHU 2018<\/h3>\n<h4>D\u00e9finir le mus\u00e9e du 21e si\u00e8cle: l&#8217;\u00e9volution du multiculturalisme dans les mus\u00e9es aux \u00c9tats-Unis<\/h4>\n<p><iframe loading=\"lazy\" width=\"500\" height=\"450\" scrolling=\"no\" frameborder=\"no\" src=\"https:\/\/w.soundcloud.com\/player\/?visual=true&#038;url=https%3A%2F%2Fapi.soundcloud.com%2Fplaylists%2F583026603&#038;show_artwork=true&#038;maxwidth=500&#038;maxheight=750&#038;dnt=1\"><\/iframe><\/p>\n<p>&nbsp;<\/p>\n","protected":false},"excerpt":{"rendered":"<p>Fran\u00e7ois Mairesse sur la mus\u00e9ologie et la d\u00e9finition d&#8217;un mus\u00e9e L&#8217;ancien pr\u00e9sident et actuel membre du conseil d&#8217;administration de l&#8217;ICOFOM Fran\u00e7ois Mairesse pr\u00e9sente la s\u00e9rie d&#8217;\u00e9tudes de l&#8217;ICOFOM dans une interview avec des M\u00e9tis en France. Entrevues de podcast pour le symposium en ligne ICOFOM &amp; SNHU 2018 D\u00e9finir le mus\u00e9e du 21e si\u00e8cle: l&#8217;\u00e9volution [&hellip;]<\/p>\n","protected":false},"author":35,"featured_media":0,"parent":147,"menu_order":0,"comment_status":"closed","ping_status":"closed","template":"","meta":{"footnotes":""},"yst_prominent_words":[538,2101,528,87,2099,462,2558,2281,674,2097,359,2560,930],"acf":[],"_links":{"self":[{"href":"https:\/\/icofom.mini.icom.museum\/fr\/wp-json\/wp\/v2\/pages\/2508"}],"collection":[{"href":"https:\/\/icofom.mini.icom.museum\/fr\/wp-json\/wp\/v2\/pages"}],"about":[{"href":"https:\/\/icofom.mini.icom.museum\/fr\/wp-json\/wp\/v2\/types\/page"}],"author":[{"embeddable":true,"href":"https:\/\/icofom.mini.icom.museum\/fr\/wp-json\/wp\/v2\/users\/35"}],"replies":[{"embeddable":true,"href":"https:\/\/icofom.mini.icom.museum\/fr\/wp-json\/wp\/v2\/comments?post=2508"}],"version-history":[{"count":4,"href":"https:\/\/icofom.mini.icom.museum\/fr\/wp-json\/wp\/v2\/pages\/2508\/revisions"}],"predecessor-version":[{"id":3676,"href":"https:\/\/icofom.mini.icom.museum\/fr\/wp-json\/wp\/v2\/pages\/2508\/revisions\/3676"}],"up":[{"embeddable":true,"href":"https:\/\/icofom.mini.icom.museum\/fr\/wp-json\/wp\/v2\/pages\/147"}],"wp:attachment":[{"href":"https:\/\/icofom.mini.icom.museum\/fr\/wp-json\/wp\/v2\/media?parent=2508"}],"wp:term":[{"taxonomy":"yst_prominent_words","embeddable":true,"href":"https:\/\/icofom.mini.icom.museum\/fr\/wp-json\/wp\/v2\/yst_prominent_words?post=2508"}],"curies":[{"name":"wp","href":"https:\/\/api.w.org\/{rel}","templated":true}]}}