{"id":2592,"date":"2020-02-05T19:59:04","date_gmt":"2020-02-05T19:59:04","guid":{"rendered":"http:\/\/icofom.mini.icom.museum\/last-reports\/"},"modified":"2025-08-12T09:53:13","modified_gmt":"2025-08-12T07:53:13","slug":"last-reports","status":"publish","type":"page","link":"https:\/\/icofom.mini.icom.museum\/fr\/qui-sommes-nous\/last-reports\/","title":{"rendered":"Proc\u00e8s-verbaux et rapports"},"content":{"rendered":"<div id=\"c15558\" class=\"csc-default\">\n<h2>Assembl\u00e9e g\u00e9n\u00e9rale annuelle de l&#8217;ICOFOM, Saint Andrews, \u00c9cosse, 2024<\/h2>\n<p><a href=\"https:\/\/icofom.mini.icom.museum\/wp-content\/uploads\/sites\/18\/2025\/08\/2024-AGA-MINUTES.pdf\" target=\"_blank\" rel=\"noopener\">Minutes of the Board Meeting 2024<\/a><\/p>\n<h2><\/h2>\n<h2>Assembl\u00e9e g\u00e9n\u00e9rale annuelle de l&#8217;ICOFOM, en ligne, 2023<\/h2>\n<p><a href=\"https:\/\/icofom.mini.icom.museum\/wp-content\/uploads\/sites\/18\/2025\/08\/Minutes-AGA-2023.pdf\" target=\"_blank\" rel=\"noopener\">Minutes of the ICOFOM Board Meeting 2023<\/a><\/p>\n<h2><\/h2>\n<h2>Assembl\u00e9e g\u00e9n\u00e9rale annuelle de l&#8217;ICOFOM, en ligne, 2022<\/h2>\n<p><a href=\"https:\/\/icofom.mini.icom.museum\/fr\/museologies-insulaires-transnationales\/\">Minutes of the ICOFOM Board Meeting, 28 October 2022<\/a><\/p>\n<h2><\/h2>\n<h2>Assembl\u00e9e g\u00e9n\u00e9rale annuelle de l&#8217;ICOFOM, en ligne, 2020<\/h2>\n<p><a href=\"https:\/\/drive.google.com\/file\/d\/1dqRCKRAKcDc5-phRIhhpesCUWGl8ATfQ\/view?usp=sharing\" target=\"_blank\" rel=\"noopener\">Minutes of the ICOFOM Board Meeting, August 28, 2020<\/a><\/p>\n<h2><\/h2>\n<h2>Rapport du tr\u00e9sorier, 2020<\/h2>\n<\/div>\n<p><a href=\"https:\/\/icofom.mini.icom.museum\/wp-content\/uploads\/sites\/18\/2021\/03\/ICOFOM-Financial-report-2020.pdf\">\u00ab\u00a0Pr\u00e9sentation des comptes financiers de ICOFOM pour l\u2019ann\u00e9e 2020 (rapport financier transmis \u00e0 l\u2019ICOM en janvier 2021)\u00a0\u00bb<\/a><\/p>\n<p>&nbsp;<\/p>\n<div id=\"c15558\" class=\"csc-default\">\n<h2>R\u00e9union du conseil d&#8217;administration de l&#8217;ICOFOM, en ligne pendant le COVID-19, 2020<\/h2>\n<p><a href=\"https:\/\/drive.google.com\/file\/d\/1W7e430NMkHH1P21Z-ywtgJ6iors5GBkZ\/view?usp=sharing\" target=\"_blank\" rel=\"noopener\">Minutes of the ICOFOM Board Meeting, July 20, 2020<\/a><\/p>\n<\/div>\n<h2><\/h2>\n<h2>Rapport du tr\u00e9sorier, 2019<\/h2>\n<p><a href=\"https:\/\/drive.google.com\/file\/d\/19WVGO9pJsFfjnBhTW9vOlDm1W_tDfG2w\/view?usp=sharing\" target=\"_blank\" rel=\"noopener\">\u00ab\u00a0Pr\u00e9sentation des comptes financiers de ICOFOM pour l\u2019ann\u00e9e 2019 (rapport financier transmis \u00e0 l\u2019ICOM en janvier 2020)\u00a0\u00bb<\/a><\/p>\n<h2><\/h2>\n<div id=\"c15558\" class=\"csc-default\">\n<h2 class=\"title\">Assembl\u00e9e g\u00e9n\u00e9rale annuelle de l&#8217;ICOFOM,\u00a0Kyoto, Japon, 2019<\/h2>\n<p><a href=\"https:\/\/drive.google.com\/file\/d\/1I3uiIf4uiQQYK36suzWvNvpN_Z-IL36V\/view?usp=sharing\" target=\"_blank\" rel=\"noopener\">Minutes of the ICOFOM Annual General Meeting, September 5, 2019<\/a><\/p>\n<p><a href=\"https:\/\/drive.google.com\/file\/d\/19WVGO9pJsFfjnBhTW9vOlDm1W_tDfG2w\/view?usp=sharing\" target=\"_blank\" rel=\"noopener\">Financial Report 2019 PowerPoint Presentation<\/a><\/p>\n<\/div>\n<h2><\/h2>\n<h2>Assembl\u00e9e g\u00e9n\u00e9rale annuelle de l&#8217;ICOFOM, La Havane, Cuba, 2017<\/h2>\n<div id=\"c15558\" class=\"csc-default\">\n<div id=\"c15558\" class=\"csc-default\">\n<p class=\"bodytext\"><a title=\"TEXT, 180122 Minutes of ICOFOM AGM in Havana, 180122_Minutes_of_ICOFOM_AGM_in__Havana.docx, 20 KB\" href=\"https:\/\/drive.google.com\/open?id=16mCZIm2_gURp6KA4pDUI2RNS6-xAbkGw\">Minutes of the ICOFOM Annual General Meeting,\u00a028 September 2017.<\/a><\/p>\n<p class=\"bodytext\"><a title=\"TEXT, 171118 AGM ICOFOM Report for AGM, 171118_AGM_ICOFOM_Report_for_AGM.docx, 14.2 KB\" href=\"https:\/\/drive.google.com\/open?id=1t89rJkVLkrBqBhMdRbc0OYlLlvClwwQq\">ICOFOM 2016 Report<\/a><\/p>\n<p class=\"bodytext\"><a title=\"TEXT, 180120 AGM ICOFOM LAM report 2015-2017 spanish, 180120_AGM_ICOFOM_LAM_report_2015-2017__spanish.docx, 21 KB\" href=\"https:\/\/drive.google.com\/open?id=1k9hAo0TNdPprUy5ZoRCiwbOef03QR9xF\">ICOFOM LAM 2016 Report<\/a><\/p>\n<h2 class=\"tx-hporelatedlink-pi1\"><\/h2>\n<\/div>\n<div id=\"c20088\" class=\"csc-default\">\n<h2 class=\"title\">Assembl\u00e9e g\u00e9n\u00e9rale annuelle de l&#8217;ICOFOM, Milan, Italie, 2016<\/h2>\n<p class=\"bodytext\"><a title=\"TEXT, ICOFOM Milan AGM Minutes, ICOFOM_Milan_AGM_Minutes.docx, 15.7 KB\" href=\"https:\/\/drive.google.com\/open?id=1bHhhpdMGxlNJVOjQC3ae7dAqxSjOqQUU\">Click here\u00a0<\/a>for the Minutes.<\/p>\n<\/div>\n<\/div>\n","protected":false},"excerpt":{"rendered":"<p>Assembl\u00e9e g\u00e9n\u00e9rale annuelle de l&#8217;ICOFOM, Saint Andrews, \u00c9cosse, 2024 Minutes of the Board Meeting 2024 Assembl\u00e9e g\u00e9n\u00e9rale annuelle de l&#8217;ICOFOM, en ligne, 2023 Minutes of the ICOFOM Board Meeting 2023 Assembl\u00e9e g\u00e9n\u00e9rale annuelle de l&#8217;ICOFOM, en ligne, 2022 Minutes of the ICOFOM Board Meeting, 28 October 2022 Assembl\u00e9e g\u00e9n\u00e9rale annuelle de l&#8217;ICOFOM, en ligne, 2020 [&hellip;]<\/p>\n","protected":false},"author":35,"featured_media":0,"parent":144,"menu_order":0,"comment_status":"closed","ping_status":"closed","template":"","meta":{"footnotes":""},"yst_prominent_words":[936,934,932,931,3234,3176,3175,3233,3237,3235,935,933,2061,3177,3232,3236,3238],"acf":[],"_links":{"self":[{"href":"https:\/\/icofom.mini.icom.museum\/fr\/wp-json\/wp\/v2\/pages\/2592"}],"collection":[{"href":"https:\/\/icofom.mini.icom.museum\/fr\/wp-json\/wp\/v2\/pages"}],"about":[{"href":"https:\/\/icofom.mini.icom.museum\/fr\/wp-json\/wp\/v2\/types\/page"}],"author":[{"embeddable":true,"href":"https:\/\/icofom.mini.icom.museum\/fr\/wp-json\/wp\/v2\/users\/35"}],"replies":[{"embeddable":true,"href":"https:\/\/icofom.mini.icom.museum\/fr\/wp-json\/wp\/v2\/comments?post=2592"}],"version-history":[{"count":22,"href":"https:\/\/icofom.mini.icom.museum\/fr\/wp-json\/wp\/v2\/pages\/2592\/revisions"}],"predecessor-version":[{"id":8075,"href":"https:\/\/icofom.mini.icom.museum\/fr\/wp-json\/wp\/v2\/pages\/2592\/revisions\/8075"}],"up":[{"embeddable":true,"href":"https:\/\/icofom.mini.icom.museum\/fr\/wp-json\/wp\/v2\/pages\/144"}],"wp:attachment":[{"href":"https:\/\/icofom.mini.icom.museum\/fr\/wp-json\/wp\/v2\/media?parent=2592"}],"wp:term":[{"taxonomy":"yst_prominent_words","embeddable":true,"href":"https:\/\/icofom.mini.icom.museum\/fr\/wp-json\/wp\/v2\/yst_prominent_words?post=2592"}],"curies":[{"name":"wp","href":"https:\/\/api.w.org\/{rel}","templated":true}]}}