{"id":2918,"date":"2020-02-15T18:42:15","date_gmt":"2020-02-15T18:42:15","guid":{"rendered":"http:\/\/icofom.mini.icom.museum\/icofom-lam-goals-and-objectives\/"},"modified":"2024-03-22T23:45:50","modified_gmt":"2024-03-22T22:45:50","slug":"icofom-lam-goals-and-objectives","status":"publish","type":"page","link":"https:\/\/icofom.mini.icom.museum\/fr\/sous-comites\/icofom-lam-goals-and-objectives\/","title":{"rendered":"ICOFOM LAC Buts et objectifs"},"content":{"rendered":"<p>Nos objectifs de gestion 2023-2026 sont :<\/p>\n<p>\u2013 Assurer la continuit\u00e9 des projets propos\u00e9s par les administrations pr\u00e9c\u00e9dentes, dans le but de conna\u00eetre et de diffuser le d\u00e9veloppement de la discipline mus\u00e9ologique en Am\u00e9rique latine et dans les Cara\u00efbes\u00a0;<br \/>\n\u2013 \u00catre un espace de d\u00e9bat sur les enjeux contemporains li\u00e9s \u00e0 la mus\u00e9ologie, \u00e0 travers des alliances avec des universit\u00e9s et des groupes d&#8217;\u00e9tudiants en mus\u00e9ologie, mais en recherchant toujours le parti pris th\u00e9orique, fondamental pour ICOFOM LAC ;<br \/>\n\u2013 Attirer de jeunes professionnels des mus\u00e9es, des chercheurs et des \u00e9tudiants en mus\u00e9ologie pour constituer les membres d\u2019ICOFOM LAC et d\u2019ICOFOM ;<br \/>\n\u2013 Lever des fonds et chercher \u00e0 s\u2019associer avec diff\u00e9rentes entit\u00e9s pour maintenir les activit\u00e9s \u00e9ditoriales ;<br \/>\n\u2013 Consolider le comit\u00e9 de r\u00e9daction ;<br \/>\n\u2013 D\u00e9velopper la communication d\u2019ICOFOM LAC sur les r\u00e9seaux sociaux.<\/p>\n","protected":false},"excerpt":{"rendered":"<p>Nos objectifs de gestion 2023-2026 sont : \u2013 Assurer la continuit\u00e9 des projets propos\u00e9s par les administrations pr\u00e9c\u00e9dentes, dans le but de conna\u00eetre et de diffuser le d\u00e9veloppement de la discipline mus\u00e9ologique en Am\u00e9rique latine et dans les Cara\u00efbes\u00a0; \u2013 \u00catre un espace de d\u00e9bat sur les enjeux contemporains li\u00e9s \u00e0 la mus\u00e9ologie, \u00e0 travers [&hellip;]<\/p>\n","protected":false},"author":35,"featured_media":0,"parent":3251,"menu_order":0,"comment_status":"closed","ping_status":"closed","template":"","meta":{"footnotes":""},"yst_prominent_words":[1687,3026,1757,3022,2101,78,193,2099,302,462,3025,2082,2097,186,2994,359,510,461,2107,3027,435,469],"acf":[],"_links":{"self":[{"href":"https:\/\/icofom.mini.icom.museum\/fr\/wp-json\/wp\/v2\/pages\/2918"}],"collection":[{"href":"https:\/\/icofom.mini.icom.museum\/fr\/wp-json\/wp\/v2\/pages"}],"about":[{"href":"https:\/\/icofom.mini.icom.museum\/fr\/wp-json\/wp\/v2\/types\/page"}],"author":[{"embeddable":true,"href":"https:\/\/icofom.mini.icom.museum\/fr\/wp-json\/wp\/v2\/users\/35"}],"replies":[{"embeddable":true,"href":"https:\/\/icofom.mini.icom.museum\/fr\/wp-json\/wp\/v2\/comments?post=2918"}],"version-history":[{"count":7,"href":"https:\/\/icofom.mini.icom.museum\/fr\/wp-json\/wp\/v2\/pages\/2918\/revisions"}],"predecessor-version":[{"id":7279,"href":"https:\/\/icofom.mini.icom.museum\/fr\/wp-json\/wp\/v2\/pages\/2918\/revisions\/7279"}],"up":[{"embeddable":true,"href":"https:\/\/icofom.mini.icom.museum\/fr\/wp-json\/wp\/v2\/pages\/3251"}],"wp:attachment":[{"href":"https:\/\/icofom.mini.icom.museum\/fr\/wp-json\/wp\/v2\/media?parent=2918"}],"wp:term":[{"taxonomy":"yst_prominent_words","embeddable":true,"href":"https:\/\/icofom.mini.icom.museum\/fr\/wp-json\/wp\/v2\/yst_prominent_words?post=2918"}],"curies":[{"name":"wp","href":"https:\/\/api.w.org\/{rel}","templated":true}]}}