{"id":2953,"date":"2020-02-15T19:52:35","date_gmt":"2020-02-15T19:52:35","guid":{"rendered":"http:\/\/icofom.mini.icom.museum\/icofom-lam-coming-events\/"},"modified":"2024-10-22T17:49:09","modified_gmt":"2024-10-22T15:49:09","slug":"icofom-lac-coming-events","status":"publish","type":"page","link":"https:\/\/icofom.mini.icom.museum\/fr\/sous-comites\/icofom-lac-coming-events\/","title":{"rendered":"ICOFOM LAC \u00c9v\u00e9nements \u00e0 venir"},"content":{"rendered":"<h1>\u00c9v\u00e9nements \u00e0 venir<\/h1>\n<h2>Projet \u00ab Histoire de la mus\u00e9ologie en Am\u00e9rique latine et dans les Cara\u00efbes : connexions d&#8217;une communaut\u00e9 scientifique \u00bb<\/h2>\n<p>ICOFOM LAC a le plaisir de vous inviter \u00e0 la deuxi\u00e8me r\u00e9union du groupe de travail du projet \u00ab Histoire(s) de la mus\u00e9ologie en Am\u00e9rique latine et dans les Cara\u00efbes : liens d&#8217;une communaut\u00e9 scientifique \u00bb. \u00a0Le th\u00e8me de cette rencontre est : Mus\u00e9ologie au Mexique \u2013 \u00e9mergence et nouvelles perspectives de repr\u00e9sentation. Les inscrits recevront des lectures recommand\u00e9es pour la session.<\/p>\n<p>Vendredi 25 octobre, midi (heure du Mexique)<\/p>\n<p>Inscrivez-vous ici : https:\/\/us02web.zoom.us\/j\/84635079509?pwd=VpBzOF55JgMQ9kEfU34xRbSKORMqJH.1 ID de r\u00e9union : 846 3507 9509 Code d&#8217;acc\u00e8s : 647853<\/p>\n<p style=\"text-align: center\"><img decoding=\"async\" loading=\"lazy\" class=\"alignnone size-medium wp-image-7590\" src=\"https:\/\/icofom.mini.icom.museum\/wp-content\/uploads\/sites\/18\/2024\/10\/Museologia-Mexico-ENG-300x300.png\" alt=\"\" width=\"300\" height=\"300\" srcset=\"https:\/\/icofom.mini.icom.museum\/wp-content\/uploads\/sites\/18\/2024\/10\/Museologia-Mexico-ENG-300x300.png 300w, https:\/\/icofom.mini.icom.museum\/wp-content\/uploads\/sites\/18\/2024\/10\/Museologia-Mexico-ENG-1024x1024.png 1024w, https:\/\/icofom.mini.icom.museum\/wp-content\/uploads\/sites\/18\/2024\/10\/Museologia-Mexico-ENG-150x150.png 150w, https:\/\/icofom.mini.icom.museum\/wp-content\/uploads\/sites\/18\/2024\/10\/Museologia-Mexico-ENG-768x768.png 768w, https:\/\/icofom.mini.icom.museum\/wp-content\/uploads\/sites\/18\/2024\/10\/Museologia-Mexico-ENG-1536x1536.png 1536w, https:\/\/icofom.mini.icom.museum\/wp-content\/uploads\/sites\/18\/2024\/10\/Museologia-Mexico-ENG-2048x2048.png 2048w\" sizes=\"(max-width: 300px) 100vw, 300px\" \/><\/p>\n<p>&nbsp;<\/p>\n<h2 id=\"tw-target-text\" class=\"tw-data-text tw-text-large tw-ta\" data-placeholder=\"Translation\"><span class=\"Y2IQFc\" lang=\"fr\">APPEL \u00c0 PUBLICATIONS : Histoire de la mus\u00e9ologie en Am\u00e9rique latine et dans les Cara\u00efbes : collections fondamentales (ENG)<\/span><\/h2>\n<h3>DATE LIMITE PROLONG\u00c9E AU 15 OCTOBRE 2023<\/h3>\n<h2><a href=\"https:\/\/icofom.mini.icom.museum\/wp-content\/uploads\/sites\/18\/2023\/08\/CALL-ICOFOM-LAC-ENG.pdf\">CALL ICOFOM LAC &#8211; ENG<\/a><\/h2>\n<p><img decoding=\"async\" loading=\"lazy\" class=\"alignnone wp-image-6725 aligncenter\" src=\"https:\/\/icofom.mini.icom.museum\/wp-content\/uploads\/sites\/18\/2023\/08\/History-of-Museology-ENG-1-300x300.png\" alt=\"\" width=\"379\" height=\"379\" srcset=\"https:\/\/icofom.mini.icom.museum\/wp-content\/uploads\/sites\/18\/2023\/08\/History-of-Museology-ENG-1-300x300.png 300w, https:\/\/icofom.mini.icom.museum\/wp-content\/uploads\/sites\/18\/2023\/08\/History-of-Museology-ENG-1-1024x1024.png 1024w, https:\/\/icofom.mini.icom.museum\/wp-content\/uploads\/sites\/18\/2023\/08\/History-of-Museology-ENG-1-150x150.png 150w, https:\/\/icofom.mini.icom.museum\/wp-content\/uploads\/sites\/18\/2023\/08\/History-of-Museology-ENG-1-768x768.png 768w, https:\/\/icofom.mini.icom.museum\/wp-content\/uploads\/sites\/18\/2023\/08\/History-of-Museology-ENG-1.png 1080w\" sizes=\"(max-width: 379px) 100vw, 379px\" \/><\/p>\n<p>&nbsp;<\/p>\n<div id=\"RTE_CONTENT\">\n<div id=\"c15256\" class=\"csc-default\">\n<div class=\"csc-textpic csc-textpic-center csc-textpic-above\">\n<div class=\"csc-textpic-imagewrap csc-textpic-single-image\"><img decoding=\"async\" loading=\"lazy\" src=\"http:\/\/network.icom.museum\/uploads\/pics\/seminario_panama3-.jpg\" alt=\"\" width=\"501\" height=\"264\" border=\"0\" \/><\/div>\n<\/div>\n<\/div>\n<\/div>\n","protected":false},"excerpt":{"rendered":"<p>\u00c9v\u00e9nements \u00e0 venir Projet \u00ab Histoire de la mus\u00e9ologie en Am\u00e9rique latine et dans les Cara\u00efbes : connexions d&#8217;une communaut\u00e9 scientifique \u00bb ICOFOM LAC a le plaisir de vous inviter \u00e0 la deuxi\u00e8me r\u00e9union du groupe de travail du projet \u00ab Histoire(s) de la mus\u00e9ologie en Am\u00e9rique latine et dans les Cara\u00efbes : liens d&#8217;une [&hellip;]<\/p>\n","protected":false},"author":35,"featured_media":0,"parent":3251,"menu_order":0,"comment_status":"closed","ping_status":"closed","template":"","meta":{"footnotes":""},"yst_prominent_words":[2359,127],"acf":[],"_links":{"self":[{"href":"https:\/\/icofom.mini.icom.museum\/fr\/wp-json\/wp\/v2\/pages\/2953"}],"collection":[{"href":"https:\/\/icofom.mini.icom.museum\/fr\/wp-json\/wp\/v2\/pages"}],"about":[{"href":"https:\/\/icofom.mini.icom.museum\/fr\/wp-json\/wp\/v2\/types\/page"}],"author":[{"embeddable":true,"href":"https:\/\/icofom.mini.icom.museum\/fr\/wp-json\/wp\/v2\/users\/35"}],"replies":[{"embeddable":true,"href":"https:\/\/icofom.mini.icom.museum\/fr\/wp-json\/wp\/v2\/comments?post=2953"}],"version-history":[{"count":7,"href":"https:\/\/icofom.mini.icom.museum\/fr\/wp-json\/wp\/v2\/pages\/2953\/revisions"}],"predecessor-version":[{"id":7594,"href":"https:\/\/icofom.mini.icom.museum\/fr\/wp-json\/wp\/v2\/pages\/2953\/revisions\/7594"}],"up":[{"embeddable":true,"href":"https:\/\/icofom.mini.icom.museum\/fr\/wp-json\/wp\/v2\/pages\/3251"}],"wp:attachment":[{"href":"https:\/\/icofom.mini.icom.museum\/fr\/wp-json\/wp\/v2\/media?parent=2953"}],"wp:term":[{"taxonomy":"yst_prominent_words","embeddable":true,"href":"https:\/\/icofom.mini.icom.museum\/fr\/wp-json\/wp\/v2\/yst_prominent_words?post=2953"}],"curies":[{"name":"wp","href":"https:\/\/api.w.org\/{rel}","templated":true}]}}