{"id":2976,"date":"2020-02-16T01:42:00","date_gmt":"2020-02-16T01:42:00","guid":{"rendered":"http:\/\/icofom.mini.icom.museum\/icofom-lam-next-conference\/"},"modified":"2025-08-25T22:22:35","modified_gmt":"2025-08-25T20:22:35","slug":"icofom-lac-next-conference","status":"publish","type":"page","link":"https:\/\/icofom.mini.icom.museum\/fr\/sous-comites\/icofom-lac-next-conference\/","title":{"rendered":"ICOFOM LAC Prochaine conf\u00e9rence"},"content":{"rendered":"<h1>XXXIII Rencontre de l&#8217;ICOFOM LAC 2025<\/h1>\n<h1>28 au 30 ao\u00fbt 2025<\/h1>\n<h1>PR\u00c9SENCIAL<\/h1>\n<h1>Asunci\u00f3n et Hernandarias, Paraguay<\/h1>\n<p>PROGRAMME (en anglais): <a href=\"https:\/\/icofom.mini.icom.museum\/wp-content\/uploads\/sites\/18\/2025\/08\/EN-Programa-extendido-XXXIII-Encuentro-ICOFOM-LAC.pdf\">EN &#8211; Programa extendido XXXIII Encuentro ICOFOM LAC<\/a><\/p>\n<p>Guide du visiteur (en anglais): <a href=\"https:\/\/icofom.mini.icom.museum\/wp-content\/uploads\/sites\/18\/2025\/08\/EN-Visitors-guide-ICOFOM-LAC.pdf\">EN &#8211; Visitors guide ICOFOM LAC<\/a><\/p>\n<p>Quatri\u00e8me Circulaire &#8211; PROGRAMME (en anglais): <a href=\"https:\/\/icofom.mini.icom.museum\/wp-content\/uploads\/sites\/18\/2025\/08\/ENG-Cuarta-circular-XXXIII-Encuentro-de-ICOFOM-LAC-2025-contigo.pdf\">ENG-Cuarta-circular-XXXIII-Encuentro-de-ICOFOM-LAC-2025-contigo<\/a><\/p>\n<p>Troisi\u00e8me circulaire (Anglais): <a href=\"https:\/\/icofom.mini.icom.museum\/wp-content\/uploads\/sites\/18\/2025\/06\/EN-Tercera-circular-XXXIII-Encuentro-de-ICOFOM-LAC-2025.pdf\">EN-Tercera circular-XXXIII-Encuentro-de-ICOFOM-LAC-2025<\/a><\/p>\n<p>Appel \u00e0 contributions (Anglais): <a href=\"https:\/\/icofom.mini.icom.museum\/wp-content\/uploads\/sites\/18\/2025\/04\/EN-Segunda-circular-XXXIII-Encuentro-de-ICOFOM-LAC-2025.pdf\">EN &#8211; Segunda circular- XXXIII Encuentro de ICOFOM LAC 2025<\/a><\/p>\n<p>Inscrivez-vous ici: <a href=\"https:\/\/www.even3.com.br\/xxxiii-encuentro-icofom-lac-546127\/\">XXXIII ENCUENTRO ICOFOM LAC<\/a><\/p>\n<p><img decoding=\"async\" loading=\"lazy\" class=\"alignnone wp-image-7926\" src=\"https:\/\/icofom.mini.icom.museum\/wp-content\/uploads\/sites\/18\/2025\/04\/Banner-Web-300x123.jpg\" alt=\"\" width=\"544\" height=\"223\" srcset=\"https:\/\/icofom.mini.icom.museum\/wp-content\/uploads\/sites\/18\/2025\/04\/Banner-Web-300x123.jpg 300w, https:\/\/icofom.mini.icom.museum\/wp-content\/uploads\/sites\/18\/2025\/04\/Banner-Web-1024x421.jpg 1024w, https:\/\/icofom.mini.icom.museum\/wp-content\/uploads\/sites\/18\/2025\/04\/Banner-Web-768x316.jpg 768w, https:\/\/icofom.mini.icom.museum\/wp-content\/uploads\/sites\/18\/2025\/04\/Banner-Web-1536x631.jpg 1536w, https:\/\/icofom.mini.icom.museum\/wp-content\/uploads\/sites\/18\/2025\/04\/Banner-Web-2048x841.jpg 2048w\" sizes=\"(max-width: 544px) 100vw, 544px\" \/><\/p>\n<p>&nbsp;<\/p>\n<p>&nbsp;<\/p>\n<div id=\"RTE_CONTENT\">\n<div id=\"c17187\" class=\"csc-default\">\n<p class=\"bodytext\">\n<\/div>\n<\/div>\n","protected":false},"excerpt":{"rendered":"<p>XXXIII Rencontre de l&#8217;ICOFOM LAC 2025 28 au 30 ao\u00fbt 2025 PR\u00c9SENCIAL Asunci\u00f3n et Hernandarias, Paraguay PROGRAMME (en anglais): EN &#8211; Programa extendido XXXIII Encuentro ICOFOM LAC Guide du visiteur (en anglais): EN &#8211; Visitors guide ICOFOM LAC Quatri\u00e8me Circulaire &#8211; PROGRAMME (en anglais): ENG-Cuarta-circular-XXXIII-Encuentro-de-ICOFOM-LAC-2025-contigo Troisi\u00e8me circulaire (Anglais): EN-Tercera circular-XXXIII-Encuentro-de-ICOFOM-LAC-2025 Appel \u00e0 contributions (Anglais): EN [&hellip;]<\/p>\n","protected":false},"author":35,"featured_media":0,"parent":3251,"menu_order":0,"comment_status":"closed","ping_status":"closed","template":"","meta":{"footnotes":""},"yst_prominent_words":[387,194,93,2982,2994],"acf":[],"_links":{"self":[{"href":"https:\/\/icofom.mini.icom.museum\/fr\/wp-json\/wp\/v2\/pages\/2976"}],"collection":[{"href":"https:\/\/icofom.mini.icom.museum\/fr\/wp-json\/wp\/v2\/pages"}],"about":[{"href":"https:\/\/icofom.mini.icom.museum\/fr\/wp-json\/wp\/v2\/types\/page"}],"author":[{"embeddable":true,"href":"https:\/\/icofom.mini.icom.museum\/fr\/wp-json\/wp\/v2\/users\/35"}],"replies":[{"embeddable":true,"href":"https:\/\/icofom.mini.icom.museum\/fr\/wp-json\/wp\/v2\/comments?post=2976"}],"version-history":[{"count":27,"href":"https:\/\/icofom.mini.icom.museum\/fr\/wp-json\/wp\/v2\/pages\/2976\/revisions"}],"predecessor-version":[{"id":8190,"href":"https:\/\/icofom.mini.icom.museum\/fr\/wp-json\/wp\/v2\/pages\/2976\/revisions\/8190"}],"up":[{"embeddable":true,"href":"https:\/\/icofom.mini.icom.museum\/fr\/wp-json\/wp\/v2\/pages\/3251"}],"wp:attachment":[{"href":"https:\/\/icofom.mini.icom.museum\/fr\/wp-json\/wp\/v2\/media?parent=2976"}],"wp:term":[{"taxonomy":"yst_prominent_words","embeddable":true,"href":"https:\/\/icofom.mini.icom.museum\/fr\/wp-json\/wp\/v2\/yst_prominent_words?post=2976"}],"curies":[{"name":"wp","href":"https:\/\/api.w.org\/{rel}","templated":true}]}}