{"id":3104,"date":"2020-02-29T17:33:42","date_gmt":"2020-02-29T17:33:42","guid":{"rendered":"http:\/\/icofom.mini.icom.museum\/bienvenue\/welcome-to-the-international-committee-for-museology-icofom\/"},"modified":"2020-04-11T23:50:42","modified_gmt":"2020-04-11T23:50:42","slug":"welcome-to-the-international-committee-for-museology-icofom","status":"publish","type":"page","link":"https:\/\/icofom.mini.icom.museum\/fr\/bienvenue\/welcome-to-the-international-committee-for-museology-icofom\/","title":{"rendered":"Bienvenue au sein du Comit\u00e9 international pour la mus\u00e9ologie (ICOFOM)!"},"content":{"rendered":"<p>L\u2019ICOFOM participe activement \u00e0 la d\u00e9finition du processus de \u00abmus\u00e9e\u00bb par l\u2019ICOM, car nous avons une longue histoire de r\u00e9unions et de publications sur le sujet. Parmi les plus courantes, citons les colloques internationaux tenus en 2017 et 2018. Au cours du 42\u00e8me Symposium annuel de l\u2019ICOFOM et du 25\u00e8me Congr\u00e8s de l\u2019ICOM Triennale \u00e0 Kyoto, au Japon, le vote de l\u2019ICOFOM d\u2019\u00e9largir le processus de d\u00e9finition du mus\u00e9e a \u00e9t\u00e9 couronn\u00e9 de succ\u00e8s afin que les comit\u00e9s nationaux et internationaux de l\u2019ICOM puissent contribuer avec une repr\u00e9sentation \u00e9gale. Nous lan\u00e7ons une enqu\u00eate et une publication pour contribuer davantage \u00e0 cette cause.<\/p>\n<p>Les nouveaux objectifs du nouveau conseil sont les suivants: assurer une communication efficace et efficiente de nos activit\u00e9s et de nos membres; \u00e9lever les standards de la s\u00e9rie d\u2019\u00e9tudes ICOFOM, des ateliers de symposiums et d\u2019autres publications; et mettre en \u0153uvre et adh\u00e9rer aux \u00e9nonc\u00e9s de mission et de vision en adoptant une politique d\u2019action positive en faveur de l\u2019inclusion et de la diversit\u00e9 de la participation et des perspectives mus\u00e9ologiques \u00e0 l\u2019\u00e9chelle mondiale.<\/p>\n<p>Dans un proche avenir, l\u2019ICOFOM, l\u2019ICOFOM LAM et l\u2019ICOFOM ASPAC pr\u00e9voient d\u2019organiser des r\u00e9unions sur tous les continents. Veillez donc \u00e0 rester en contact avec nous via nos bulletins d\u2019adh\u00e9sion, notre site Web et nos m\u00e9dias sociaux. Dans le pass\u00e9, ICOFOM a \u00e9t\u00e9 diversifi\u00e9 parmi les activit\u00e9s organis\u00e9es \u00e0 Leiden, Zagreb, Buenos Aires, Hyderabad \/ Varanasi \/ New Delhi, Livingstone-Mfuwe, P\u00e9kin, Coro, Iles Cuenca \/ Galapagos, S\u00e9oul, Tunis, Rio de Janeiro, Moscou, etc. plus de lieux g\u00e9ographiques en plus des sites en ligne.<\/p>\n","protected":false},"excerpt":{"rendered":"<p>L\u2019ICOFOM participe activement \u00e0 la d\u00e9finition du processus de \u00abmus\u00e9e\u00bb par l\u2019ICOM, car nous avons une longue histoire de r\u00e9unions et de publications sur le sujet. Parmi les plus courantes, citons les colloques internationaux tenus en 2017 et 2018. Au cours du 42\u00e8me Symposium annuel de l\u2019ICOFOM et du 25\u00e8me Congr\u00e8s de l\u2019ICOM Triennale \u00e0 [&hellip;]<\/p>\n","protected":false},"author":35,"featured_media":3387,"parent":141,"menu_order":0,"comment_status":"closed","ping_status":"closed","template":"","meta":{"footnotes":""},"yst_prominent_words":[528,713,78,714,2562,710,193,87,2099,693,674,1356,2097,359,1355,1357,712,676,711,715],"acf":[],"_links":{"self":[{"href":"https:\/\/icofom.mini.icom.museum\/fr\/wp-json\/wp\/v2\/pages\/3104"}],"collection":[{"href":"https:\/\/icofom.mini.icom.museum\/fr\/wp-json\/wp\/v2\/pages"}],"about":[{"href":"https:\/\/icofom.mini.icom.museum\/fr\/wp-json\/wp\/v2\/types\/page"}],"author":[{"embeddable":true,"href":"https:\/\/icofom.mini.icom.museum\/fr\/wp-json\/wp\/v2\/users\/35"}],"replies":[{"embeddable":true,"href":"https:\/\/icofom.mini.icom.museum\/fr\/wp-json\/wp\/v2\/comments?post=3104"}],"version-history":[{"count":4,"href":"https:\/\/icofom.mini.icom.museum\/fr\/wp-json\/wp\/v2\/pages\/3104\/revisions"}],"predecessor-version":[{"id":3418,"href":"https:\/\/icofom.mini.icom.museum\/fr\/wp-json\/wp\/v2\/pages\/3104\/revisions\/3418"}],"up":[{"embeddable":true,"href":"https:\/\/icofom.mini.icom.museum\/fr\/wp-json\/wp\/v2\/pages\/141"}],"wp:featuredmedia":[{"embeddable":true,"href":"https:\/\/icofom.mini.icom.museum\/fr\/wp-json\/wp\/v2\/media\/3387"}],"wp:attachment":[{"href":"https:\/\/icofom.mini.icom.museum\/fr\/wp-json\/wp\/v2\/media?parent=3104"}],"wp:term":[{"taxonomy":"yst_prominent_words","embeddable":true,"href":"https:\/\/icofom.mini.icom.museum\/fr\/wp-json\/wp\/v2\/yst_prominent_words?post=3104"}],"curies":[{"name":"wp","href":"https:\/\/api.w.org\/{rel}","templated":true}]}}