{"id":3437,"date":"2020-04-24T20:49:39","date_gmt":"2020-04-24T20:49:39","guid":{"rendered":"http:\/\/icofom.mini.icom.museum\/publications\/icofom-call-for-papers\/"},"modified":"2024-01-13T07:06:06","modified_gmt":"2024-01-13T06:06:06","slug":"icofom-call-for-papers","status":"publish","type":"page","link":"https:\/\/icofom.mini.icom.museum\/fr\/publications\/icofom-call-for-papers\/","title":{"rendered":"ICOFOM Appels \u00e0 publication"},"content":{"rendered":"<h1><em>Appels en 2024 :<\/em><\/h1>\n<p>A mettre \u00e0 jour prochainement<\/p>\n<p>______<\/p>\n<h1><em>Appels en cours :<\/em><\/h1>\n<p>Il n&#8217;y a pas d&#8217;appel en cours pour le moment<\/p>\n<p>______<\/p>\n<h1><em>Appels pr\u00e9c\u00e9dents :<\/em><\/h1>\n<p style=\"text-align: left\" align=\"center\"><strong>Appels en 2023 : <\/strong>( lire ci-dessous pour des informations d\u00e9taill\u00e9es )<strong><br \/>\n<\/strong><\/p>\n<ol>\n<li><a href=\"#manchester\">International graduate student symposium on the exhibition of books and literature, Manchester, due date: 27 February 2023<\/a><\/li>\n<li><a href=\"#new_caledonia\">Favoriser la visibilit\u00e9 et l\u2019attractivit\u00e9 des patrimoines insulaires : un enjeu mus\u00e9ologique du XXI\u00e8me si\u00e8cle, Nouvelle-Cal\u00e9donie, date limite : avant le 20 mai 2023<\/a><\/li>\n<li><a href=\"https:\/\/icofom.mini.icom.museum\/call-for-papers-xxxi-icofom-lac-annual-symposium\/\">ICOFOM LAC Annual Symposium: \u201cHistories of Latin American and Caribbean museology: subjects, diversity and plurality of experiences\u201d. due date:\u00a0 July 15<sup>th<\/sup> 2023<\/a><\/li>\n<li><a href=\"https:\/\/icofom.mini.icom.museum\/call-for-papers-46th-icofom-symposium\/\">46th ICOFOM Annual Symposium. \u201cThe Legacy and Impact of Latin American &amp; Caribbean Museology\u201d . Recife. Due Date: August 23rd, 2023.<\/a><\/li>\n<li><a href=\"https:\/\/icofom.mini.icom.museum\/call-for-papers-icofom-aspac-annual-symposium-2023\/\">ICOFOM ASPAC Annual Symposium. \u201cMuseums Towards Community Recovery\u201d. Kuala Lumpur. Due date: October 12, 2023.<\/a><\/li>\n<li><a href=\"https:\/\/icofom.mini.icom.museum\/wp-content\/uploads\/sites\/18\/2023\/10\/ENG_CFP_Transnational-Island-Museologies_June2024.pdf\">Mus\u00e9ologies insulaires transnationales, St Andrews, \u00c9cosse, 5-7 juin 2024<\/a><\/li>\n<\/ol>\n<p>&nbsp;<\/p>\n<p><strong>Mus\u00e9ologies insulaires transnationales\u00a0<\/strong><\/p>\n<p>5-7 juin 2024 &#8211; St Andrews, \u00c9cosse<\/p>\n<p>Si vous souhaitez soumettre une communication, veuillez envoyer un bref r\u00e9sum\u00e9 d&#8217;environ 2000 caract\u00e8res pour une pr\u00e9sentation de 15 minutes avant le 1er janvier 2024 via le formulaire en ligne <a href=\"https:\/\/bit.ly\/TransnationalIslandMuseologies\">https:\/\/bit.ly\/TransnationalIslandMuseologies<\/a> &#8211; vous pouvez soumettre dans l&#8217;une des trois langues de l&#8217;ICOM (anglais, fran\u00e7ais et espagnol).<\/p>\n<p><a href=\"https:\/\/icofom.mini.icom.museum\/wp-content\/uploads\/sites\/18\/2023\/10\/ENG_CFP_Transnational-Island-Museologies_June2024.pdf\">Lire le CFP complet ici (en anglais)<\/a><\/p>\n<p>&nbsp;<\/p>\n<p><strong>Symposium annuel ICOFOM ASPAC 2023 : LES MUS\u00c9ES AU SERVICE DU R\u00c9TABLISSEMENT DES COMMUNAUT\u00c9S<\/strong><\/p>\n<p>15 &#8211; 19 novembre 2023 | Kuala Lumpur, Malaisie<\/p>\n<p>Le Comit\u00e9 international de mus\u00e9ologie de l&#8217;ICOM pour la r\u00e9gion Asie-Pacifique (ICOFOM ASPAC), le D\u00e9partement des mus\u00e9es de Malaisie et l&#8217;ICOM Malaisie, en collaboration avec l&#8217;ICOFOM, ont le plaisir d&#8217;inviter \u00e0 soumettre des communications pour le Symposium annuel de l&#8217;ICOFOM ASPAC qui se tiendra du 15 au 19 novembre 2023 \u00e0 Kuala Lumpur, en Malaisie.<\/p>\n<p>Lisez le CFP complet ici :<\/p>\n<p><a href=\"https:\/\/icofom.mini.icom.museum\/wp-content\/uploads\/sites\/18\/2023\/09\/CFP_ICOFOM_ASPAC_KL_2023.pdf\">CFP_ICOFOM_ASPAC_KL_2023<\/a><\/p>\n<p>Registration form:<\/p>\n<p><a href=\"https:\/\/icofom.mini.icom.museum\/wp-content\/uploads\/sites\/18\/2023\/09\/registration_form_ICOFOM_ASPAC_SYMPOSIUM-2023.pdf\">registration_form_ICOFOM_ASPAC_SYMPOSIUM 2023<\/a><\/p>\n<p>Interested applicants should email their abstracts, CVs, and current photos by <strong>12 October 2023 <\/strong>to janettee01@gmail.com or sittirabia@jmm.gov.my.<\/p>\n<p>&nbsp;<\/p>\n<p>&nbsp;<\/p>\n<h3 id=\"new_caledonia\"><span lang=\"fr-FR\">Colloque international organis\u00e9 conjointement par l<\/span><span lang=\"fr-FR\">\u2019<\/span><span lang=\"fr-FR\">ICOFOM, l<\/span><span lang=\"fr-FR\">\u2019<\/span><span lang=\"fr-FR\">AMEPNC (Association des Mus\u00e9es et \u00c9tablissements Patrimoniaux de Nouvelle-Cal\u00e9donie) <\/span><span lang=\"fr-FR\">et l<\/span><span lang=\"fr-FR\">\u2019<\/span><span lang=\"fr-FR\">Universit\u00e9 de la Nouvelle-Cal\u00e9donie<\/span><\/h3>\n<h3 style=\"text-align: left\" align=\"center\"><span lang=\"fr-FR\">Nouvelle-Cal\u00e9donie, 16-21 octobre 2023<\/span><\/h3>\n<p lang=\"fr-FR\" style=\"text-align: left\" align=\"center\"><span lang=\"fr-FR\"><b>Favoriser la visibilit\u00e9 et l<\/b><\/span><span lang=\"fr-FR\">\u2019<\/span><span lang=\"fr-FR\"><span lang=\"en-US\"><b>attractivit<\/b><\/span><\/span><span lang=\"fr-FR\"><b>\u00e9 des patrimoines insulaires : un enjeu mus\u00e9ologique du XXI<\/b><\/span><span lang=\"fr-FR\"><sup><span lang=\"it-IT\"><b>\u00e8<\/b><\/span><\/sup><\/span><span lang=\"fr-FR\"><sup><b>me<\/b><\/sup><\/span><span lang=\"fr-FR\"><b> si<\/b><\/span><span lang=\"fr-FR\"><span lang=\"it-IT\"><b>\u00e8<\/b><\/span><\/span><span lang=\"fr-FR\"><span lang=\"en-US\"><b>cle<\/b><\/span><\/span><\/p>\n<p lang=\"fr-FR\" style=\"text-align: left\" align=\"center\"><span lang=\"fr-FR\">Appel \u00e0 communications<\/span><\/p>\n<p lang=\"fr-FR\" style=\"text-align: left\" align=\"justify\"><span lang=\"fr-FR\">Les patrimoines insulaires sont par essence plus mobiles que ceux des espaces continentaux. Bien s\u00fbr, les \u00eeles peuvent \u00eatre ces escales d<\/span><span lang=\"fr-FR\">\u2019<\/span><span lang=\"fr-FR\">o<\/span><span lang=\"fr-FR\"><span lang=\"it-IT\">\u00f9 <\/span><\/span><span lang=\"fr-FR\">l<\/span><span lang=\"fr-FR\">\u2019<\/span><span lang=\"fr-FR\"><span lang=\"nl-NL\">on ram<\/span><\/span><span lang=\"fr-FR\"><span lang=\"it-IT\">\u00e8<\/span><\/span><span lang=\"fr-FR\">ne des choses, mais surtout, les soci\u00e9t\u00e9s insulaires, par leur relatif isolement et l<\/span><span lang=\"fr-FR\">\u2019<\/span><span lang=\"fr-FR\"><span lang=\"it-IT\">indisponibilit<\/span><\/span><span lang=\"fr-FR\">\u00e9 de certaines ressources, ont eu de tout temps besoin d\u2019\u00e9changer des biens, des denr\u00e9es, des mat\u00e9riaux, des objets fabriqu\u00e9s aupr<\/span><span lang=\"fr-FR\"><span lang=\"it-IT\">\u00e8<\/span><\/span><span lang=\"fr-FR\">s d<\/span><span lang=\"fr-FR\">\u2019<\/span><span lang=\"fr-FR\">autres populations situ\u00e9es au-del\u00e0 de la mer. Depuis le temps de l<\/span><span lang=\"fr-FR\">\u2019<\/span><span lang=\"fr-FR\">ensemble culturel Lapita jusqu<\/span><span lang=\"fr-FR\">\u2019<\/span><span lang=\"fr-FR\">aux routes commerciales de la mer Eg\u00e9e, en passant par les relations pr\u00e9colombiennes entre les \u00eeles des Antilles, la <\/span><span lang=\"fr-FR\"><i>kula<\/i><\/span><span lang=\"fr-FR\"> des Trobriandais popularis\u00e9e par Bronislaw Malinowski, ou m\u00eame les trafics maritimes de l\u2019\u00e9poque contemporaine, l<\/span><span lang=\"fr-FR\">\u2019<\/span><span lang=\"fr-FR\">espace oc\u00e9anique a constitu\u00e9 une voie d\u2019\u00e9change et de <\/span><span lang=\"fr-FR\">circulation d\u2019\u00e9l\u00e9ments tant mat\u00e9riels qu<\/span><span lang=\"fr-FR\">\u2019<\/span><span lang=\"fr-FR\">immat\u00e9riels.<\/span><span lang=\"fr-FR\"> Aussi, depuis des temps anciens les objets et savoirs patrimoniaux se sont d\u00e9<\/span><span lang=\"fr-FR\"><span lang=\"en-US\">plac<\/span><\/span><span lang=\"fr-FR\">\u00e9s, se sont dispers\u00e9s et ont quitt\u00e9 les \u00eeles, un ph\u00e9nom<\/span><span lang=\"fr-FR\"><span lang=\"it-IT\">\u00e8ne accentu<\/span><\/span><span lang=\"fr-FR\">\u00e9 depuis la multiplication des contacts, en particulier celui du monde occidental.<\/span><\/p>\n<p lang=\"fr-FR\" align=\"justify\"><strong>NOUVEAU La date limite de soumission des propositions est fix\u00e9e au 20 mai 2023.<\/strong><\/p>\n<p lang=\"fr-FR\" align=\"justify\"><span lang=\"fr-FR\">Les propositions de contribution doivent \u00eatre envoy\u00e9es \u00e0 l&#8217;adresse suivante : <\/span><span lang=\"pt-PT\"><u>icofom.pacifique.2023@gmail.com<\/u><\/span><span lang=\"fr-FR\">.<\/span><\/p>\n<p><em><strong>Appel \u00e0 communications (en \u00a0fran\u00e7ais):<\/strong><\/em><\/p>\n<p><a href=\"https:\/\/icofom.mini.icom.museum\/wp-content\/uploads\/sites\/18\/2023\/03\/AAC-AMEPNC-ICOFOM-UNC-Final-FR_compressed.pdf\">AAC-AMEPNC-ICOFOM-UNC Final FR_compressed<\/a><\/p>\n<h2><\/h2>\n<p>&nbsp;<\/p>\n<p>&nbsp;<\/p>\n<p>&nbsp;<\/p>\n<h3 id=\"manchester\"><strong>International graduate student symposium on the exhibition of books and literature<\/strong><\/h3>\n<p>Manchester, lundi 17 juillet et mardi 18 juillet 2023<\/p>\n<p><b>Appel \u00e0 contributions soutenu par l&#8217;ICOFOM<\/b><\/p>\n<p><span style=\"font-weight: 400\">Les fa\u00e7ons multimodales et multiformes dont les livres et la litt\u00e9rature peuvent \u00eatre utilis\u00e9s dans les expositions ont attir\u00e9 l&#8217;attention de chercheur\u00b7euse\u00b7s issu\u00b7e\u00b7s de diverses disciplines : de la mus\u00e9ologie et de la conservation \u00e0 la critique litt\u00e9raire, l&#8217;histoire de l&#8217;art, les \u00e9tudes m\u00e9diatiques et de communication, la sociologie, l&#8217;histoire et les \u00e9tudes de r\u00e9ception, ainsi que les sciences de l&#8217;\u00e9ducation et les \u00e9tudes sur la culture mat\u00e9rielle. Si cette approche interdisciplinaire tr\u00e8s large t\u00e9moigne de la richesse et de la singularit\u00e9 des livres et de la litt\u00e9rature en tant que mat\u00e9riel d&#8217;exposition, elle met \u00e9galement en \u00e9vidence la mani\u00e8re dispers\u00e9e dont ces recherches ont \u00e9t\u00e9 men\u00e9es jusqu&#8217;\u00e0 pr\u00e9sent. Par cons\u00e9quent, il est difficile de trouver une source unique de cadres th\u00e9oriques et m\u00e9thodologiques sur lesquels nous pourrions construire une mus\u00e9ologie consacr\u00e9e au livre. Cette mus\u00e9ologie chercherait \u00e0 rassembler les r\u00e9flexions analytiques sur le livre en tant qu&#8217;objet d&#8217;exposition, mais aussi les courants de recherche acad\u00e9mique qui s&#8217;int\u00e9ressent \u00e0 l&#8217;utilisation de la litt\u00e9rature comme sujet d&#8217;exposition et \u00e0 l&#8217;espace d&#8217;exposition comme m\u00e9dium pour les explorations litt\u00e9raires.<\/span><\/p>\n<p><span style=\"font-weight: 400\">Dans cette optique, nous lan\u00e7ons un appel \u00e0 contributions pour un colloque de deux jours men\u00e9 par des \u00e9tudiant\u00b7e\u00b7s dipl\u00f4m\u00e9\u00b7e\u00b7s et portant sur l&#8217;\u00e9tude des livres et de la litt\u00e9rature dans les expositions. Il se tiendra de mani\u00e8re hybride \u00e0 l&#8217;universit\u00e9 de Manchester (au Royaume-Uni) en juillet 2023. Le colloque a \u00e9t\u00e9 organis\u00e9 en collaboration avec des doctorant\u00b7e\u00b7s de l&#8217;Universit\u00e9 libre de Bruxelles, de l&#8217;universit\u00e9 d&#8217;Helsinki et de l&#8217;Institut des pratiques culturelles de l&#8217;universit\u00e9 de Manchester.\u00a0\u00a0\u00a0<\/span><\/p>\n<p><span style=\"font-weight: 400\">L&#8217;appel \u00e0 contributions restera ouvert jusqu&#8217;au <\/span><b>27 f\u00e9vrier 2023<\/b><span style=\"font-weight: 400\">.<\/span><\/p>\n<h2>____<\/h2>\n<p>&nbsp;<\/p>\n<h2><em>ICOFOM Study Series<\/em> Volume 50, Issue 2 (2022)<\/h2>\n<div class=\"page\" title=\"Page 1\">\n<div class=\"layoutArea\">\n<h2 class=\"column\"><em>Num\u00e9ro ouvert (Varia)<\/em><\/h2>\n<\/div>\n<\/div>\n<h3><a href=\"https:\/\/icofom.mini.icom.museum\/wp-content\/uploads\/sites\/18\/2022\/09\/CFP_EN_ISS_50_2.pdf\" target=\"_blank\" rel=\"noopener\">Call for Papers (in English)\u00a0<\/a><\/h3>\n<h3><a href=\"https:\/\/icofom.mini.icom.museum\/wp-content\/uploads\/sites\/18\/2022\/09\/CFP_FR_ISS_50_2.pdf\" target=\"_blank\" rel=\"noopener\">Appel \u00e0 communications (en fran\u00e7ais)\u00a0<\/a><\/h3>\n<h3><a href=\"https:\/\/icofom.mini.icom.museum\/wp-content\/uploads\/sites\/18\/2022\/09\/CFP_ESP_ISS_50_2-1.pdf\" target=\"_blank\" rel=\"noopener\">Convocatoria de ponencias (en espa\u00f1ol)<\/a><\/h3>\n<h3>La date limite est prolong\u00e9e du 11 novembre 2022 au 30 novembre 2022.<\/h3>\n<h2><\/h2>\n<div>\n<h2 align=\"center\"><\/h2>\n<h2 class=\"CorpsA\" style=\"text-align: left\" align=\"center\"><span class=\"Aucun\"><span lang=\"FR\">Tabous en mus\u00e9ologie : Questions difficiles pour les th\u00e9ories mus\u00e9ales<\/span><\/span><\/h2>\n<\/div>\n<h3 style=\"text-align: left\"><a href=\"https:\/\/icofom.mini.icom.museum\/wp-content\/uploads\/sites\/18\/2022\/02\/ICOFOM_Call_Taboo_ENG-2.pdf\" target=\"_blank\" rel=\"noopener\"><em>Call for Papers (in English)<\/em><\/a><\/h3>\n<h3 style=\"text-align: left\"><a href=\"https:\/\/icofom.mini.icom.museum\/wp-content\/uploads\/sites\/18\/2022\/02\/CFP-ICOFOM-Tabous-FR-3.pdf\" target=\"_blank\" rel=\"noopener\"><em><strong>Appel \u00e0 communications (en \u00a0fran\u00e7ais)<\/strong><\/em><\/a><\/h3>\n<h3 style=\"text-align: left\"><a href=\"https:\/\/icofom.mini.icom.museum\/wp-content\/uploads\/sites\/18\/2022\/02\/ICOFOM_Call_Taboo_SP.pdf\" target=\"_blank\" rel=\"noopener\"><strong><em>Convocatoria de ponencias (en espa\u00f1ol)<\/em><\/strong><\/a><\/h3>\n<p>&nbsp;<\/p>\n<h2><em>ICOFOM Study Series<\/em> Volume 50,\u00a0Num\u00e9ro 1 (2022)<\/h2>\n<div class=\"page\" title=\"Page 1\">\n<div class=\"layoutArea\">\n<div class=\"column\">\n<h3><strong>50 ANS APRE\u0300S LA \u00ab DECLARACIO\u0301N DE LA MESA DE SANTIAGO \u00bb. <\/strong><strong>DES LECTURES SOUS UNE OPTIQUE CONTEMPORAINE<\/strong><\/h3>\n<\/div>\n<\/div>\n<\/div>\n<p>Cher.e.s coll\u00e8gues,<\/p>\n<p>Nous lan\u00e7ons un nouvel appel \u00e0 articles pour c\u00e9l\u00e9brer le 50e anniversaire de la D\u00e9claration de la Table Ronde de Santiago du Chili qui aura lieu l\u2019ann\u00e9e prochaine.<\/p>\n<p>Les propositions devront int\u00e9grer l\u2019un des axes d\u2019analyse propos\u00e9s. Elles seront \u00e9crites dans une des trois langues de l\u2019ICOM (anglais, fran\u00e7ais ou espagnol).<\/p>\n<p><strong>Date limite:<\/strong> <del datetime=\"2021-11-10T19:19:22+00:00\">10 novembre 2021<\/del>. <strong>Date limite est prolong\u00e9e jusqu&#8217;au 12 d\u00e9cembre 2021.<\/strong><\/p>\n<h4><a href=\"https:\/\/icofom.mini.icom.museum\/wp-content\/uploads\/sites\/18\/2021\/07\/CFP_EN_ISS_50_1.pdf\" target=\"_blank\" rel=\"noopener\">Download PDF File with the Call for Articles (in English)<\/a><\/h4>\n<h4><a href=\"https:\/\/icofom.mini.icom.museum\/wp-content\/uploads\/sites\/18\/2021\/07\/CFP_ESP_ISS_50_1.pdf\" target=\"_blank\" rel=\"noopener\">Descargar la Convocatoria de art\u00edculos para publicar en ICOFOM Study Series<\/a><\/h4>\n<h4><a href=\"https:\/\/icofom.mini.icom.museum\/wp-content\/uploads\/sites\/18\/2021\/11\/CFP_FR_ISS_50_1.pdf\" target=\"_blank\" rel=\"noopener\">T\u00e9l\u00e9charger l&#8217;appel \u00e0 publication pour ICOFOM Study Series<\/a><\/h4>\n<p>&nbsp;<\/p>\n<p>&nbsp;<\/p>\n<p>&nbsp;<\/p>\n<p>&nbsp;<\/p>\n","protected":false},"excerpt":{"rendered":"<p>Appels en 2024 : A mettre \u00e0 jour prochainement ______ Appels en cours : Il n&#8217;y a pas d&#8217;appel en cours pour le moment ______ Appels pr\u00e9c\u00e9dents : Appels en 2023 : ( lire ci-dessous pour des informations d\u00e9taill\u00e9es ) International graduate student symposium on the exhibition of books and literature, Manchester, due date: 27 [&hellip;]<\/p>\n","protected":false},"author":35,"featured_media":0,"parent":100,"menu_order":0,"comment_status":"closed","ping_status":"closed","template":"","meta":{"footnotes":""},"yst_prominent_words":[1635,1673,78,193,693,583,86],"acf":[],"_links":{"self":[{"href":"https:\/\/icofom.mini.icom.museum\/fr\/wp-json\/wp\/v2\/pages\/3437"}],"collection":[{"href":"https:\/\/icofom.mini.icom.museum\/fr\/wp-json\/wp\/v2\/pages"}],"about":[{"href":"https:\/\/icofom.mini.icom.museum\/fr\/wp-json\/wp\/v2\/types\/page"}],"author":[{"embeddable":true,"href":"https:\/\/icofom.mini.icom.museum\/fr\/wp-json\/wp\/v2\/users\/35"}],"replies":[{"embeddable":true,"href":"https:\/\/icofom.mini.icom.museum\/fr\/wp-json\/wp\/v2\/comments?post=3437"}],"version-history":[{"count":35,"href":"https:\/\/icofom.mini.icom.museum\/fr\/wp-json\/wp\/v2\/pages\/3437\/revisions"}],"predecessor-version":[{"id":7129,"href":"https:\/\/icofom.mini.icom.museum\/fr\/wp-json\/wp\/v2\/pages\/3437\/revisions\/7129"}],"up":[{"embeddable":true,"href":"https:\/\/icofom.mini.icom.museum\/fr\/wp-json\/wp\/v2\/pages\/100"}],"wp:attachment":[{"href":"https:\/\/icofom.mini.icom.museum\/fr\/wp-json\/wp\/v2\/media?parent=3437"}],"wp:term":[{"taxonomy":"yst_prominent_words","embeddable":true,"href":"https:\/\/icofom.mini.icom.museum\/fr\/wp-json\/wp\/v2\/yst_prominent_words?post=3437"}],"curies":[{"name":"wp","href":"https:\/\/api.w.org\/{rel}","templated":true}]}}