{"id":3655,"date":"2020-05-27T14:03:59","date_gmt":"2020-05-27T14:03:59","guid":{"rendered":"http:\/\/icofom.mini.icom.museum\/bienvenue\/message-from-the-icofom-board\/"},"modified":"2020-05-28T14:15:32","modified_gmt":"2020-05-28T14:15:32","slug":"message-from-the-icofom-board","status":"publish","type":"page","link":"https:\/\/icofom.mini.icom.museum\/fr\/bienvenue\/message-from-the-icofom-board\/","title":{"rendered":"Message du Conseil d&#8217;administration de l&#8217;ICOFOM"},"content":{"rendered":"<p style=\"text-align: center\"><img decoding=\"async\" loading=\"lazy\" class=\"alignnone size-medium wp-image-3639\" src=\"http:\/\/icofom.mini.icom.museum\/wp-content\/uploads\/sites\/18\/2020\/05\/ICOFOM-Logo-2019-300x50.jpg\" alt=\"\" width=\"300\" height=\"50\" srcset=\"https:\/\/icofom.mini.icom.museum\/wp-content\/uploads\/sites\/18\/2020\/05\/ICOFOM-Logo-2019-300x50.jpg 300w, https:\/\/icofom.mini.icom.museum\/wp-content\/uploads\/sites\/18\/2020\/05\/ICOFOM-Logo-2019-768x128.jpg 768w, https:\/\/icofom.mini.icom.museum\/wp-content\/uploads\/sites\/18\/2020\/05\/ICOFOM-Logo-2019-1024x171.jpg 1024w\" sizes=\"(max-width: 300px) 100vw, 300px\" \/><\/p>\n<p>Cher.e.s membres d\u2019ICOFOM,<\/p>\n<p>En ces temps de nombreux d\u00e9fis et d\u2019incertitudes pour les mus\u00e9es dans les diff\u00e9rentes parties du monde affect\u00e9es par la crise du COVID-19, le Comit\u00e9 international pour la Mus\u00e9ologie (ICOFOM) fait part de sa pr\u00e9occupation concernant l\u2019impact de l\u2019actuelle pand\u00e9mie pour le champ mus\u00e9al. Au cours des derniers mois, nous avons observ\u00e9 de pr\u00e8s la situation des mus\u00e9es dans les pays o\u00f9 les institutions priv\u00e9es et publiques ont du fermer leurs portes, tout en continuant \u00e0 assurer leurs fonctions fondamentales de pr\u00e9servation, de recherche et de communication dans le contexte de la pand\u00e9mie.<\/p>\n<p>Face \u00e0 une potentielle r\u00e9cession \u00e9conomique et une instabilit\u00e9 politique, les mus\u00e9es sont mis aux d\u00e9fis de se r\u00e9inventer par le bais de plateformes num\u00e9riques et des r\u00e9seaux sociaux. Dans le m\u00eame temps, nous avons assist\u00e9 \u00e0 de nombreux licenciements, coupures imm\u00e9diates sur les salaires et interruption des projets en cours. Ceux-ci ont eu de plus s\u00e9rieux impacts pour le personnel le plus vuln\u00e9rable. Dans ce sc\u00e9nario de pand\u00e9mie, nous, membres du Conseil d\u2019administration d\u2019ICOFOM, aimerions exprimer notre soutien aux professionnels de mus\u00e9e \u00e0 travers le monde et partager notre espoir afin que les institutions puissent trouver des voies pour pr\u00e9server la vie des personnes impliqu\u00e9es dans la sauvegarde de notre h\u00e9ritage culturel, prouvant ainsi leur engagement envers les droits humains fondamentaux \u00e0 l\u2019\u00e9galit\u00e9 et \u00e0 la justice sociale.<\/p>\n<p>Nous pensons que la mus\u00e9ologie est une discipline au service de la soci\u00e9t\u00e9, pour l\u2019aider \u00e0 aborder les difficult\u00e9s en nous permettant de trouver du sens au pr\u00e9sent en nous r\u00e9f\u00e9rant au pass\u00e9. En travaillant sur le d\u00e9veloppement de la mus\u00e9ologie en tant qu\u2019outil pour diverses soci\u00e9t\u00e9s afin d\u2019\u00e9changer des connaissances sur l\u2019exp\u00e9rience mus\u00e9ale, ICOFOM a l\u2019intention de maintenir ses activit\u00e9s principales durant cette p\u00e9riode de discorde puis de reprise en organisant des webinars et en diffusant des publications en acc\u00e8s libre sur les sujets les plus urgents.<\/p>\n<p>Nous sommes \u00e9galement int\u00e9ress\u00e9s de conna\u00eetre comment votre mus\u00e9e, universit\u00e9 ou centre de recherches agit actuellement pendant la pand\u00e9mie et \u00e0 quelles nouvelles m\u00e9thodes vous r\u00e9fl\u00e9chissez pour le futur. Si vous avez des activit\u00e9s, exp\u00e9rience ou \u00e9v\u00e8nements en rapport avec la pand\u00e9mie que vous souhaiteriez partager avec la communaut\u00e9 mus\u00e9ologique, vous pouvez nous les transmettre par email : <a href=\"mailto:icofomsymposium@gmail.com\">icofomsymposium@gmail.com<\/a>.<\/p>\n<p>Merci, prenez soin de vous !<\/p>\n<p>Le Conseil d\u2019administration d\u2019ICOFOM (2019-2022)<\/p>\n","protected":false},"excerpt":{"rendered":"<p>Cher.e.s membres d\u2019ICOFOM, En ces temps de nombreux d\u00e9fis et d\u2019incertitudes pour les mus\u00e9es dans les diff\u00e9rentes parties du monde affect\u00e9es par la crise du COVID-19, le Comit\u00e9 international pour la Mus\u00e9ologie (ICOFOM) fait part de sa pr\u00e9occupation concernant l\u2019impact de l\u2019actuelle pand\u00e9mie pour le champ mus\u00e9al. Au cours des derniers mois, nous avons observ\u00e9 [&hellip;]<\/p>\n","protected":false},"author":35,"featured_media":0,"parent":141,"menu_order":4,"comment_status":"closed","ping_status":"closed","template":"","meta":{"footnotes":""},"yst_prominent_words":[1902,1893,1903,534,1428,78,1896,193,2099,462,186,1895,359,1900,1897,1898,1892,1899,1894,1901],"acf":[],"_links":{"self":[{"href":"https:\/\/icofom.mini.icom.museum\/fr\/wp-json\/wp\/v2\/pages\/3655"}],"collection":[{"href":"https:\/\/icofom.mini.icom.museum\/fr\/wp-json\/wp\/v2\/pages"}],"about":[{"href":"https:\/\/icofom.mini.icom.museum\/fr\/wp-json\/wp\/v2\/types\/page"}],"author":[{"embeddable":true,"href":"https:\/\/icofom.mini.icom.museum\/fr\/wp-json\/wp\/v2\/users\/35"}],"replies":[{"embeddable":true,"href":"https:\/\/icofom.mini.icom.museum\/fr\/wp-json\/wp\/v2\/comments?post=3655"}],"version-history":[{"count":4,"href":"https:\/\/icofom.mini.icom.museum\/fr\/wp-json\/wp\/v2\/pages\/3655\/revisions"}],"predecessor-version":[{"id":3661,"href":"https:\/\/icofom.mini.icom.museum\/fr\/wp-json\/wp\/v2\/pages\/3655\/revisions\/3661"}],"up":[{"embeddable":true,"href":"https:\/\/icofom.mini.icom.museum\/fr\/wp-json\/wp\/v2\/pages\/141"}],"wp:attachment":[{"href":"https:\/\/icofom.mini.icom.museum\/fr\/wp-json\/wp\/v2\/media?parent=3655"}],"wp:term":[{"taxonomy":"yst_prominent_words","embeddable":true,"href":"https:\/\/icofom.mini.icom.museum\/fr\/wp-json\/wp\/v2\/yst_prominent_words?post=3655"}],"curies":[{"name":"wp","href":"https:\/\/api.w.org\/{rel}","templated":true}]}}