{"id":411,"date":"2018-12-28T12:33:50","date_gmt":"2018-12-28T12:33:50","guid":{"rendered":"http:\/\/icofom.icom.cust.oxymium.net\/icofom-news\/evenements-a-venir\/"},"modified":"2021-02-18T21:11:33","modified_gmt":"2021-02-18T21:11:33","slug":"evenements-a-venir","status":"publish","type":"page","link":"https:\/\/icofom.mini.icom.museum\/fr\/nouvelles-de-licofom\/evenements-a-venir\/","title":{"rendered":"\u00c9v\u00e9nements \u00e0 venir"},"content":{"rendered":"<div id=\"RTE_CONTENT\">\n<p><!--TYPO3SEARCH_begin--> <!-- CONTENT ELEMENT, uid:3968\/text [begin] --><\/p>\n<div id=\"c3968\">\n<p><!-- Header: [begin] --><\/p>\n<div id=\"c9881\">\n<h2>\u00ab<strong>La d\u00e9colonisation de la mus\u00e9ologie: <\/strong><strong>mus\u00e9es, m\u00e9tissages et mythes d&#8217;origine<\/strong><strong>\u00bb<\/strong><\/h2>\n<p dir=\"ltr\">Cher.e.s membres d&#8217;ICOFOM et coll\u00e8gues de la communaut\u00e9 mus\u00e9ale,<\/p>\n<p dir=\"ltr\">En raison de la pand\u00e9mie de COVID-19, nous vous informons le report du 43e symposium annuel d&#8217;ICOFOM, organis\u00e9 en association avec le patrimoine autochtone et les mus\u00e9es canadiens, qui doit avoir lieu dans les villes de Montr\u00e9al, Qu\u00e9bec et Gatineau-Ottawa.<\/p>\n<\/div>\n<\/div>\n<div id=\"c3969\">\n<p><!-- END: Content of extension \"hpo_relatedlink\", plugin \"tx_hporelatedlink_pi1\" --><\/p>\n<\/div>\n<p><!-- CONTENT ELEMENT, uid:3969\/textpic [end] --> <!--TYPO3SEARCH_end--><\/p>\n<\/div>\n","protected":false},"excerpt":{"rendered":"<p>\u00abLa d\u00e9colonisation de la mus\u00e9ologie: mus\u00e9es, m\u00e9tissages et mythes d&#8217;origine\u00bb Cher.e.s membres d&#8217;ICOFOM et coll\u00e8gues de la communaut\u00e9 mus\u00e9ale, En raison de la pand\u00e9mie de COVID-19, nous vous informons le report du 43e symposium annuel d&#8217;ICOFOM, organis\u00e9 en association avec le patrimoine autochtone et les mus\u00e9es canadiens, qui doit avoir lieu dans les villes de [&hellip;]<\/p>\n","protected":false},"author":1,"featured_media":0,"parent":147,"menu_order":1,"comment_status":"closed","ping_status":"closed","template":"","meta":{"footnotes":""},"yst_prominent_words":[1757,2101,78,2099,462,2097,359,510,1475],"acf":[],"_links":{"self":[{"href":"https:\/\/icofom.mini.icom.museum\/fr\/wp-json\/wp\/v2\/pages\/411"}],"collection":[{"href":"https:\/\/icofom.mini.icom.museum\/fr\/wp-json\/wp\/v2\/pages"}],"about":[{"href":"https:\/\/icofom.mini.icom.museum\/fr\/wp-json\/wp\/v2\/types\/page"}],"author":[{"embeddable":true,"href":"https:\/\/icofom.mini.icom.museum\/fr\/wp-json\/wp\/v2\/users\/1"}],"replies":[{"embeddable":true,"href":"https:\/\/icofom.mini.icom.museum\/fr\/wp-json\/wp\/v2\/comments?post=411"}],"version-history":[{"count":12,"href":"https:\/\/icofom.mini.icom.museum\/fr\/wp-json\/wp\/v2\/pages\/411\/revisions"}],"predecessor-version":[{"id":4487,"href":"https:\/\/icofom.mini.icom.museum\/fr\/wp-json\/wp\/v2\/pages\/411\/revisions\/4487"}],"up":[{"embeddable":true,"href":"https:\/\/icofom.mini.icom.museum\/fr\/wp-json\/wp\/v2\/pages\/147"}],"wp:attachment":[{"href":"https:\/\/icofom.mini.icom.museum\/fr\/wp-json\/wp\/v2\/media?parent=411"}],"wp:term":[{"taxonomy":"yst_prominent_words","embeddable":true,"href":"https:\/\/icofom.mini.icom.museum\/fr\/wp-json\/wp\/v2\/yst_prominent_words?post=411"}],"curies":[{"name":"wp","href":"https:\/\/api.w.org\/{rel}","templated":true}]}}