{"id":414,"date":"2018-12-28T12:33:51","date_gmt":"2018-12-28T12:33:51","guid":{"rendered":"http:\/\/icofom.icom.cust.oxymium.net\/meetings\/icofom-annual-meeting\/"},"modified":"2025-08-18T15:14:36","modified_gmt":"2025-08-18T13:14:36","slug":"icofom-annual-meeting","status":"publish","type":"page","link":"https:\/\/icofom.mini.icom.museum\/fr\/conferences\/icofom-annual-meeting\/","title":{"rendered":"R\u00e9union annuelle de l&#8217;ICOFOM"},"content":{"rendered":"<p>Le but de la r\u00e9union annuelle de ICOFOM est de cr\u00e9er un forum international pour un d\u00e9bat de haut niveau sur un sujet mus\u00e9ologique. G\u00e9n\u00e9ralement, le sujet est diff\u00e9rent chaque ann\u00e9e, mais il est parfois analys\u00e9 sur une p\u00e9riode de trois ans.<\/p>\n<p>Les approches en mati\u00e8re de mus\u00e9ologie varient consid\u00e9rablement d&#8217;un pays \u00e0 l&#8217;autre. Par exemple, l&#8217;utilisation de mus\u00e9es pour faire des d\u00e9clarations sur le nationalisme est une priorit\u00e9 dans certains pays. Dans d&#8217;autres, la conservation et l&#8217;exposition d&#8217;artefacts hautement esth\u00e9tis\u00e9s et non controvers\u00e9s sont consid\u00e9r\u00e9s comme les r\u00f4les principaux des mus\u00e9es. En revanche, dans d\u2019autres pays, le d\u00e9veloppement de &#8220;l&#8217;histoire populaire\u00bb ou la r\u00e9cup\u00e9ration des r\u00e9cits de vies de personnes consid\u00e9r\u00e9es comme sans valeur est devenu un objectif mus\u00e9ologique primaire. La grande vari\u00e9t\u00e9 de mus\u00e9ologies internationales signifie que la r\u00e9union annuelle rev\u00eat une importance fondamentale pour l&#8217;expression et l&#8217;enregistrement de ces diff\u00e9rences.<\/p>\n<p>Lorsque la date de la r\u00e9union est annonc\u00e9e, l&#8217;appel \u00e0 contributions est accompagn\u00e9 d&#8217;un document provocateur qui est publi\u00e9 sur le site Web et qui pr\u00e9sente des possibles explorations d&#8217;un sujet particulier. Un comit\u00e9 \u00e9ditorial international fait office de groupe d\u2019arbitres qui s\u00e9lectionnent les articles publi\u00e9s et disponibles au d\u00e9but de la conf\u00e9rence. La r\u00e9union annuelle se d\u00e9roule par le biais d\u2019un d\u00e9bat anim\u00e9, \u00e9clair\u00e9 par la lecture pr\u00e9alable des documents, plut\u00f4t que par la pr\u00e9sentation unilat\u00e9rale de documents individuels.<\/p>\n<p>Les r\u00e9unions ont lieu partout dans le monde, permettant aux participants de se familiariser avec un large \u00e9ventail d&#8217;expressions mus\u00e9ologiques concr\u00e8tes. Tous les trois ans, la r\u00e9union de l&#8217;ICOFOM se d\u00e9roule dans le cadre de la triennale de l&#8217;ICOM et est accompagn\u00e9e d&#8217;\u00e9lections qui \u00e9tablissent le comit\u00e9 ex\u00e9cutif et les membres du bureau pour les trois prochaines ann\u00e9es.<\/p>\n<div class=\"section-header\">\n<h3>Symposium annuel de l\u2019ICOFOM, 2025, Duba\u00ef<\/h3>\n<\/div>\n<p>Informations sur notre prochain symposium :<\/p>\n<blockquote class=\"wp-embedded-content\" data-secret=\"tHqiEbdSvq\"><p><a href=\"https:\/\/icofom.mini.icom.museum\/fr\/conferences\/symposium-annuel-2025\/\">Symposium annuel de l&#8217;ICOFOM, 2025, Duba\u00ef<\/a><\/p><\/blockquote>\n<p><iframe class=\"wp-embedded-content\" sandbox=\"allow-scripts\" security=\"restricted\" style=\"position: absolute; clip: rect(1px, 1px, 1px, 1px);\" title=\"\u00ab\u00a0Symposium annuel de l&#8217;ICOFOM, 2025, Duba\u00ef\u00a0\u00bb &#8212; ICOM ICOFOM\" src=\"https:\/\/icofom.mini.icom.museum\/fr\/conferences\/symposium-annuel-2025\/embed\/#?secret=UIQlidNVNV#?secret=tHqiEbdSvq\" data-secret=\"tHqiEbdSvq\" width=\"500\" height=\"282\" frameborder=\"0\" marginwidth=\"0\" marginheight=\"0\" scrolling=\"no\"><\/iframe><\/p>\n<p>&nbsp;<\/p>\n<hr \/>\n<h4>\u00ab<strong>La d\u00e9colonisation de la mus\u00e9ologie:<\/strong><\/h4>\n<h4><strong>mus\u00e9es, m\u00e9tissages et mythes d\u2019origine<\/strong><strong>\u00bb<\/strong><\/h4>\n<p dir=\"ltr\">Cher.e.s membres d\u2019ICOFOM et coll\u00e8gues de la communaut\u00e9 mus\u00e9ale,<\/p>\n<p dir=\"ltr\">En raison de la pand\u00e9mie de COVID-19, nous vous informons le report du 43e symposium annuel d\u2019ICOFOM, organis\u00e9 en association avec le patrimoine autochtone et les mus\u00e9es canadiens, qui doit avoir lieu dans les villes de Montr\u00e9al, Qu\u00e9bec et Gatineau-Ottawa. Cet \u00e9v\u00e9nement, pr\u00e9vu initialement du 28 septembre au 2 octobre 2020.<\/p>\n<p>Par cons\u00e9quent, n<strong>ous \u00e9tendons \u00e9galement l\u2019\u00e9ch\u00e9ance de l\u2019appel \u00e0 communications jusqu\u2019au 31 mai 2020<\/strong>. Les propositions sont \u00e0 envoyer \u00e0 l\u2019adresse email pr\u00e9c\u00e9demment indiqu\u00e9e dans les communications :\u00a0<a href=\"mailto:icofomsymposium@gmail.com\" target=\"_blank\" rel=\"nofollow noopener\">icofomsymposium@gmail.com<\/a>. L\u2019appel \u00e0 communications\u00a0<span class=\"link_red\"><a href=\"https:\/\/drive.google.com\/open?id=1xI2xJfdNFuniJcttympZuVcwHnLxqphR\">CFP<\/a><\/span>\u00a0reste le m\u00eame, seule la date butoir change. Les r\u00e8gles de publication sont\u00a0<span class=\"link_red\"><a href=\"https:\/\/drive.google.com\/drive\/folders\/1M0lhWHc13A2L0ll16TQrc7MnaRoBM6Bd\">les\u00a0r\u00e8gles stylistiques de soumission<\/a><\/span>en anglais, fran\u00e7ais et espagnol.<\/p>\n<p>Prenez soin de soin,<\/p>\n<p>Le bureau d\u2019ICOFOM<\/p>\n","protected":false},"excerpt":{"rendered":"<p>Le but de la r\u00e9union annuelle de ICOFOM est de cr\u00e9er un forum international pour un d\u00e9bat de haut niveau sur un sujet mus\u00e9ologique. G\u00e9n\u00e9ralement, le sujet est diff\u00e9rent chaque ann\u00e9e, mais il est parfois analys\u00e9 sur une p\u00e9riode de trois ans. Les approches en mati\u00e8re de mus\u00e9ologie varient consid\u00e9rablement d&#8217;un pays \u00e0 l&#8217;autre. Par [&hellip;]<\/p>\n","protected":false},"author":1,"featured_media":0,"parent":150,"menu_order":0,"comment_status":"closed","ping_status":"closed","template":"","meta":{"footnotes":""},"yst_prominent_words":[531,534,528,78,526,672,462,1933,1754,1753,2969,525,524,535,533,527,532,530,2009,529],"acf":[],"_links":{"self":[{"href":"https:\/\/icofom.mini.icom.museum\/fr\/wp-json\/wp\/v2\/pages\/414"}],"collection":[{"href":"https:\/\/icofom.mini.icom.museum\/fr\/wp-json\/wp\/v2\/pages"}],"about":[{"href":"https:\/\/icofom.mini.icom.museum\/fr\/wp-json\/wp\/v2\/types\/page"}],"author":[{"embeddable":true,"href":"https:\/\/icofom.mini.icom.museum\/fr\/wp-json\/wp\/v2\/users\/1"}],"replies":[{"embeddable":true,"href":"https:\/\/icofom.mini.icom.museum\/fr\/wp-json\/wp\/v2\/comments?post=414"}],"version-history":[{"count":6,"href":"https:\/\/icofom.mini.icom.museum\/fr\/wp-json\/wp\/v2\/pages\/414\/revisions"}],"predecessor-version":[{"id":8153,"href":"https:\/\/icofom.mini.icom.museum\/fr\/wp-json\/wp\/v2\/pages\/414\/revisions\/8153"}],"up":[{"embeddable":true,"href":"https:\/\/icofom.mini.icom.museum\/fr\/wp-json\/wp\/v2\/pages\/150"}],"wp:attachment":[{"href":"https:\/\/icofom.mini.icom.museum\/fr\/wp-json\/wp\/v2\/media?parent=414"}],"wp:term":[{"taxonomy":"yst_prominent_words","embeddable":true,"href":"https:\/\/icofom.mini.icom.museum\/fr\/wp-json\/wp\/v2\/yst_prominent_words?post=414"}],"curies":[{"name":"wp","href":"https:\/\/api.w.org\/{rel}","templated":true}]}}