{"id":4262,"date":"2020-11-19T16:02:49","date_gmt":"2020-11-19T16:02:49","guid":{"rendered":"http:\/\/icofom.mini.icom.museum\/?page_id=4262"},"modified":"2020-11-19T16:42:08","modified_gmt":"2020-11-19T16:42:08","slug":"autres-reunions-de-licofom","status":"publish","type":"page","link":"https:\/\/icofom.mini.icom.museum\/fr\/conferences\/autres-reunions-de-licofom\/","title":{"rendered":"Autres r\u00e9unions de l&#8217;ICOFOM"},"content":{"rendered":"<h3><strong>VIII S\u00c9MINAIRE INTERNATIONAL SUR LA MUS\u00c9OLOGIE EXP\u00c9RIMENTALE<\/strong><\/h3>\n<p>Le Symposium international en ligne &#8220;L&#8217;exp\u00e9rience mus\u00e9ale: mus\u00e9es, action communautaire et d\u00e9colonisation&#8221; est organis\u00e9 par ICOFOM, ICOM LAC, MINOM et ICOM Br\u00e9sil, qui se tiendra les 3 et 4 d\u00e9cembre 2020. Le lien vers le formulaire d&#8217;inscription est <a href=\"https:\/\/bit.ly\/3nkrsHW\" target=\"_blank\" rel=\"noopener\">https:\/\/bit.ly\/3nkrsHW<\/a>. Les informations logistiques seront envoy\u00e9es aux participants inscrits.<\/p>\n<p>Ce s\u00e9minaire fait partie du projet sp\u00e9cial Mus\u00e9es, Action communautaire et D\u00e9colonisation propos\u00e9 par l&#8217;ICOFOM et plusieurs autres comit\u00e9s et associations pour cette triennale, ayant re\u00e7u le soutien de l&#8217;ICOM pour 2020 et 2021. Le projet vise \u00e0 favoriser les d\u00e9bats et \u00e0 d\u00e9velopper des bases r\u00e9flexives pour la pratique mus\u00e9ale relative aux revendications et aux actions des communaut\u00e9s qui recherchent une plus grande agence \u00e0 travers le forum du mus\u00e9e.<\/p>\n<p><span class=\"link_blue\"><a href=\"https:\/\/drive.google.com\/file\/d\/1uUgYGsbdfM9pLL48HHF79ABJhGF_lBbW\/view?usp=sharing\" target=\"_blank\" rel=\"noopener\">Programme<\/a><\/span><\/p>\n<p><strong>Toutes les heures indiqu\u00e9es sont exprim\u00e9es en heure de Brasilia, UTC -3.<\/strong><\/p>\n","protected":false},"excerpt":{"rendered":"<p>VIII S\u00c9MINAIRE INTERNATIONAL SUR LA MUS\u00c9OLOGIE EXP\u00c9RIMENTALE Le Symposium international en ligne &#8220;L&#8217;exp\u00e9rience mus\u00e9ale: mus\u00e9es, action communautaire et d\u00e9colonisation&#8221; est organis\u00e9 par ICOFOM, ICOM LAC, MINOM et ICOM Br\u00e9sil, qui se tiendra les 3 et 4 d\u00e9cembre 2020. Le lien vers le formulaire d&#8217;inscription est https:\/\/bit.ly\/3nkrsHW. Les informations logistiques seront envoy\u00e9es aux participants inscrits. Ce [&hellip;]<\/p>\n","protected":false},"author":35,"featured_media":0,"parent":150,"menu_order":0,"comment_status":"closed","ping_status":"closed","template":"","meta":{"footnotes":""},"yst_prominent_words":[2607,2926,2923,2921,2929,2927,2924,2099,462,2928,2085,2097,359,510,2925,2922,2920,2919,435,2930],"acf":[],"_links":{"self":[{"href":"https:\/\/icofom.mini.icom.museum\/fr\/wp-json\/wp\/v2\/pages\/4262"}],"collection":[{"href":"https:\/\/icofom.mini.icom.museum\/fr\/wp-json\/wp\/v2\/pages"}],"about":[{"href":"https:\/\/icofom.mini.icom.museum\/fr\/wp-json\/wp\/v2\/types\/page"}],"author":[{"embeddable":true,"href":"https:\/\/icofom.mini.icom.museum\/fr\/wp-json\/wp\/v2\/users\/35"}],"replies":[{"embeddable":true,"href":"https:\/\/icofom.mini.icom.museum\/fr\/wp-json\/wp\/v2\/comments?post=4262"}],"version-history":[{"count":2,"href":"https:\/\/icofom.mini.icom.museum\/fr\/wp-json\/wp\/v2\/pages\/4262\/revisions"}],"predecessor-version":[{"id":4298,"href":"https:\/\/icofom.mini.icom.museum\/fr\/wp-json\/wp\/v2\/pages\/4262\/revisions\/4298"}],"up":[{"embeddable":true,"href":"https:\/\/icofom.mini.icom.museum\/fr\/wp-json\/wp\/v2\/pages\/150"}],"wp:attachment":[{"href":"https:\/\/icofom.mini.icom.museum\/fr\/wp-json\/wp\/v2\/media?parent=4262"}],"wp:term":[{"taxonomy":"yst_prominent_words","embeddable":true,"href":"https:\/\/icofom.mini.icom.museum\/fr\/wp-json\/wp\/v2\/yst_prominent_words?post=4262"}],"curies":[{"name":"wp","href":"https:\/\/api.w.org\/{rel}","templated":true}]}}