{"id":4490,"date":"2021-02-19T23:18:26","date_gmt":"2021-02-19T23:18:26","guid":{"rendered":"http:\/\/icofom.mini.icom.museum\/?page_id=4490"},"modified":"2021-07-04T21:24:10","modified_gmt":"2021-07-04T21:24:10","slug":"consultation-pour-une-nouvelle-definition-du-musee-icofom","status":"publish","type":"page","link":"https:\/\/icofom.mini.icom.museum\/fr\/nouvelles-de-licofom\/consultation-pour-une-nouvelle-definition-du-musee-icofom\/","title":{"rendered":"Consultation pour une nouvelle d\u00e9finition du mus\u00e9e (ICOFOM)"},"content":{"rendered":"<p>ICOM Define, actuel comit\u00e9 en charge de la production d\u2019une nouvelle d\u00e9finition du mus\u00e9e pour la rencontre triennale de l\u2019ICOM en 2022, a demand\u00e9 \u00e0 tous les comit\u00e9s internationaux de contacter leurs membres, avec la volont\u00e9 qu\u2019une consultation de plus grande envergure permettrait d\u2019obtenir une nouvelle d\u00e9finition acceptable pour tou\u00b7te\u00b7s.<\/p>\n<p><a href=\"http:\/\/icofom.mini.icom.museum\/wp-content\/uploads\/sites\/18\/2021\/07\/report_icofom_2021.pdf\">Report<\/a> (anglais)<\/p>\n<div class=\"gmail_default\"><\/div>\n","protected":false},"excerpt":{"rendered":"<p>ICOM Define, actuel comit\u00e9 en charge de la production d\u2019une nouvelle d\u00e9finition du mus\u00e9e pour la rencontre triennale de l\u2019ICOM en 2022, a demand\u00e9 \u00e0 tous les comit\u00e9s internationaux de contacter leurs membres, avec la volont\u00e9 qu\u2019une consultation de plus grande envergure permettrait d\u2019obtenir une nouvelle d\u00e9finition acceptable pour tou\u00b7te\u00b7s. Report (anglais)<\/p>\n","protected":false},"author":78,"featured_media":0,"parent":147,"menu_order":0,"comment_status":"closed","ping_status":"closed","template":"","meta":{"footnotes":""},"yst_prominent_words":[434,429,3155,2101,713,2562,2099,473,2082,2151,2097,359,3152,3151,3147,3145,435,1894,3150,3149,3154,3153,3146],"acf":[],"_links":{"self":[{"href":"https:\/\/icofom.mini.icom.museum\/fr\/wp-json\/wp\/v2\/pages\/4490"}],"collection":[{"href":"https:\/\/icofom.mini.icom.museum\/fr\/wp-json\/wp\/v2\/pages"}],"about":[{"href":"https:\/\/icofom.mini.icom.museum\/fr\/wp-json\/wp\/v2\/types\/page"}],"author":[{"embeddable":true,"href":"https:\/\/icofom.mini.icom.museum\/fr\/wp-json\/wp\/v2\/users\/78"}],"replies":[{"embeddable":true,"href":"https:\/\/icofom.mini.icom.museum\/fr\/wp-json\/wp\/v2\/comments?post=4490"}],"version-history":[{"count":5,"href":"https:\/\/icofom.mini.icom.museum\/fr\/wp-json\/wp\/v2\/pages\/4490\/revisions"}],"predecessor-version":[{"id":4714,"href":"https:\/\/icofom.mini.icom.museum\/fr\/wp-json\/wp\/v2\/pages\/4490\/revisions\/4714"}],"up":[{"embeddable":true,"href":"https:\/\/icofom.mini.icom.museum\/fr\/wp-json\/wp\/v2\/pages\/147"}],"wp:attachment":[{"href":"https:\/\/icofom.mini.icom.museum\/fr\/wp-json\/wp\/v2\/media?parent=4490"}],"wp:term":[{"taxonomy":"yst_prominent_words","embeddable":true,"href":"https:\/\/icofom.mini.icom.museum\/fr\/wp-json\/wp\/v2\/yst_prominent_words?post=4490"}],"curies":[{"name":"wp","href":"https:\/\/api.w.org\/{rel}","templated":true}]}}