{"id":462,"date":"2018-12-28T12:33:59","date_gmt":"2018-12-28T12:33:59","guid":{"rendered":"http:\/\/icofom.icom.cust.oxymium.net\/meetings\/prochaine-conference\/"},"modified":"2020-09-14T22:21:10","modified_gmt":"2020-09-14T22:21:10","slug":"prochaine-conference","status":"publish","type":"page","link":"https:\/\/icofom.mini.icom.museum\/fr\/conferences\/prochaine-conference\/","title":{"rendered":"Conf\u00e9rence annuelle de l&#8217;ICOFOM, 2020"},"content":{"rendered":"<h1 id=\"RTE_CONTENT\"><span style=\"color: #2b2b2b;font-family: Arial;font-size: 27.5px;font-weight: bold\">SYMPOSIUM ANNUEL DE L&#8217;ICOFOM et ASSEMBL\u00c9E G\u00c9N\u00c9RALE, en ligne, Etats-Unis<\/span>, 27-28 ao\u00fbt 2020<\/h1>\n<h3>Mus\u00e9ologie th\u00e9orique dans les contextes am\u00e9ricains et tribaux<\/h3>\n<div>Un symposium organis\u00e9 et organis\u00e9 par le Comit\u00e9 international de mus\u00e9ologie (ICOFOM), Conseil international des mus\u00e9es &#8211; \u00c9tats-Unis (ICOM-U.S.), L&#8217;Association des mus\u00e9es afro-am\u00e9ricains (AAAM) et la Southern New Hampshire University (SNHU)La premi\u00e8re Assembl\u00e9e g\u00e9n\u00e9rale annuelle de l&#8217;ICOFOM se tiendra enti\u00e8rement en ligne.<span class=\"link_blue\"><a href=\"https:\/\/spark.adobe.com\/page\/Xodh9D32c3KHE\/\" target=\"_blank\" rel=\"noopener\">Page d&#8217;accueil<\/a><\/span><\/p>\n<p><span class=\"link_blue\"><a href=\"https:\/\/docs.google.com\/forms\/d\/e\/1FAIpQLSfg2Oz0IqM14xBP7b9agBveiNwfF1573Ui1HSn-uD9XFMchCg\/viewform\" target=\"_blank\" rel=\"noopener\">Formulaire d&#8217;inscription<\/a><\/span><\/p>\n<p><span class=\"link_blue\"><a href=\"https:\/\/spark.adobe.com\/page\/BHbTSpUtn3z2R\/\" target=\"_blank\" rel=\"noopener\">Horaire du programme<\/a><\/span><\/p>\n<p><span class=\"link_blue\"><a href=\"https:\/\/spark.adobe.com\/page\/U6LxLha1aDlr8\/\" target=\"_blank\" rel=\"noopener\">Liste des pr\u00e9sentateurs<\/a><\/span><\/p>\n<\/div>\n<div>\n<p>&nbsp;<\/p>\n<\/div>\n","protected":false},"excerpt":{"rendered":"<p>SYMPOSIUM ANNUEL DE L&#8217;ICOFOM et ASSEMBL\u00c9E G\u00c9N\u00c9RALE, en ligne, Etats-Unis, 27-28 ao\u00fbt 2020 Mus\u00e9ologie th\u00e9orique dans les contextes am\u00e9ricains et tribaux Un symposium organis\u00e9 et organis\u00e9 par le Comit\u00e9 international de mus\u00e9ologie (ICOFOM), Conseil international des mus\u00e9es &#8211; \u00c9tats-Unis (ICOM-U.S.), L&#8217;Association des mus\u00e9es afro-am\u00e9ricains (AAAM) et la Southern New Hampshire University (SNHU)La premi\u00e8re Assembl\u00e9e g\u00e9n\u00e9rale [&hellip;]<\/p>\n","protected":false},"author":1,"featured_media":0,"parent":150,"menu_order":1,"comment_status":"closed","ping_status":"closed","template":"","meta":{"footnotes":""},"yst_prominent_words":[1358,937,387,528,193,190,194,85,462,1359,149,674,86,2010,1475,461,1474,97],"acf":[],"_links":{"self":[{"href":"https:\/\/icofom.mini.icom.museum\/fr\/wp-json\/wp\/v2\/pages\/462"}],"collection":[{"href":"https:\/\/icofom.mini.icom.museum\/fr\/wp-json\/wp\/v2\/pages"}],"about":[{"href":"https:\/\/icofom.mini.icom.museum\/fr\/wp-json\/wp\/v2\/types\/page"}],"author":[{"embeddable":true,"href":"https:\/\/icofom.mini.icom.museum\/fr\/wp-json\/wp\/v2\/users\/1"}],"replies":[{"embeddable":true,"href":"https:\/\/icofom.mini.icom.museum\/fr\/wp-json\/wp\/v2\/comments?post=462"}],"version-history":[{"count":11,"href":"https:\/\/icofom.mini.icom.museum\/fr\/wp-json\/wp\/v2\/pages\/462\/revisions"}],"predecessor-version":[{"id":4014,"href":"https:\/\/icofom.mini.icom.museum\/fr\/wp-json\/wp\/v2\/pages\/462\/revisions\/4014"}],"up":[{"embeddable":true,"href":"https:\/\/icofom.mini.icom.museum\/fr\/wp-json\/wp\/v2\/pages\/150"}],"wp:attachment":[{"href":"https:\/\/icofom.mini.icom.museum\/fr\/wp-json\/wp\/v2\/media?parent=462"}],"wp:term":[{"taxonomy":"yst_prominent_words","embeddable":true,"href":"https:\/\/icofom.mini.icom.museum\/fr\/wp-json\/wp\/v2\/yst_prominent_words?post=462"}],"curies":[{"name":"wp","href":"https:\/\/api.w.org\/{rel}","templated":true}]}}