{"id":4799,"date":"2021-08-27T21:46:07","date_gmt":"2021-08-27T21:46:07","guid":{"rendered":"https:\/\/icofom.mini.icom.museum\/?page_id=4799"},"modified":"2021-08-27T21:46:07","modified_gmt":"2021-08-27T21:46:07","slug":"necrologie-dr-jose-linares-ferrera-2021","status":"publish","type":"page","link":"https:\/\/icofom.mini.icom.museum\/fr\/homepage\/necrologies\/necrologie-dr-jose-linares-ferrera-2021\/","title":{"rendered":"N\u00e9crologie: Dr Jos\u00e9 Linares Ferrera (2021)"},"content":{"rendered":"<p><img decoding=\"async\" loading=\"lazy\" class=\"size-medium wp-image-4792 aligncenter\" src=\"https:\/\/icofom.mini.icom.museum\/wp-content\/uploads\/sites\/18\/2021\/08\/IMG_7040-300x300.jpg\" alt=\"\" width=\"300\" height=\"300\" srcset=\"https:\/\/icofom.mini.icom.museum\/wp-content\/uploads\/sites\/18\/2021\/08\/IMG_7040-300x300.jpg 300w, https:\/\/icofom.mini.icom.museum\/wp-content\/uploads\/sites\/18\/2021\/08\/IMG_7040-150x150.jpg 150w, https:\/\/icofom.mini.icom.museum\/wp-content\/uploads\/sites\/18\/2021\/08\/IMG_7040.jpg 750w\" sizes=\"(max-width: 300px) 100vw, 300px\" \/><\/p>\n<p>Au d\u00e9but de juillet 2021, l\u2019architecte Dr Jos\u00e9 Linares Ferrera, P\u00e9p\u00e9, nous a quitt\u00e9s, regrett\u00e9 par ses coll\u00e8gues et ses amis. Nous avons perdu un repr\u00e9sentant essentiel de la culture et en particulier de la mus\u00e9ographie de Cuba, pour lesquelles il avait d\u00e9di\u00e9 sa vie et s\u2019est investi jusqu\u2019au dernier instant.<span class=\"Apple-converted-space\">\u00a0<\/span><\/p>\n<p>N\u00e9 dans une famille modeste, il \u00e9tait fascin\u00e9 depuis son enfance par le monde des mus\u00e9es, alors presqu\u2019inexplor\u00e9, et se caract\u00e9risait pour son bon go\u00fbt et ses grands talents en dessin, design et cr\u00e9ation. Chez Servando Cabrera, il rencontra Marta Arjona, alors qu\u2019elle \u00e9tait investie dans la cr\u00e9ation de ce qui allait devenir l\u2019\u00e9norme r\u00e9seau de mus\u00e9es que poss\u00e8de le pays, ce pourquoi nous leur devons beaucoup.<\/p>\n<p>Dipl\u00f4m\u00e9 en architecture, il effectua ses \u00e9tudes sup\u00e9rieures dans cette discipline au sein de l&#8217;universit\u00e9 Caroline de Prague, o\u00f9 il obtint d\u2019excellentes notes. Il continua \u00e0 travailler avec Marta sans interruption dans le projet de cr\u00e9er de nouveaux mus\u00e9es et de former du personnel pour assurer les t\u00e2ches dans ces nouvelles institutions. Il fut aussi le principal partisan des plus importants projets de transformation et d\u2019adaptation des mus\u00e9es pr\u00e9existants, en mettant en valeur le travail entrepris dans les mus\u00e9es Oscar M. Rojas de C\u00e1rdenas et Emilio Bacard\u00ed \u00e0 Santiago de Cuba. Il organisa et participa activement aux \u00e9changes culturels r\u00e9guliers entre les pays du bloc sovi\u00e9tique et assura le commissariat des plus importantes expositions qui furent pr\u00e9sent\u00e9es pour la premi\u00e8re fois dans le monde, principalement gr\u00e2ce aux financements de ce qui \u00e9tait alors appel\u00e9 le mus\u00e9e national.<\/p>\n<p>Quand la Loi 23, concernant la cr\u00e9ation des mus\u00e9es municipaux, entra en vigueur, il dirigea une \u00e9quipe en charge de la cr\u00e9ation de ces institutions, depuis la municipalit\u00e9 de Mais\u00ed, \u00e0 l\u2019extr\u00eame est de Cuba, jusqu\u2019\u00e0 Sandino, \u00e0 Pinar del R\u00edo. C\u2019\u00e9tait une t\u00e2che titanesque, de laquelle il obtint de quoi th\u00e9oriser cette exp\u00e9rience unique \u00e0 l\u2019\u00e9chelle de la r\u00e9gion et du monde.<span class=\"Apple-converted-space\">\u00a0<\/span><\/p>\n<p>Il d\u00e9veloppa une grande p\u00e9dagogie et un travail \u00e9ducatif, qui lui permirent de traduire ses pratiques dans d\u2019importants textes \u00e0 propos de la mus\u00e9ographie, qui constituent des r\u00e9f\u00e9rences essentielles \u00e0 l\u2019\u00e9chelle nationale et internationale.<span class=\"Apple-converted-space\">\u00a0<\/span><\/p>\n<p>Il est le fondateur de la premi\u00e8re organisation r\u00e9gionale des mus\u00e9es en Am\u00e9rique latine et dans les Cara\u00efbes rattach\u00e9e au Conseil international des mus\u00e9es (ICOM), auquel il resta li\u00e9 jusqu\u2019\u00e0 sa mort en occupant la position de pr\u00e9sident honoraire \u00e0 vie. Il repr\u00e9senta Cuba dans de nombreux \u00e9v\u00e8nements de cette organisation internationale et participa \u00e0 plusieurs Conf\u00e9rences g\u00e9n\u00e9rales. Il donna des conf\u00e9rences dans sa sp\u00e9cialit\u00e9 et sur ses nombreuses publications et recherches sur les centres culturels et \u00e9ducatifs. Il fut membre du conseil d\u2019administration d\u2019ICOFOM LAM, \u00e0 pr\u00e9sent renomm\u00e9 ICOFOM LAC, de 2017 \u00e0 2020.<span class=\"Apple-converted-space\">\u00a0<\/span><\/p>\n<p>Durant plusieurs ann\u00e9es, il poursuivit une collaboration \u00e9troite avec la R\u00e9publique dominicaine, en enseignant et en travaillant dans les mus\u00e9es de ce pays, en particulier le site historique de Montecristy.<\/p>\n<p>Il fut associ\u00e9, en tant que chef de projet, \u00e0 la cr\u00e9ation du mus\u00e9e m\u00e9morial Jos\u00e9 Mart\u00ed, au pied du monument du m\u00eame nom qui fut inaugur\u00e9 en 1995. Il rencontra Fidel Castro, pour lequel il avait une \u00e9norme admiration, ce qui le rendit extr\u00eamement fier. \u00c0 nouveau, dans le cadre du grand projet de nouveau mus\u00e9e national des beaux-arts, le commandant en chef lui confia le r\u00f4le de principal artisan, ce qui culmina en 2001 avec l\u2019expansion de cette importante institution comptant trois<span class=\"Apple-converted-space\">\u00a0 <\/span>b\u00e2timents dans le centre historique de la ville. Il continua imm\u00e9diatement le gigantesque chantier de transformer le b\u00e2timent de ce qui allait devenir le Colegio de San Ger\u00f3nimo, conjointement avec son ami proche Eusebio Leal, avec lequel il entretenait une amiti\u00e9 profonde.<\/p>\n<p>Ensemble, ils partag\u00e8rent la pr\u00e9sidence du comit\u00e9 cubain de l\u2019ICOM, puis il occupa lui-m\u00eame le poste de pr\u00e9sident, sur \u00e9lection de tous ses coll\u00e8gues.<span class=\"Apple-converted-space\">\u00a0<\/span><\/p>\n<p>Il re\u00e7ut les plus importantes d\u00e9corations dans le secteur de la culture, tels que la distinction pour la culture nationale, l\u2019ordre de Juan Marinello, la m\u00e9daille Alejo Carpentier, le prix national pour le patrimoine culturel et beaucoup d\u2019autres, d\u2019envergure internationale pour certains.<\/p>\n<p>Il \u00e9tait membre d\u2019UNEAC, d\u2019UNAIC et professeur en sp\u00e9cialit\u00e9 de mus\u00e9ographie au Colegio de San Ger\u00f3nimo \u00e0 l\u2019universit\u00e9 de La Havane.<span class=\"Apple-converted-space\">\u00a0<\/span><\/p>\n<p>En septembre 2021, il aurait eu 81 ans.<span class=\"Apple-converted-space\">\u00a0<\/span><\/p>\n<p><span class=\"Apple-converted-space\">\u00a0<\/span><\/p>\n<p>\u00c9crit par Moraima Clavijo.<\/p>\n<p>Traduit par Marion Bertin.<\/p>\n","protected":false},"excerpt":{"rendered":"<p>Au d\u00e9but de juillet 2021, l\u2019architecte Dr Jos\u00e9 Linares Ferrera, P\u00e9p\u00e9, nous a quitt\u00e9s, regrett\u00e9 par ses coll\u00e8gues et ses amis. Nous avons perdu un repr\u00e9sentant essentiel de la culture et en particulier de la mus\u00e9ographie de Cuba, pour lesquelles il avait d\u00e9di\u00e9 sa vie et s\u2019est investi jusqu\u2019au dernier instant.\u00a0 N\u00e9 dans une famille [&hellip;]<\/p>\n","protected":false},"author":78,"featured_media":0,"parent":159,"menu_order":4,"comment_status":"closed","ping_status":"closed","template":"","meta":{"footnotes":""},"yst_prominent_words":[534,78,190,2099,2097],"acf":[],"_links":{"self":[{"href":"https:\/\/icofom.mini.icom.museum\/fr\/wp-json\/wp\/v2\/pages\/4799"}],"collection":[{"href":"https:\/\/icofom.mini.icom.museum\/fr\/wp-json\/wp\/v2\/pages"}],"about":[{"href":"https:\/\/icofom.mini.icom.museum\/fr\/wp-json\/wp\/v2\/types\/page"}],"author":[{"embeddable":true,"href":"https:\/\/icofom.mini.icom.museum\/fr\/wp-json\/wp\/v2\/users\/78"}],"replies":[{"embeddable":true,"href":"https:\/\/icofom.mini.icom.museum\/fr\/wp-json\/wp\/v2\/comments?post=4799"}],"version-history":[{"count":1,"href":"https:\/\/icofom.mini.icom.museum\/fr\/wp-json\/wp\/v2\/pages\/4799\/revisions"}],"predecessor-version":[{"id":4800,"href":"https:\/\/icofom.mini.icom.museum\/fr\/wp-json\/wp\/v2\/pages\/4799\/revisions\/4800"}],"up":[{"embeddable":true,"href":"https:\/\/icofom.mini.icom.museum\/fr\/wp-json\/wp\/v2\/pages\/159"}],"wp:attachment":[{"href":"https:\/\/icofom.mini.icom.museum\/fr\/wp-json\/wp\/v2\/media?parent=4799"}],"wp:term":[{"taxonomy":"yst_prominent_words","embeddable":true,"href":"https:\/\/icofom.mini.icom.museum\/fr\/wp-json\/wp\/v2\/yst_prominent_words?post=4799"}],"curies":[{"name":"wp","href":"https:\/\/api.w.org\/{rel}","templated":true}]}}