{"id":531,"date":"2018-12-28T12:34:18","date_gmt":"2018-12-28T12:34:18","guid":{"rendered":"http:\/\/icofom.icom.cust.oxymium.net\/meetings\/conferences-anterieures\/"},"modified":"2020-09-14T22:17:45","modified_gmt":"2020-09-14T22:17:45","slug":"conferences-anterieures","status":"publish","type":"page","link":"https:\/\/icofom.mini.icom.museum\/fr\/conferences\/conferences-anterieures\/","title":{"rendered":"ICOFOM Annual Symposium, 2014"},"content":{"rendered":"<div id=\"RTE_CONTENT\">\n<p><!--TYPO3SEARCH_begin--> <!-- CONTENT ELEMENT, uid:3970\/textpic [begin] --><\/p>\n<div id=\"c3970\">\n<p><!-- Header: [begin] --><\/p>\n<h2>37\u00e8me Symposium international de l\u2019ICOFOM<\/h2>\n<p><!-- Header: [end] --> <!-- Image block: [begin] --><\/p>\n<div>\n<div>\n<p><!-- Text: [begin] --><\/p>\n<p>&nbsp;<\/p>\n<p><b>5 au 9 juin 2014<\/b><\/p>\n<p><b>\u00a0<\/b><\/p>\n<p><b>Nouvelles tendances de la mus\u00e9ologie<\/b><\/p>\n<p><b>\u00a0<\/b><\/p>\n<p>Le terme de mus\u00e9ologie est utilis\u00e9 ici pour d\u00e9signer l\u2019ensemble des th\u00e9ories et r\u00e9flexions critiques li\u00e9es au champ mus\u00e9al. Cette d\u00e9finition, adopt\u00e9e par l\u2019ICOFOM, englobe ainsi nombre de courants, parfois divergents, mais tous li\u00e9s par la relation sp\u00e9cifique que l\u2019homme entretient avec la r\u00e9alit\u00e9 \u00e0 travers l\u2019exp\u00e9rience mus\u00e9ale. Faire le point de l\u2019\u00e9tat des recherches, confronter les analyses et les d\u00e9marches, interroger les nouvelles tendances se d\u00e9gageant au sein du champ mus\u00e9al, tels sont les objectifs de ce colloque d\u2019ICOFOM.<\/p>\n<p><b>\u00a0<\/b><\/p>\n<p><a title=\"TEXT, 2014 37th Programme ICOFOM ENG, 2014_37th_Programme_ICOFOM_ENG.pdf, 1.1 MB\" href=\"http:\/\/icofom.mini.icom.museum\/wp-content\/uploads\/sites\/18\/2018\/12\/2014_37th_Programme_ICOFOM_ENG.pdf\" target=\"_blank\" rel=\"noopener\">Program<\/a> (Eng.)<\/p>\n<p><a title=\"TEXT, 2014 ICOFOM Nouvelles tendances de la museologie Programme, 2014_ICOFOM_Nouvelles_tendances_de_la_museologie_Programme.pdf, 1.1 MB\" href=\"http:\/\/icofom.mini.icom.museum\/wp-content\/uploads\/sites\/18\/2018\/12\/2014_ICOFOM_Nouvelles_tendances_de_la_museologie_Programme.pdf\" target=\"_blank\" rel=\"noopener\">Programme<\/a> (Fra.)<\/p>\n<p><a title=\"TEXT, 2014 ICOFOM AGM Minutes FINAL 02, 2014_ICOFOM_AGM_Minutes_FINAL_02.docx, 19.0 KB\" href=\"http:\/\/icofom.mini.icom.museum\/wp-content\/uploads\/sites\/18\/2018\/12\/2014_ICOFOM_AGM_Minutes_FINAL_02.docx\" target=\"_blank\" rel=\"noopener\">Actes de l&#8217;Assembl\u00e9\u00a0G\u00e9nerale d&#8217;ICOFOM, 2014\u00a0<\/a><\/p>\n<p><!-- Text: [end] --><\/p>\n<\/div>\n<div>\n<div>\n<ul>\n<li><img decoding=\"async\" src=\"http:\/\/icofom.mini.icom.museum\/wp-content\/uploads\/sites\/18\/2018\/12\/IRD-moyen_07.jpg\" alt=\"\" \/><\/li>\n<\/ul>\n<\/div>\n<div>\n<ul>\n<li><img decoding=\"async\" src=\"http:\/\/icofom.mini.icom.museum\/wp-content\/uploads\/sites\/18\/2018\/12\/PALOC_logo_vecto2014_06.jpg\" alt=\"\" \/><\/li>\n<\/ul>\n<\/div>\n<\/div>\n<\/div>\n<div><!-- --><\/div>\n<p><!-- Image block: [end] --> <!-- BEGIN: Content of extension \"hpo_relatedlink\", plugin \"tx_hporelatedlink_pi1\" --><\/p>\n<div><\/div>\n<p><!-- END: Content of extension \"hpo_relatedlink\", plugin \"tx_hporelatedlink_pi1\" --><\/p>\n<\/div>\n<p><!-- CONTENT ELEMENT, uid:3970\/textpic [end] --> <!-- CONTENT ELEMENT, uid:13552\/image [begin] --><\/p>\n<div id=\"c13552\">\n<p><!-- Image block: [begin] --><\/p>\n<div>\n<div><img decoding=\"async\" src=\"http:\/\/icofom.mini.icom.museum\/wp-content\/uploads\/sites\/18\/2018\/12\/7f2f1992ee.jpg\" alt=\"\" \/><\/div>\n<\/div>\n<div><!-- --><\/div>\n<p><!-- Image block: [end] --> <!-- BEGIN: Content of extension \"hpo_relatedlink\", plugin \"tx_hporelatedlink_pi1\" --><\/p>\n<div><\/div>\n<p><!-- END: Content of extension \"hpo_relatedlink\", plugin \"tx_hporelatedlink_pi1\" --><\/p>\n<\/div>\n<p><!-- CONTENT ELEMENT, uid:13552\/image [end] --> <!-- CONTENT ELEMENT, uid:12167\/textpic [begin] --><\/p>\n<div id=\"c12167\">\n<p><!-- Header: [begin] --><\/p>\n<h2>Hommage \u00e0 Andr\u00e9 Desvall\u00e9es<\/h2>\n<p><!-- Header: [end] --> <!-- Image block: [begin] --><\/p>\n<div>\n<div>\n<p><!-- Text: [begin] --><\/p>\n<p>Lors de la 23<sup>\u00e8me<\/sup> Conf\u00e9rence g\u00e9n\u00e9rale de l\u2019ICOM, qui s\u2019est tenue \u00e0 Rio en ao\u00fbt 2013, Andr\u00e9 Desvall\u00e9es a \u00e9t\u00e9 \u00e9lu Membre d\u2019honneur de l\u2019ICOM. Nous souhaiterions marquer cet \u00e9v\u00e9nement en rassemblant les contributions de ceux qui l\u2019ont connu et\/ou ont \u00e9t\u00e9 influenc\u00e9s par lui.<\/p>\n<p><b>\u00a0<\/b><\/p>\n<p><!-- Text: [end] --><\/p>\n<\/div>\n<div><img decoding=\"async\" src=\"http:\/\/icofom.mini.icom.museum\/wp-content\/uploads\/sites\/18\/2018\/12\/f47ca4810d.jpg\" alt=\"\" \/><\/div>\n<\/div>\n<div><!-- --><\/div>\n<p><!-- Image block: [end] --> <!-- BEGIN: Content of extension \"hpo_relatedlink\", plugin \"tx_hporelatedlink_pi1\" --><\/p>\n<div><\/div>\n<p><!-- END: Content of extension \"hpo_relatedlink\", plugin \"tx_hporelatedlink_pi1\" --><\/p>\n<\/div>\n<p><!-- CONTENT ELEMENT, uid:12167\/textpic [end] --> <!--TYPO3SEARCH_end--><\/p>\n<\/div>\n","protected":false},"excerpt":{"rendered":"<p>37\u00e8me Symposium international de l\u2019ICOFOM &nbsp; 5 au 9 juin 2014 \u00a0 Nouvelles tendances de la mus\u00e9ologie \u00a0 Le terme de mus\u00e9ologie est utilis\u00e9 ici pour d\u00e9signer l\u2019ensemble des th\u00e9ories et r\u00e9flexions critiques li\u00e9es au champ mus\u00e9al. Cette d\u00e9finition, adopt\u00e9e par l\u2019ICOFOM, englobe ainsi nombre de courants, parfois divergents, mais tous li\u00e9s par la relation [&hellip;]<\/p>\n","protected":false},"author":1,"featured_media":0,"parent":150,"menu_order":2,"comment_status":"closed","ping_status":"closed","template":"","meta":{"footnotes":""},"yst_prominent_words":[2228,2226,476,1450,1447,2101,713,78,193,462,674,2097,359,510,1451,461,1448,1446,463,1449],"acf":[],"_links":{"self":[{"href":"https:\/\/icofom.mini.icom.museum\/fr\/wp-json\/wp\/v2\/pages\/531"}],"collection":[{"href":"https:\/\/icofom.mini.icom.museum\/fr\/wp-json\/wp\/v2\/pages"}],"about":[{"href":"https:\/\/icofom.mini.icom.museum\/fr\/wp-json\/wp\/v2\/types\/page"}],"author":[{"embeddable":true,"href":"https:\/\/icofom.mini.icom.museum\/fr\/wp-json\/wp\/v2\/users\/1"}],"replies":[{"embeddable":true,"href":"https:\/\/icofom.mini.icom.museum\/fr\/wp-json\/wp\/v2\/comments?post=531"}],"version-history":[{"count":4,"href":"https:\/\/icofom.mini.icom.museum\/fr\/wp-json\/wp\/v2\/pages\/531\/revisions"}],"predecessor-version":[{"id":4011,"href":"https:\/\/icofom.mini.icom.museum\/fr\/wp-json\/wp\/v2\/pages\/531\/revisions\/4011"}],"up":[{"embeddable":true,"href":"https:\/\/icofom.mini.icom.museum\/fr\/wp-json\/wp\/v2\/pages\/150"}],"wp:attachment":[{"href":"https:\/\/icofom.mini.icom.museum\/fr\/wp-json\/wp\/v2\/media?parent=531"}],"wp:term":[{"taxonomy":"yst_prominent_words","embeddable":true,"href":"https:\/\/icofom.mini.icom.museum\/fr\/wp-json\/wp\/v2\/yst_prominent_words?post=531"}],"curies":[{"name":"wp","href":"https:\/\/api.w.org\/{rel}","templated":true}]}}