{"id":6001,"date":"2022-12-21T13:53:26","date_gmt":"2022-12-21T12:53:26","guid":{"rendered":"https:\/\/icofom.mini.icom.museum\/?page_id=6001"},"modified":"2023-07-25T17:19:25","modified_gmt":"2023-07-25T15:19:25","slug":"groupes-de-travail","status":"publish","type":"page","link":"https:\/\/icofom.mini.icom.museum\/fr\/homepage\/groupes-de-travail\/","title":{"rendered":"Groupes de travail 2022-2025"},"content":{"rendered":"<p>Pour le mandat 2022-2025, nous avons form\u00e9 les groupes de travail suivants :<\/p>\n<h3>Groupe de travail pour les conf\u00e9rences<\/h3>\n<p><em>Pr\u00e9sident\u00b7e\u00b7s:<\/em><\/p>\n<ul>\n<li>Marion Bertin<\/li>\n<li>Jamie Allan Brown<\/li>\n<\/ul>\n<p><em>Membre du groupe :<\/em><\/p>\n<ul>\n<li>Karen Brown<\/li>\n<\/ul>\n<h3>Groupe de travail pour les communications<\/h3>\n<p><em>Pr\u00e9sidente :<\/em><\/p>\n<ul>\n<li>Anna Leshchenko, \u00e9ditrice de la newsletter<\/li>\n<\/ul>\n<p><em>Membres du groupe :<\/em><\/p>\n<ul>\n<li>Marion Bertin, traduction et relecture (fran\u00e7ais), mod\u00e9ratrice pour LinkedIn<\/li>\n<li>Melissa Aguilar, traduction et relecture (espagnol), mise \u00e0 jour des actualit\u00e9s du site internet, mod\u00e9ratrice pour Instagram<\/li>\n<li>Scarlet Rocio Galindo Monteagudo, mod\u00e9ratrice pour Facebook<\/li>\n<li>Jamie Allan Brown, mod\u00e9rateur pour Twitter<\/li>\n<li>Gabriel Joffray, traduction et relecture (b\u00e9n\u00e9vole, janvier-mai 2023)<\/li>\n<\/ul>\n<h3>Groupe de travail sur le site internet<\/h3>\n<p><em>Pr\u00e9sidente :<\/em><\/p>\n<ul>\n<li>Melissa Aguilar Rojas<\/li>\n<\/ul>\n<p><em>Membres du groupe :<\/em><\/p>\n<ul>\n<li>Anna Leshchenko<\/li>\n<li>Lynn Maranda<\/li>\n<li>Gabriel Joffray (b\u00e9n\u00e9vole, janvier-mai 2023)<\/li>\n<\/ul>\n<h3>Groupe de travail sur la d\u00e9ontologie (r\u00e9vision du Code de d\u00e9ontologie de l&#8217;ICOM)<\/h3>\n<p><em>Pr\u00e9sidents :<\/em><\/p>\n<ul>\n<li>Bruno Brulon Soares<\/li>\n<li>Supreo Chanda<\/li>\n<\/ul>\n<p><em>Membres du groupe :<\/em><\/p>\n<ul>\n<li>Anna Leshchenko<\/li>\n<li>Lynn Maranda<\/li>\n<li>Ernest Kpan<\/li>\n<\/ul>\n<h3>Groupe de travail sur les publications<\/h3>\n<p><em>Pr\u00e9sidente :<\/em><\/p>\n<ul>\n<li>Elizabeth Weiser<\/li>\n<\/ul>\n<p><em>Membres du groupe :<\/em><\/p>\n<ul>\n<li>Bruno Brulon Soares, University of St Andrews, Scotland<\/li>\n<li>Ernest Kpan, National Institute of Art and Cultural Action (INSAAC), Ivory Coast<\/li>\n<li>Melissa Aguilar, Museum of Identity and Pride (MIO), Costa Rica<\/li>\n<li>Marion Bertin, Avignon Universit\u00e9, Centre Norbert Elias, France<\/li>\n<li>Lynn Maranda, Curator Emerita, Museum of Vancouver, Canada<\/li>\n<li>Scarlet Galindo, Manager, Museo Nacional de Acuarela Alfredo Guati Rojo, Mexico<\/li>\n<li>Supreo Chanda, University of Calcutta, India<\/li>\n<li>Zheng Yi, Margaret \u590d\u65e6\u5927\u5b66 Fudan University, China<\/li>\n<\/ul>\n","protected":false},"excerpt":{"rendered":"<p>Pour le mandat 2022-2025, nous avons form\u00e9 les groupes de travail suivants : Groupe de travail pour les conf\u00e9rences Pr\u00e9sident\u00b7e\u00b7s: Marion Bertin Jamie Allan Brown Membre du groupe : Karen Brown Groupe de travail pour les communications Pr\u00e9sidente : Anna Leshchenko, \u00e9ditrice de la newsletter Membres du groupe : Marion Bertin, traduction et relecture (fran\u00e7ais), [&hellip;]<\/p>\n","protected":false},"author":78,"featured_media":0,"parent":98,"menu_order":0,"comment_status":"closed","ping_status":"closed","template":"","meta":{"footnotes":""},"yst_prominent_words":[2283,328,2236,572,564,958,956],"acf":[],"_links":{"self":[{"href":"https:\/\/icofom.mini.icom.museum\/fr\/wp-json\/wp\/v2\/pages\/6001"}],"collection":[{"href":"https:\/\/icofom.mini.icom.museum\/fr\/wp-json\/wp\/v2\/pages"}],"about":[{"href":"https:\/\/icofom.mini.icom.museum\/fr\/wp-json\/wp\/v2\/types\/page"}],"author":[{"embeddable":true,"href":"https:\/\/icofom.mini.icom.museum\/fr\/wp-json\/wp\/v2\/users\/78"}],"replies":[{"embeddable":true,"href":"https:\/\/icofom.mini.icom.museum\/fr\/wp-json\/wp\/v2\/comments?post=6001"}],"version-history":[{"count":3,"href":"https:\/\/icofom.mini.icom.museum\/fr\/wp-json\/wp\/v2\/pages\/6001\/revisions"}],"predecessor-version":[{"id":6657,"href":"https:\/\/icofom.mini.icom.museum\/fr\/wp-json\/wp\/v2\/pages\/6001\/revisions\/6657"}],"up":[{"embeddable":true,"href":"https:\/\/icofom.mini.icom.museum\/fr\/wp-json\/wp\/v2\/pages\/98"}],"wp:attachment":[{"href":"https:\/\/icofom.mini.icom.museum\/fr\/wp-json\/wp\/v2\/media?parent=6001"}],"wp:term":[{"taxonomy":"yst_prominent_words","embeddable":true,"href":"https:\/\/icofom.mini.icom.museum\/fr\/wp-json\/wp\/v2\/yst_prominent_words?post=6001"}],"curies":[{"name":"wp","href":"https:\/\/api.w.org\/{rel}","templated":true}]}}