{"id":6123,"date":"2023-03-03T19:58:45","date_gmt":"2023-03-03T18:58:45","guid":{"rendered":"https:\/\/icofom.mini.icom.museum\/?page_id=6123"},"modified":"2025-04-16T11:00:01","modified_gmt":"2025-04-16T09:00:01","slug":"icofom-aspac","status":"publish","type":"page","link":"https:\/\/icofom.mini.icom.museum\/fr\/icofom-aspac\/","title":{"rendered":"ICOFOM ASPAC"},"content":{"rendered":"<p><em>Ceci est la page d&#8217;accueil du sous-comit\u00e9 d&#8217;Asie-Pacifique de l&#8217;ICOFOM- ICOM.<\/em><\/p>\n<p><em>Faites d\u00e9filer vers le bas pour la liste des membres du Conseil d&#8217;administration de l&#8217;ICOFOM-ASPAC pour la p\u00e9riode 2022-2024.<\/em><\/p>\n<p><em>D&#8217;autres mises \u00e0 jour sont \u00e0 venir au cours de l&#8217;ann\u00e9e 2025.<\/em><\/p>\n<hr \/>\n<h3>JOURN\u00c9E INTERNATIONALE DES MUS\u00c9ES DE MALAISIE S\u00c9MINAIRE 2025<\/h3>\n<h3><em>SEMINAR HARI MUZIUM ANTARABANGSA PERINGKAT KEBANGSAAN 2025<\/em><\/h3>\n<h3>L&#8217;AVENIR DES MUS\u00c9ES DANS DES COMMUNAUT\u00c9S EN MUTATION RAPIDE<\/h3>\n<h3><em>MASA DEPAN MUZIUM DALAM KOMUNITI YANG BERUBAH PANTAS<\/em><\/h3>\n<p>Organis\u00e9 par \u2502Dianjurkan oleh<br \/>\nDepartment of Museums Malaysia, ICOM Malaysia and Kedah State Museum<br \/>\nJabatan Muzium Malaysia, ICOM Malaysia and Kedah State Museum<\/p>\n<p>18 May 2025 \u250218 May 2025<br \/>\nM Resort &amp; Hotel Kuala Lumpur<\/p>\n<p style=\"text-align: center\"><strong><a href=\"https:\/\/icofom.mini.icom.museum\/icofom-aspac\/icofom-aspac-events\/malaysia-imd-seminar-2025\/\">Consultez toutes les informations sur ce lien<\/a><\/strong><\/p>\n<p><img decoding=\"async\" loading=\"lazy\" class=\"aligncenter wp-image-7866\" src=\"https:\/\/icofom.mini.icom.museum\/wp-content\/uploads\/sites\/18\/2025\/04\/Seminar-Poster-General-Eng-BM-683x1024.png\" alt=\"\" width=\"496\" height=\"744\" srcset=\"https:\/\/icofom.mini.icom.museum\/wp-content\/uploads\/sites\/18\/2025\/04\/Seminar-Poster-General-Eng-BM-683x1024.png 683w, https:\/\/icofom.mini.icom.museum\/wp-content\/uploads\/sites\/18\/2025\/04\/Seminar-Poster-General-Eng-BM-200x300.png 200w, https:\/\/icofom.mini.icom.museum\/wp-content\/uploads\/sites\/18\/2025\/04\/Seminar-Poster-General-Eng-BM-768x1152.png 768w, https:\/\/icofom.mini.icom.museum\/wp-content\/uploads\/sites\/18\/2025\/04\/Seminar-Poster-General-Eng-BM-1024x1536.png 1024w, https:\/\/icofom.mini.icom.museum\/wp-content\/uploads\/sites\/18\/2025\/04\/Seminar-Poster-General-Eng-BM-1365x2048.png 1365w, https:\/\/icofom.mini.icom.museum\/wp-content\/uploads\/sites\/18\/2025\/04\/Seminar-Poster-General-Eng-BM.png 1512w\" sizes=\"(max-width: 496px) 100vw, 496px\" \/><\/p>\n<hr \/>\n<h3>Histoire de l&#8217;ICOFOM-ASPAC (2016-2022)<br \/>\nPar Kuoning Chen<\/h3>\n<p>&#8220;Avec les tendances de la mondialisation, les mus\u00e9es de la zone Asie-Pacifique sont devenus de plus en plus influenc\u00e9s par la politique locale, l&#8217;\u00e9conomie, les progr\u00e8s des technologies de l&#8217;information et les mouvements sociaux, tout en subissant des changements significatifs dans leur connotation et leur forme. La fonction traditionnelle des mus\u00e9es, qui est de pr\u00e9server le patrimoine culturel, s&#8217;est aujourd&#8217;hui \u00e9largie au service de la soci\u00e9t\u00e9 et \u00e0 la promotion de l&#8217;harmonie sociale. Les op\u00e9rations comprennent l&#8217;image de marque des mus\u00e9es qui contribuent \u00e0 stimuler le d\u00e9veloppement \u00e9conomique urbain. Ces nouvelles missions sont devenues des t\u00e2ches importantes pour les mus\u00e9es du 21e si\u00e8cle.<\/p>\n<p>En 2000, l&#8217;UNESCO-ICOM a propos\u00e9 d&#8217;accorder une attention accrue \u00e0 la diversit\u00e9 des cultures du monde, estimant que les mus\u00e9es doivent pr\u00e9senter des perspectives culturellement diverses pour servir d&#8217;aspects diff\u00e9rents \u00e0 l&#8217;expression humaine des \u00e9motions, \u00e0 la transmission des valeurs, \u00e0 l&#8217;interpr\u00e9tation de l&#8217;objectivit\u00e9 historique et des valeurs culturelles. Dans le m\u00eame temps, les mus\u00e9es devraient \u00e9galement jouer un r\u00f4le de premier plan dans la promotion de valeurs telles que l&#8217;ouverture, la tol\u00e9rance et la solidarit\u00e9 sociale. Les mus\u00e9es doivent inciter le public \u00e0 r\u00e9fl\u00e9chir aux probl\u00e8mes que pose la soci\u00e9t\u00e9 d&#8217;aujourd&#8217;hui. L&#8217;UNESCO encourage les mus\u00e9es internationaux \u00e0 partager les biens culturels, \u00e0 renforcer le dialogue entre les diff\u00e9rentes cultures ethniques, \u00e0 promouvoir la compr\u00e9hension mutuelle et \u00e0 instaurer un esprit de paix et de tol\u00e9rance. Les mus\u00e9es devraient servir de sites pour la paix et le d\u00e9veloppement durable.<\/p>\n<p>Ces derni\u00e8res ann\u00e9es, les principales questions d\u00e9battues dans les mus\u00e9es \u00e0 l&#8217;\u00e9poque de l&#8217;ASPAC comprennent l&#8217;interpr\u00e9tation des expositions, la construction des mus\u00e9es et de l&#8217;identit\u00e9, la commercialisation des mus\u00e9es, l&#8217;\u00e9ducation et la participation du public aux mus\u00e9es, la protection et l&#8217;expression des mus\u00e9es et du patrimoine culturel immat\u00e9riel, l&#8217;interpr\u00e9tation des conflits de soci\u00e9t\u00e9, etc.<\/p>\n<p>Depuis 2015, l&#8217;ICOM ICOFOM-ASPAC a organis\u00e9 des conf\u00e9rences annuelles dans la r\u00e9gion Asie-Pacifique. Du 8 au 10 novembre 2016, nous avons collabor\u00e9 avec l&#8217;Universit\u00e9 nationale Cheng Kung et le Mus\u00e9e Chimei \u00e0 Tainan pour organiser le s\u00e9minaire &#8220;Triple Helix of Scientific, Technical and University Cultural Heritages&#8221; pour discuter des sous-th\u00e8mes : (1) Mus\u00e9es, mus\u00e9ologie et changements sociaux : D\u00e9veloppement au cours des derni\u00e8res d\u00e9cennies, (2) Patrimoine culturel, \u00e9ducation, \u00e9thique et droit dans les mus\u00e9es, (3) Science et technologie des mus\u00e9es universitaires.<\/p>\n<p>En 2017, deux conf\u00e9rences ont \u00e9t\u00e9 organis\u00e9es en Chine. Du 5 au 7 octobre, nous avons organis\u00e9 le Forum sur &#8221; la protection et le d\u00e9veloppement des patrimoines culturels &#8221; \u00e0 Su Hsiang Hua Yuan \u00e0 QingHai pour discuter : La protection et l&#8217;h\u00e9ritage des patrimoines culturels mat\u00e9riels et immat\u00e9riels, le d\u00e9veloppement des industries culturelles et cr\u00e9atives, et la d\u00e9finition des mus\u00e9es. Les 8 et 9 octobre, nous avons co-organis\u00e9 la conf\u00e9rence &#8220;Repenser la d\u00e9finition d&#8217;un mus\u00e9e&#8221; avec l&#8217;\u00e9cole d&#8217;arch\u00e9ologie et de mus\u00e9ologie de l&#8217;universit\u00e9 Peiking \u00e0 P\u00e9kin.<\/p>\n<p>En 2018, nous avons tenu 3 conf\u00e9rences, les 27 et 28 octobre, nous avons coorganis\u00e9 le forum et les ateliers de &#8220;Mus\u00e9e et mode&#8221; avec le Mus\u00e9e des arts de la fibre de Taichung, \u00e0 Ta\u00efwan, pour discuter du d\u00e9veloppement et de l&#8217;\u00e9ducation de la culture du tissage, de l&#8217;int\u00e9gration de l&#8217;identit\u00e9. Les 3 et 4 novembre, nous avons co-organis\u00e9 la conf\u00e9rence &#8220;Mus\u00e9e et ville&#8221; avec le mus\u00e9e d&#8217;art de la ville de Tainan pour discuter du d\u00e9veloppement et de l&#8217;\u00e9ducation de la culture du tissage et de l&#8217;int\u00e9gration de l&#8217;identit\u00e9 : Vocabulaire des mus\u00e9es et de l&#8217;architecture urbaine &#8211; texture historique, identit\u00e9 urbaine, caract\u00e9ristiques du paysage, revitalisation urbaine, esth\u00e9tique de la vie des citoyens, tourisme culturel ; Mus\u00e9e et pr\u00e9servation des patrimoines culturels urbains : pr\u00e9servation des patrimoines culturels, \u00e9ducation et industries cr\u00e9atives culturelles. Le 7 novembre, nous avons organis\u00e9 la conf\u00e9rence &#8220;Le mus\u00e9e et le sacr\u00e9&#8221; au Mus\u00e9e des religions du monde \u00e0 Taipei. Les th\u00e8mes abord\u00e9s \u00e9taient les suivants : Les propri\u00e9t\u00e9s sacr\u00e9es, les connotations et la pr\u00e9sentation du patrimoine culturel mat\u00e9riel et immat\u00e9riel, ainsi que l&#8217;objectivit\u00e9 et la subjectivit\u00e9 des interpr\u00e9tations dans les mus\u00e9es.<\/p>\n<p>Plus de 800 d\u00e9l\u00e9gu\u00e9s ont particip\u00e9 \u00e0 ces conf\u00e9rences, 90 autres orateurs et pr\u00e9sentateurs parmi les membres du conseil d&#8217;administration de l&#8217;ICOM ICOFOM-ASPAC, les conservateurs de mus\u00e9e, les experts universitaires concern\u00e9s et les responsables de mus\u00e9e y ont assist\u00e9.<\/p>\n<p>En d\u00e9cembre 2018, nous avons s\u00e9lectionn\u00e9 des articles des conf\u00e9rences de 2016-2018 ICOFOM-ASPAC ont \u00e9t\u00e9 compil\u00e9s comme une r\u00e9f\u00e9rence pour les coll\u00e8gues int\u00e9ress\u00e9s par la mus\u00e9ologie, publi\u00e9 un livre dans le titre comme &#8220;Museology and Culture-Museum and Heritage, City, Sacred and Museum Definition&#8221; . Nous remercions l&#8217;\u00e9diteur du Mus\u00e9e des religions du monde de Taipei, les mus\u00e9es et les universit\u00e9s pour la co-organisation des conf\u00e9rences. Nous remercions \u00e9galement le minist\u00e8re de la culture de la R\u00e9publique d\u00e9mocratique du Congo, les municipalit\u00e9s et d&#8217;autres organismes pour leur aide et leur soutien financier. J&#8217;adresse \u00e9galement mes plus vifs remerciements et ma reconnaissance aux auteurs de cet ouvrage.<\/p>\n<p>En 2019, lors de la conf\u00e9rence g\u00e9n\u00e9rale de l&#8217;ICOM, nous avons tenu la r\u00e9union du conseil d&#8217;administration \u00e0 Kyoto et \u00e9lu de nouveaux membres du conseil d&#8217;administration. KuoNing Chen (Ta\u00efwan) a \u00e9t\u00e9 \u00e9lu pr\u00e9sident du conseil d&#8217;administration, Janet Tee (Malaisie) a \u00e9t\u00e9 \u00e9lue secr\u00e9taire g\u00e9n\u00e9rale et les autres membres du conseil d&#8217;administration sont Olga Truevsiva (Sib\u00e9rie, Russie), Kenson Kwok (Singapour), Shin-Chieh Tzeng (Chine) et Kin-Chieh Tzeng (Inde), Shin-Chieh Tzeng (Ta\u00efwan), Sitti (Malaisie), Joan Min Ma (Chine), Zheng Yi (Chine), Hitomi Hitomi Inoue (Japon), HongNam Kim (Cor\u00e9e), Susana YoungNan Kim (Cor\u00e9e) pour le conseil (2019-2022).<\/p>\n<p>En raison du Covid19 , nous avons report\u00e9 la conf\u00e9rence annuelle de 2020 \u00e0 2021. La conf\u00e9rence internationale en ligne s&#8217;est tenue en Malaisie, avec 120 participants. Le th\u00e8me et le programme \u00e9taient &#8220;Impact de la pand\u00e9mie dans la r\u00e9gion Asie-Pacifique&#8221; et l&#8217;accent a \u00e9t\u00e9 mis sur les rapports nationaux et les communications individuelles.<\/p>\n<p>En juillet 2022, l&#8217;\u00e9quipe cor\u00e9enne a tenu sa conf\u00e9rence annuelle \u00e0 S\u00e9oul. Le programme a \u00e9t\u00e9 tr\u00e8s r\u00e9ussi, avec 150 participants, et le th\u00e8me \u00e9tait &#8220;Le pouvoir des mus\u00e9es&#8221;. Nous avons organis\u00e9 la r\u00e9union du conseil d&#8217;administration et l&#8217;\u00e9lection d&#8217;un nouveau conseil d&#8217;administration \u00e0 S\u00e9oul. Les nouveaux membres du conseil \u00e9lus pour 2023-2025 sont les suivants : Janet Tee (pr\u00e9sidente), Zheng Yi (vice-pr\u00e9sident), Shin-Chieh Tzeng (secr\u00e9taire g\u00e9n\u00e9ral), KuoNing Chen, Olga Truevsiva (Sib\u00e9rie, Russie), Kenson Kwok (Singapour), Sitti (Malaisie), Joan Min Ma (Chine) et Susana YoungNan Kim (Cor\u00e9e).<\/p>\n<p>Je tiens \u00e0 remercier tous les membres de mon conseil d&#8217;administration pour les efforts qu&#8217;ils ont d\u00e9ploy\u00e9s afin que nos programmes soient couronn\u00e9s de succ\u00e8s au cours des six derni\u00e8res ann\u00e9es, et je remercie Hildegard Vielegg pour ses conseils et sa participation depuis la p\u00e9riode de l&#8217;ICOFOM-SIB (2007-2015).<\/p>\n<p>Chen, Kuo-Ning<br \/>\nAncien pr\u00e9sident de l&#8217;ICOM ICOFOM-ASPAC (2016-2022)<br \/>\n2023\/4\/18<\/p>\n<p>&nbsp;<\/p>\n<hr \/>\n<h3>Membres du Conseil d&#8217;administration de l&#8217;ICOFOM-ASPAC<br \/>\nMandat 2022-2024<\/h3>\n<p><strong>Janet Siew Mooi TEE, Pr\u00e9sidente<\/strong>. Ancienne directrice, Mus\u00e9e du textile de Kuala Lumpur, Malaisie.<\/p>\n<p><strong>Margaret Yi ZHENG, Vice-pr\u00e9sidente.<\/strong> Directrice, Division administrative des mus\u00e9es, Administration municipale de la culture et du tourisme de Shanghai, Chine<\/p>\n<p><strong>Shin-Chieh TZENG, secr\u00e9taire g\u00e9n\u00e9ral.<\/strong> Professeur associ\u00e9 et directeur de l&#8217;Institut sup\u00e9rieur de conservation des reliques culturelles et de mus\u00e9ologie, Universit\u00e9 nationale des arts de Tainan, Ta\u00efwan.<\/p>\n<p>KuoNing CHEN, directeur honoraire, Mus\u00e9e des religions du monde, Ta\u00efwan<\/p>\n<p>Olga TRUEVSIVA, Professeur, Universit\u00e9 p\u00e9dagogique d&#8217;\u00c9tat de l&#8217;Alta\u00ef, Sib\u00e9rie<\/p>\n<p>Kenson KWOK, fondateur et directeur du Mus\u00e9e des civilisations asiatiques<\/p>\n<p>Sitti Rabia Abd Rahman, Malaisie<\/p>\n<p>Joan Min MA, Conservateur, Mus\u00e9e national de Chine, Chine<\/p>\n<p>Susana YoungNan KIM, Directrice, Mus\u00e9e de la broderie Han Sangsoo, Cor\u00e9e du Sud<\/p>\n<p>Sitti Rabbia, directeur du Galeria Perdana, Department du Mus\u00e9es, Malaisie<\/p>\n","protected":false},"excerpt":{"rendered":"<p>Ceci est la page d&#8217;accueil du sous-comit\u00e9 d&#8217;Asie-Pacifique de l&#8217;ICOFOM- ICOM. Faites d\u00e9filer vers le bas pour la liste des membres du Conseil d&#8217;administration de l&#8217;ICOFOM-ASPAC pour la p\u00e9riode 2022-2024. D&#8217;autres mises \u00e0 jour sont \u00e0 venir au cours de l&#8217;ann\u00e9e 2025. JOURN\u00c9E INTERNATIONALE DES MUS\u00c9ES DE MALAISIE S\u00c9MINAIRE 2025 SEMINAR HARI MUZIUM ANTARABANGSA PERINGKAT [&hellip;]<\/p>\n","protected":false},"author":105,"featured_media":0,"parent":0,"menu_order":0,"comment_status":"closed","ping_status":"closed","template":"","meta":{"footnotes":""},"yst_prominent_words":[1902,78,190,1917,1817,1897,1899],"acf":[],"_links":{"self":[{"href":"https:\/\/icofom.mini.icom.museum\/fr\/wp-json\/wp\/v2\/pages\/6123"}],"collection":[{"href":"https:\/\/icofom.mini.icom.museum\/fr\/wp-json\/wp\/v2\/pages"}],"about":[{"href":"https:\/\/icofom.mini.icom.museum\/fr\/wp-json\/wp\/v2\/types\/page"}],"author":[{"embeddable":true,"href":"https:\/\/icofom.mini.icom.museum\/fr\/wp-json\/wp\/v2\/users\/105"}],"replies":[{"embeddable":true,"href":"https:\/\/icofom.mini.icom.museum\/fr\/wp-json\/wp\/v2\/comments?post=6123"}],"version-history":[{"count":9,"href":"https:\/\/icofom.mini.icom.museum\/fr\/wp-json\/wp\/v2\/pages\/6123\/revisions"}],"predecessor-version":[{"id":7887,"href":"https:\/\/icofom.mini.icom.museum\/fr\/wp-json\/wp\/v2\/pages\/6123\/revisions\/7887"}],"wp:attachment":[{"href":"https:\/\/icofom.mini.icom.museum\/fr\/wp-json\/wp\/v2\/media?parent=6123"}],"wp:term":[{"taxonomy":"yst_prominent_words","embeddable":true,"href":"https:\/\/icofom.mini.icom.museum\/fr\/wp-json\/wp\/v2\/yst_prominent_words?post=6123"}],"curies":[{"name":"wp","href":"https:\/\/api.w.org\/{rel}","templated":true}]}}