{"id":6447,"date":"2023-04-27T13:18:52","date_gmt":"2023-04-27T11:18:52","guid":{"rendered":"https:\/\/icofom.mini.icom.museum\/?page_id=6447"},"modified":"2023-04-29T01:34:07","modified_gmt":"2023-04-28T23:34:07","slug":"collaborations","status":"publish","type":"page","link":"https:\/\/icofom.mini.icom.museum\/fr\/collaborations\/","title":{"rendered":"Collaborations"},"content":{"rendered":"<h1>2022-2025<\/h1>\n<p>L\u2019ICOFOM soutient les \u00e9v\u00e9nements suivants :<\/p>\n<p>&nbsp;<\/p>\n<p><b>Festival de la mus\u00e9ologie organis\u00e9 par M\u00eatis-Lab<\/b><br \/>\n<b>O\u00f9 :<\/b> Paris<\/p>\n<p><b>Quand :<\/b> 8-9 juin 2023<\/p>\n<p>Plus d\u2019informations : <a href=\"https:\/\/metis-lab.com\/2022\/12\/22\/edition-2023\/\" target=\"_blank\" rel=\"noopener\" data-saferedirecturl=\"https:\/\/www.google.com\/url?q=https:\/\/metis-lab.com\/2022\/12\/22\/edition-2023\/&amp;source=gmail&amp;ust=1682810873740000&amp;usg=AOvVaw2kBayio8ktWh-mORIuAQ2I\">https:\/\/metis-lab.com\/2022\/12\/<wbr \/>22\/edition-2023\/<\/a><\/p>\n<p>(ICOFOM est un partenaire scientifique et financier)<\/p>\n<p>&nbsp;<\/p>\n<p><em><strong>Colloque international des \u00e9tudiant\u00b7e\u00b7s dipl\u00f4m\u00e9\u00b7e\u00b7s sur l\u2019\u00e9tude du livre et de la litt\u00e9rature dans les expositions<\/strong><\/em><\/p>\n<p><b>O\u00f9 :<\/b> Manchester<\/p>\n<p><b>Quand :<\/b> 17-18 juillet 2023<\/p>\n<p><b>Programme :<\/b> <a href=\"https:\/\/eblsymposium.wixsite.com\/exhibitingwords\/copy-of-programme-1\" target=\"_blank\" rel=\"noopener\" data-saferedirecturl=\"https:\/\/www.google.com\/url?q=https:\/\/eblsymposium.wixsite.com\/exhibitingwords\/copy-of-programme-1&amp;source=gmail&amp;ust=1682810873740000&amp;usg=AOvVaw1fEi2moTCCSqH98-5ESdkw\">https:\/\/eblsymposium.wixsite.<wbr \/>com\/exhibitingwords\/copy-of-<wbr \/>programme-1<\/a><\/p>\n<p>(ICOFOM est un partenaire scientifique)<\/p>\n<p>&nbsp;<\/p>\n<p><em><strong>Conf\u00e9rence internationale ICOFOM &amp; AMEPNC (Association des mus\u00e9es et sites patrimoniaux de Nouvelle-Cal\u00e9donie)<\/strong><\/em><\/p>\n<p><strong>O\u00f9<\/strong> : Noum\u00e9a, Nouvelle-Cal\u00e9donie<\/p>\n<p><strong>Quand<\/strong> : 16-21 octobre 2023<\/p>\n<p><strong>Th\u00e8me<\/strong> : Favoriser la visibilit\u00e9 et l\u2019attractivit\u00e9 des patrimoines insulaires : un enjeu mus\u00e9ologique du XXI\u00e8me si\u00e8cle<\/p>\n<p><strong>Plus d\u2019informations :<\/strong><\/p>\n<p><a href=\"https:\/\/icofom.mini.icom.museum\/wp-content\/uploads\/sites\/18\/2023\/03\/AAC-AMEPNC-ICOFOM-UNC-Final-FR_compressed-1.pdf\" target=\"_blank\" rel=\"noopener\" data-saferedirecturl=\"https:\/\/www.google.com\/url?q=https:\/\/icofom.mini.icom.museum\/wp-content\/uploads\/sites\/18\/2023\/03\/AAC-AMEPNC-ICOFOM-UNC-Final-FR_compressed-1.pdf&amp;source=gmail&amp;ust=1682810873740000&amp;usg=AOvVaw2U570rpcVhtAiHh1tZM4ep\">Appel \u00e0 communications en fran\u00e7ais<\/a><\/p>\n<p><a href=\"https:\/\/icofom.mini.icom.museum\/wp-content\/uploads\/sites\/18\/2023\/03\/CFP-ICOFOM-AMEP-UNC-Final-EN_compressed-1.pdf\" target=\"_blank\" rel=\"noopener\" data-saferedirecturl=\"https:\/\/www.google.com\/url?q=https:\/\/icofom.mini.icom.museum\/wp-content\/uploads\/sites\/18\/2023\/03\/CFP-ICOFOM-AMEP-UNC-Final-EN_compressed-1.pdf&amp;source=gmail&amp;ust=1682810873740000&amp;usg=AOvVaw0sIa6bO_JTZzvPd7kheAz0\">Appel \u00e0 communications en anglais<\/a><\/p>\n<p>(ICOFOM est un partenaire scientifique et financier)<\/p>\n","protected":false},"excerpt":{"rendered":"<p>2022-2025 L\u2019ICOFOM soutient les \u00e9v\u00e9nements suivants : &nbsp; Festival de la mus\u00e9ologie organis\u00e9 par M\u00eatis-Lab O\u00f9 : Paris Quand : 8-9 juin 2023 Plus d\u2019informations : https:\/\/metis-lab.com\/2022\/12\/22\/edition-2023\/ (ICOFOM est un partenaire scientifique et financier) &nbsp; Colloque international des \u00e9tudiant\u00b7e\u00b7s dipl\u00f4m\u00e9\u00b7e\u00b7s sur l\u2019\u00e9tude du livre et de la litt\u00e9rature dans les expositions O\u00f9 : Manchester Quand [&hellip;]<\/p>\n","protected":false},"author":78,"featured_media":0,"parent":0,"menu_order":0,"comment_status":"closed","ping_status":"closed","template":"","meta":{"footnotes":""},"yst_prominent_words":[1755,1635,1673,78,93,536],"acf":[],"_links":{"self":[{"href":"https:\/\/icofom.mini.icom.museum\/fr\/wp-json\/wp\/v2\/pages\/6447"}],"collection":[{"href":"https:\/\/icofom.mini.icom.museum\/fr\/wp-json\/wp\/v2\/pages"}],"about":[{"href":"https:\/\/icofom.mini.icom.museum\/fr\/wp-json\/wp\/v2\/types\/page"}],"author":[{"embeddable":true,"href":"https:\/\/icofom.mini.icom.museum\/fr\/wp-json\/wp\/v2\/users\/78"}],"replies":[{"embeddable":true,"href":"https:\/\/icofom.mini.icom.museum\/fr\/wp-json\/wp\/v2\/comments?post=6447"}],"version-history":[{"count":6,"href":"https:\/\/icofom.mini.icom.museum\/fr\/wp-json\/wp\/v2\/pages\/6447\/revisions"}],"predecessor-version":[{"id":6472,"href":"https:\/\/icofom.mini.icom.museum\/fr\/wp-json\/wp\/v2\/pages\/6447\/revisions\/6472"}],"wp:attachment":[{"href":"https:\/\/icofom.mini.icom.museum\/fr\/wp-json\/wp\/v2\/media?parent=6447"}],"wp:term":[{"taxonomy":"yst_prominent_words","embeddable":true,"href":"https:\/\/icofom.mini.icom.museum\/fr\/wp-json\/wp\/v2\/yst_prominent_words?post=6447"}],"curies":[{"name":"wp","href":"https:\/\/api.w.org\/{rel}","templated":true}]}}