{"id":6835,"date":"2023-10-02T19:07:57","date_gmt":"2023-10-02T17:07:57","guid":{"rendered":"https:\/\/icofom.mini.icom.museum\/?page_id=6835"},"modified":"2025-02-15T11:41:04","modified_gmt":"2025-02-15T10:41:04","slug":"projets-speciaux","status":"publish","type":"page","link":"https:\/\/icofom.mini.icom.museum\/fr\/projets-speciaux\/","title":{"rendered":"Projets sp\u00e9ciaux"},"content":{"rendered":"<h2>Projet SAREC jeunesse de L&#8217;ICOFOM<\/h2>\n<p><img decoding=\"async\" loading=\"lazy\" class=\"aligncenter size-large wp-image-6836\" src=\"https:\/\/icofom.mini.icom.museum\/wp-content\/uploads\/sites\/18\/2023\/10\/Youth_FR-1024x1024.png\" alt=\"\" width=\"1024\" height=\"1024\" srcset=\"https:\/\/icofom.mini.icom.museum\/wp-content\/uploads\/sites\/18\/2023\/10\/Youth_FR-1024x1024.png 1024w, https:\/\/icofom.mini.icom.museum\/wp-content\/uploads\/sites\/18\/2023\/10\/Youth_FR-300x300.png 300w, https:\/\/icofom.mini.icom.museum\/wp-content\/uploads\/sites\/18\/2023\/10\/Youth_FR-150x150.png 150w, https:\/\/icofom.mini.icom.museum\/wp-content\/uploads\/sites\/18\/2023\/10\/Youth_FR-768x768.png 768w, https:\/\/icofom.mini.icom.museum\/wp-content\/uploads\/sites\/18\/2023\/10\/Youth_FR.png 1080w\" sizes=\"(max-width: 1024px) 100vw, 1024px\" \/><\/p>\n<p>L&#8217;ICOFOM croit fermement que les mus\u00e9es doivent placer la participation des jeunes au centre des d\u00e9bats et des discussions. L&#8217;ICOFOM organisera des ateliers mondiaux pour les jeunes et les professionnels de la jeunesse en collaboration avec les mus\u00e9es locaux et les ONG.<\/p>\n<p>La s\u00e9rie d&#8217;ateliers mondiaux embrassera l&#8217;appel \u00e0 l&#8217;action pour les professionnels des mus\u00e9es par les jeunes activistes mondiaux du climat, pour une plus grande implication des jeunes \u00e0 devenir des agents de changement \u00e0 la fois dans la mus\u00e9ologie contemporaine, \u00e0 travers la soci\u00e9t\u00e9 plus large, et cherchera \u00e0 comprendre le r\u00f4le que les mus\u00e9es peuvent jouer pour faire face au changement climatique et \u00e0 l&#8217;Agenda 2030 de l&#8217;ONU, en particulier dans les pays et les communaut\u00e9s sous-repr\u00e9sent\u00e9s. Les ateliers contribueront aux r\u00e9sultats de la recherche et \u00e0 l&#8217;appel g\u00e9n\u00e9ral pour une plus grande participation des jeunes dans les mus\u00e9es et l&#8217;ICOM.<\/p>\n<p>Chaque atelier, recherche associ\u00e9e et activit\u00e9 n&#8217;a \u00e9t\u00e9 possible que gr\u00e2ce aux connaissances, \u00e0 l&#8217;engagement et \u00e0 l&#8217;enthousiasme de tous les jeunes, communaut\u00e9s, d\u00e9tenteurs de savoirs traditionnels, collaborateurs et organisations partenaires impliqu\u00e9s. L&#8217;ICOFOM souhaite reconna\u00eetre les g\u00e9n\u00e9reuses contributions en nature des diff\u00e9rents partenaires du projet et en particulier la contribution en nature du temps pass\u00e9 par le personnel du collaborateur \u00e0 faciliter et \u00e0 soutenir le projet.<\/p>\n<p>Les ateliers mondiaux, dont certains doivent encore avoir lieu, se d\u00e9rouleront en collaboration avec des partenaires locaux dans les lieux suivants :<\/p>\n<p><strong>&#8211; Abidjan, C\u00f4te d&#8217;Ivoire<\/strong><\/p>\n<p>En collaboration avec l&#8217;ICOM C\u00f4te d&#8217;Ivoire<\/p>\n<p><strong>&#8211; Barbade, Jama\u00efque et Trinit\u00e9-et-Tobago<\/strong><\/p>\n<p>En collaboration avec l&#8217;Universit\u00e9 des Indes occidentales (UWI)<\/p>\n<p><strong>&#8211; Cork, R\u00e9publique d&#8217;Irlande<\/strong><\/p>\n<p>En collaboration avec l&#8217;University College Cork<\/p>\n<p><strong>&#8211; Doha, Qatar<\/strong><\/p>\n<p>En collaboration avec l&#8217;ICOM Qatar et les mus\u00e9es du Qatar<\/p>\n<p><strong>&#8211; George Town, \u00celes Ca\u00efmans<\/strong><\/p>\n<p>En collaboration avec la National Gallery of the Cayman Islands<\/p>\n<p><strong>&#8211; Kolkata, Inde<\/strong><\/p>\n<p>En collaboration avec l&#8217;Universit\u00e9 de Calcutta<\/p>\n<p><strong>&#8211; Kuala Lumpur, Malaisie<\/strong><\/p>\n<p>En collaboration avec ICOFOM-ASPAC, ICOM Malaysia, et le D\u00e9partement des Mus\u00e9es de Malaisie<\/p>\n<p><strong>&#8211; Lesvos, Gr\u00e8ce<\/strong><\/p>\n<p>En collaboration avec l&#8217;Universit\u00e9 de la mer \u00c9g\u00e9e<\/p>\n<p><strong>&#8211; Noum\u00e9a, Nouvelle-Cal\u00e9donie<\/strong><\/p>\n<p>En collaboration avec l&#8217;Universit\u00e9 de Nouvelle-Cal\u00e9donie et l&#8217;Association des Mus\u00e9es et \u00c9tablissements Patrimoniaux de Nouvelle-Cal\u00e9donie<\/p>\n<p><strong>&#8211; Paran\u00e1, Argentine<\/strong><\/p>\n<p>En collaboration avec l&#8217;ICOFOM-LAC et l&#8217;ICOM Argentine<\/p>\n<p><strong>&#8211; Shanghai, Chine<\/strong><\/p>\n<p>En collaboration avec l&#8217;Universit\u00e9 de Fudan<\/p>\n<p><strong>&#8211; Split, Croatie<\/strong><\/p>\n<p>En collaboration avec l&#8217;Universit\u00e9 de Zagreb<\/p>\n<p><strong>&#8211; St Andrews, \u00c9cosse, Royaume-Uni<\/strong><\/p>\n<p>En collaboration avec l&#8217;universit\u00e9 de St Andrews et le projet de recherche UKRI Shared Island Stories<\/p>\n<p><strong>&#8211; Italie, \u00e0 confirmer,<\/strong><\/p>\n<p>En collaboration avec l&#8217;Universit\u00e9 de Milan Bicocca<\/p>\n<p><strong>&#8211; Wellington, Aotearoa, Nouvelle-Z\u00e9lande<\/strong><\/p>\n<p>En collaboration avec Te Herenga Waka &#8211; Victoria University of Wellington<\/p>\n<p>Pour plus d&#8217;informations, veuillez contacter Jamie Allan Brown, Tr\u00e9sorier de l&#8217;ICOFOM (2022-2025) et Chercheur, Universit\u00e9 de St Andrews, via <a href=\"mailto:jab26@st-andrews.ac.uk\">jab26@st-andrews.ac.uk<\/a><\/p>\n<p>&nbsp;<\/p>\n<p><img decoding=\"async\" loading=\"lazy\" class=\"aligncenter size-large wp-image-7796\" src=\"https:\/\/icofom.mini.icom.museum\/wp-content\/uploads\/sites\/18\/2025\/02\/ICOFOM_SAREC_Year2_Report_310125_JAB52-724x1024.jpg\" alt=\"\" width=\"724\" height=\"1024\" srcset=\"https:\/\/icofom.mini.icom.museum\/wp-content\/uploads\/sites\/18\/2025\/02\/ICOFOM_SAREC_Year2_Report_310125_JAB52-724x1024.jpg 724w, https:\/\/icofom.mini.icom.museum\/wp-content\/uploads\/sites\/18\/2025\/02\/ICOFOM_SAREC_Year2_Report_310125_JAB52-212x300.jpg 212w, https:\/\/icofom.mini.icom.museum\/wp-content\/uploads\/sites\/18\/2025\/02\/ICOFOM_SAREC_Year2_Report_310125_JAB52-768x1086.jpg 768w, https:\/\/icofom.mini.icom.museum\/wp-content\/uploads\/sites\/18\/2025\/02\/ICOFOM_SAREC_Year2_Report_310125_JAB52-1086x1536.jpg 1086w, https:\/\/icofom.mini.icom.museum\/wp-content\/uploads\/sites\/18\/2025\/02\/ICOFOM_SAREC_Year2_Report_310125_JAB52.jpg 1354w\" sizes=\"(max-width: 724px) 100vw, 724px\" \/><\/p>\n","protected":false},"excerpt":{"rendered":"<p>Projet SAREC jeunesse de L&#8217;ICOFOM L&#8217;ICOFOM croit fermement que les mus\u00e9es doivent placer la participation des jeunes au centre des d\u00e9bats et des discussions. L&#8217;ICOFOM organisera des ateliers mondiaux pour les jeunes et les professionnels de la jeunesse en collaboration avec les mus\u00e9es locaux et les ONG. La s\u00e9rie d&#8217;ateliers mondiaux embrassera l&#8217;appel \u00e0 l&#8217;action [&hellip;]<\/p>\n","protected":false},"author":105,"featured_media":6829,"parent":0,"menu_order":0,"comment_status":"closed","ping_status":"closed","template":"","meta":{"footnotes":""},"yst_prominent_words":[1933,1897],"acf":[],"_links":{"self":[{"href":"https:\/\/icofom.mini.icom.museum\/fr\/wp-json\/wp\/v2\/pages\/6835"}],"collection":[{"href":"https:\/\/icofom.mini.icom.museum\/fr\/wp-json\/wp\/v2\/pages"}],"about":[{"href":"https:\/\/icofom.mini.icom.museum\/fr\/wp-json\/wp\/v2\/types\/page"}],"author":[{"embeddable":true,"href":"https:\/\/icofom.mini.icom.museum\/fr\/wp-json\/wp\/v2\/users\/105"}],"replies":[{"embeddable":true,"href":"https:\/\/icofom.mini.icom.museum\/fr\/wp-json\/wp\/v2\/comments?post=6835"}],"version-history":[{"count":4,"href":"https:\/\/icofom.mini.icom.museum\/fr\/wp-json\/wp\/v2\/pages\/6835\/revisions"}],"predecessor-version":[{"id":7802,"href":"https:\/\/icofom.mini.icom.museum\/fr\/wp-json\/wp\/v2\/pages\/6835\/revisions\/7802"}],"wp:featuredmedia":[{"embeddable":true,"href":"https:\/\/icofom.mini.icom.museum\/fr\/wp-json\/wp\/v2\/media\/6829"}],"wp:attachment":[{"href":"https:\/\/icofom.mini.icom.museum\/fr\/wp-json\/wp\/v2\/media?parent=6835"}],"wp:term":[{"taxonomy":"yst_prominent_words","embeddable":true,"href":"https:\/\/icofom.mini.icom.museum\/fr\/wp-json\/wp\/v2\/yst_prominent_words?post=6835"}],"curies":[{"name":"wp","href":"https:\/\/api.w.org\/{rel}","templated":true}]}}