{"id":7134,"date":"2024-01-24T17:53:39","date_gmt":"2024-01-24T16:53:39","guid":{"rendered":"https:\/\/icofom.mini.icom.museum\/?page_id=7134"},"modified":"2024-01-26T17:57:53","modified_gmt":"2024-01-26T16:57:53","slug":"in-memoriam-martin-r-scharer","status":"publish","type":"page","link":"https:\/\/icofom.mini.icom.museum\/fr\/homepage\/necrologies\/in-memoriam-martin-r-scharer\/","title":{"rendered":"In Memoriam: Martin R. Sch\u00e4rer"},"content":{"rendered":"<h3>L\u2019excellence du professionnel et la finesse du mus\u00e9ologue<br \/>\nMartin R. Sch\u00e4rer (1945-2023)<\/h3>\n<p><img decoding=\"async\" loading=\"lazy\" class=\"aligncenter  wp-image-7143\" src=\"https:\/\/icofom.mini.icom.museum\/wp-content\/uploads\/sites\/18\/2024\/01\/IMG_8237-copy-1-1024x830.jpeg\" alt=\"\" width=\"458\" height=\"371\" srcset=\"https:\/\/icofom.mini.icom.museum\/wp-content\/uploads\/sites\/18\/2024\/01\/IMG_8237-copy-1-1024x830.jpeg 1024w, https:\/\/icofom.mini.icom.museum\/wp-content\/uploads\/sites\/18\/2024\/01\/IMG_8237-copy-1-300x243.jpeg 300w, https:\/\/icofom.mini.icom.museum\/wp-content\/uploads\/sites\/18\/2024\/01\/IMG_8237-copy-1-768x622.jpeg 768w, https:\/\/icofom.mini.icom.museum\/wp-content\/uploads\/sites\/18\/2024\/01\/IMG_8237-copy-1-1536x1245.jpeg 1536w, https:\/\/icofom.mini.icom.museum\/wp-content\/uploads\/sites\/18\/2024\/01\/IMG_8237-copy-1-2048x1660.jpeg 2048w\" sizes=\"(max-width: 458px) 100vw, 458px\" \/><\/p>\n<p>Martin R. Sch\u00e4rer nous a quitt\u00e9 brusquement, \u00e0 la fin de l\u2019ann\u00e9e derni\u00e8re\u00a0; nous ne pouvons que regretter la perte d\u2019un ancien pr\u00e9sident de l\u2019ICOFOM et surtout d\u2019un homme remarquable. Martin a jou\u00e9 un r\u00f4le consid\u00e9rable au sein de l\u2019ICOM et, de mani\u00e8re plus g\u00e9n\u00e9rale, dans le monde des mus\u00e9es. Cr\u00e9ateur et premier directeur de l\u2019Alimentarium de Vevey, en Suisse, il n\u2019a cess\u00e9, tout au long de sa vie, de conjuguer la th\u00e9orie et la pratique, illustrant par l\u2019exemple l\u2019importance de la r\u00e9flexion th\u00e9orique pour le d\u00e9veloppement des professions li\u00e9es aux mus\u00e9es.<\/p>\n<p>Organisateur n\u00e9, il a con\u00e7u et mis en place un mus\u00e9e interdisciplinaire novateur, consacr\u00e9 \u00e0 l\u2019alimentation. C\u2019est dans ce contexte qu\u2019il a fait son entr\u00e9e au sein de la \u00ab\u00a0famille ICOFOM\u00a0\u00bb, en accueillant \u00e0 Vevey le symposium annuel de notre comit\u00e9 en 1991, consacr\u00e9 \u00e0 une th\u00e9matique \u00e9troitement li\u00e9e \u00e0 ses centres d\u2019int\u00e9r\u00eat\u00a0: le langage de l\u2019exposition (Icofom Study Series 19-20). Devenu Pr\u00e9sident du comit\u00e9 en 1993 \u2013 tout en assumant, durant la m\u00eame p\u00e9riode, la pr\u00e9sidence du comit\u00e9 national suisse \u2013 il lan\u00e7a de nombreux projets au sein de l\u2019ICOFOM, dont le plus c\u00e9l\u00e8bre est sans doute celui de publication d\u2019un thesaurus de mus\u00e9ologie qui deviendra les Concepts cl\u00e9s de la mus\u00e9ologie (2010), puis le Dictionnaire encyclop\u00e9dique de mus\u00e9ologie (2011) auquel il collabora activement. Le travail de Martin, au sein de l\u2019ICOM, n\u2019a cess\u00e9 de s\u2019intensifier tout au long de son parcours professionnel\u00a0: membre du Comit\u00e9 ex\u00e9cutif, il occupa la Vice-pr\u00e9sidence de l\u2019organisation de 2004 \u00e0 2010, puis pr\u00e9sida son Comit\u00e9 d\u2019\u00e9thique pendant de nombreuses ann\u00e9es. Cela ne l\u2019emp\u00eacha jamais de suivre tr\u00e8s r\u00e9guli\u00e8rement les activit\u00e9s du comit\u00e9 li\u00e9 \u00e0 ses \u00ab\u00a0premi\u00e8res amours\u00a0\u00bb, la mus\u00e9ologie. Au sein de l\u2019ICOM, Martin fut un avocat infatigable de l\u2019importance du d\u00e9bat scientifique, de la r\u00e9flexion et de la transmission au sein du monde des mus\u00e9es. C\u2019est en ce sens qu\u2019il organisa \u00e0 l\u2019Alimentarium plusieurs expositions \u00ab\u00a0mus\u00e9ologiques\u00a0\u00bb particuli\u00e8rement \u00e9clairantes, offrant aux visiteurs des cl\u00e9s de compr\u00e9hension de la logique et du langage de l\u2019exposition. Cette th\u00e9matique, \u00e0 laquelle il consacra plusieurs ouvrages, constitue assur\u00e9ment l\u2019un des h\u00e9ritages qu\u2019il laisse aux g\u00e9n\u00e9rations de mus\u00e9ologues qui lui succ\u00e9deront.<\/p>\n<p>Mais ce que retiendront tous ceux qui ont eu la chance de croiser sa route sera d\u2019abord l\u2019ensemble de ses qualit\u00e9s humaines et son ouverture aux autres. Plurilingue \u2013 germanophone, il s\u2019exprimait dans un fran\u00e7ais parfait et pratiquait avec autant d\u2019aisance les autres langues de l\u2019ICOM \u2013 il avait h\u00e9rit\u00e9 des talents diplomatiques de son Helv\u00e9tie natale. Accueillant, ne refusant jamais de s\u2019investir sur le plan de la mus\u00e9ologie, son expertise, sa r\u00e9flexion, mais aussi son sourire et sa bienveillance nous manqueront.<br \/>\nFran\u00e7ois Mairesse<\/p>\n","protected":false},"excerpt":{"rendered":"<p>L\u2019excellence du professionnel et la finesse du mus\u00e9ologue Martin R. Sch\u00e4rer (1945-2023) Martin R. Sch\u00e4rer nous a quitt\u00e9 brusquement, \u00e0 la fin de l\u2019ann\u00e9e derni\u00e8re\u00a0; nous ne pouvons que regretter la perte d\u2019un ancien pr\u00e9sident de l\u2019ICOFOM et surtout d\u2019un homme remarquable. Martin a jou\u00e9 un r\u00f4le consid\u00e9rable au sein de l\u2019ICOM et, de mani\u00e8re [&hellip;]<\/p>\n","protected":false},"author":105,"featured_media":7152,"parent":159,"menu_order":0,"comment_status":"closed","ping_status":"closed","template":"","meta":{"footnotes":""},"yst_prominent_words":[2520,198,2101,528,713,78,460,87,462,191,186,2645],"acf":[],"_links":{"self":[{"href":"https:\/\/icofom.mini.icom.museum\/fr\/wp-json\/wp\/v2\/pages\/7134"}],"collection":[{"href":"https:\/\/icofom.mini.icom.museum\/fr\/wp-json\/wp\/v2\/pages"}],"about":[{"href":"https:\/\/icofom.mini.icom.museum\/fr\/wp-json\/wp\/v2\/types\/page"}],"author":[{"embeddable":true,"href":"https:\/\/icofom.mini.icom.museum\/fr\/wp-json\/wp\/v2\/users\/105"}],"replies":[{"embeddable":true,"href":"https:\/\/icofom.mini.icom.museum\/fr\/wp-json\/wp\/v2\/comments?post=7134"}],"version-history":[{"count":3,"href":"https:\/\/icofom.mini.icom.museum\/fr\/wp-json\/wp\/v2\/pages\/7134\/revisions"}],"predecessor-version":[{"id":7156,"href":"https:\/\/icofom.mini.icom.museum\/fr\/wp-json\/wp\/v2\/pages\/7134\/revisions\/7156"}],"up":[{"embeddable":true,"href":"https:\/\/icofom.mini.icom.museum\/fr\/wp-json\/wp\/v2\/pages\/159"}],"wp:featuredmedia":[{"embeddable":true,"href":"https:\/\/icofom.mini.icom.museum\/fr\/wp-json\/wp\/v2\/media\/7152"}],"wp:attachment":[{"href":"https:\/\/icofom.mini.icom.museum\/fr\/wp-json\/wp\/v2\/media?parent=7134"}],"wp:term":[{"taxonomy":"yst_prominent_words","embeddable":true,"href":"https:\/\/icofom.mini.icom.museum\/fr\/wp-json\/wp\/v2\/yst_prominent_words?post=7134"}],"curies":[{"name":"wp","href":"https:\/\/api.w.org\/{rel}","templated":true}]}}