{"id":7275,"date":"2024-03-22T23:43:21","date_gmt":"2024-03-22T22:43:21","guid":{"rendered":"https:\/\/icofom.mini.icom.museum\/?page_id=7275"},"modified":"2024-03-22T23:43:21","modified_gmt":"2024-03-22T22:43:21","slug":"bienvenue-presidence-icofom-lac","status":"publish","type":"page","link":"https:\/\/icofom.mini.icom.museum\/fr\/sous-comites\/welcome-to-icofom-lam\/bienvenue-presidence-icofom-lac\/","title":{"rendered":"BIENVENUE &#8211; PR\u00c9SIDENCE (ICOFOM LAC)"},"content":{"rendered":"<p><img decoding=\"async\" loading=\"lazy\" class=\"alignnone size-medium wp-image-7267 aligncenter\" src=\"https:\/\/icofom.mini.icom.museum\/wp-content\/uploads\/sites\/18\/2024\/03\/PHOTO-2022-05-08-21-53-27-146x300.jpg\" alt=\"\" width=\"146\" height=\"300\" srcset=\"https:\/\/icofom.mini.icom.museum\/wp-content\/uploads\/sites\/18\/2024\/03\/PHOTO-2022-05-08-21-53-27-146x300.jpg 146w, https:\/\/icofom.mini.icom.museum\/wp-content\/uploads\/sites\/18\/2024\/03\/PHOTO-2022-05-08-21-53-27-497x1024.jpg 497w, https:\/\/icofom.mini.icom.museum\/wp-content\/uploads\/sites\/18\/2024\/03\/PHOTO-2022-05-08-21-53-27-768x1581.jpg 768w, https:\/\/icofom.mini.icom.museum\/wp-content\/uploads\/sites\/18\/2024\/03\/PHOTO-2022-05-08-21-53-27-746x1536.jpg 746w, https:\/\/icofom.mini.icom.museum\/wp-content\/uploads\/sites\/18\/2024\/03\/PHOTO-2022-05-08-21-53-27.jpg 777w\" sizes=\"(max-width: 146px) 100vw, 146px\" \/><\/p>\n<h1 style=\"text-align: center\">BIENVENUE &#8211; PR\u00c9SIDENCE (ICOFOM LAC)<\/h1>\n<p>Bienvenue \u00e0 ICOFOM LAC !<\/p>\n<p>En novembre 2023, un nouveau conseil d&#8217;administration d&#8217;ICOFOM LAC a \u00e9t\u00e9 s\u00e9lectionn\u00e9, qui a \u00e9t\u00e9 approuv\u00e9 lors de l&#8217;Assembl\u00e9e g\u00e9n\u00e9rale qui a eu lieu lors de la XXXIe r\u00e9union d&#8217;ICOFOM LAC et du XLVIe Symposium d&#8217;ICOFOM. Le Sous-comit\u00e9 r\u00e9gional de mus\u00e9ologie en Am\u00e9rique latine et dans les Cara\u00efbes (ICOFOM LAC) est le sous-comit\u00e9 de l&#8217;ICOFOM o\u00f9 le d\u00e9veloppement et la consolidation de la pens\u00e9e mus\u00e9ologique d&#8217;Am\u00e9rique latine et des Cara\u00efbes sont discut\u00e9s au niveau acad\u00e9mique. Il a \u00e9t\u00e9 cr\u00e9\u00e9 \u00e0 La Haye en 1989, lors de la Conf\u00e9rence g\u00e9n\u00e9rale de l&#8217;ICOM \u00ab Mus\u00e9es, g\u00e9n\u00e9rateurs de culture \u00bb, et vise \u00e9galement \u00e0 r\u00e9pondre aux m\u00eames objectifs que le comit\u00e9 international.<\/p>\n<p>Nos objectifs de gestion 2023-2026 sont :<\/p>\n<p>\u2013 Assurer la continuit\u00e9 des projets propos\u00e9s par les administrations pr\u00e9c\u00e9dentes, dans le but de conna\u00eetre et de diffuser le d\u00e9veloppement de la discipline mus\u00e9ologique en Am\u00e9rique latine et dans les Cara\u00efbes\u00a0;<br \/>\n\u2013 \u00catre un espace de d\u00e9bat sur les enjeux contemporains li\u00e9s \u00e0 la mus\u00e9ologie, \u00e0 travers des alliances avec des universit\u00e9s et des groupes d&#8217;\u00e9tudiants en mus\u00e9ologie, mais en recherchant toujours le parti pris th\u00e9orique, fondamental pour ICOFOM LAC ;<br \/>\n\u2013 Attirer de jeunes professionnels des mus\u00e9es, des chercheurs et des \u00e9tudiants en mus\u00e9ologie pour constituer les membres d\u2019ICOFOM LAC et d\u2019ICOFOM ;<br \/>\n\u2013 Lever des fonds et chercher \u00e0 s\u2019associer avec diff\u00e9rentes entit\u00e9s pour maintenir les activit\u00e9s \u00e9ditoriales ;<br \/>\n\u2013 Consolider le comit\u00e9 de r\u00e9daction ;<br \/>\n\u2013 D\u00e9velopper la communication d\u2019ICOFOM LAC sur les r\u00e9seaux sociaux.<\/p>\n<p>Notre intention de promouvoir ICOFOM LAC comme un espace de d\u00e9bats sur la mus\u00e9ologie, en donnant la priorit\u00e9 \u00e0 la diversit\u00e9 des opinions, des personnes et des r\u00e9flexions qui composent les espaces g\u00e9ographiques appel\u00e9s Am\u00e9rique latine et Cara\u00efbes. Nous entendons \u00e9galement souligner que notre production th\u00e9orique a tout le potentiel pour servir de base aux discussions qui existent dans notre r\u00e9gion, car elle consid\u00e8re notre r\u00e9alit\u00e9 diversifi\u00e9e, qui est en m\u00eame temps unique.<\/p>\n<p>Nous vous invitons \u00e0 participer avec nous !<br \/>\nDr Scarlet Galindo<\/p>\n","protected":false},"excerpt":{"rendered":"<p>BIENVENUE &#8211; PR\u00c9SIDENCE (ICOFOM LAC) Bienvenue \u00e0 ICOFOM LAC ! En novembre 2023, un nouveau conseil d&#8217;administration d&#8217;ICOFOM LAC a \u00e9t\u00e9 s\u00e9lectionn\u00e9, qui a \u00e9t\u00e9 approuv\u00e9 lors de l&#8217;Assembl\u00e9e g\u00e9n\u00e9rale qui a eu lieu lors de la XXXIe r\u00e9union d&#8217;ICOFOM LAC et du XLVIe Symposium d&#8217;ICOFOM. Le Sous-comit\u00e9 r\u00e9gional de mus\u00e9ologie en Am\u00e9rique latine et [&hellip;]<\/p>\n","protected":false},"author":81,"featured_media":0,"parent":1254,"menu_order":0,"comment_status":"closed","ping_status":"closed","template":"","meta":{"footnotes":""},"yst_prominent_words":[],"acf":[],"_links":{"self":[{"href":"https:\/\/icofom.mini.icom.museum\/fr\/wp-json\/wp\/v2\/pages\/7275"}],"collection":[{"href":"https:\/\/icofom.mini.icom.museum\/fr\/wp-json\/wp\/v2\/pages"}],"about":[{"href":"https:\/\/icofom.mini.icom.museum\/fr\/wp-json\/wp\/v2\/types\/page"}],"author":[{"embeddable":true,"href":"https:\/\/icofom.mini.icom.museum\/fr\/wp-json\/wp\/v2\/users\/81"}],"replies":[{"embeddable":true,"href":"https:\/\/icofom.mini.icom.museum\/fr\/wp-json\/wp\/v2\/comments?post=7275"}],"version-history":[{"count":1,"href":"https:\/\/icofom.mini.icom.museum\/fr\/wp-json\/wp\/v2\/pages\/7275\/revisions"}],"predecessor-version":[{"id":7276,"href":"https:\/\/icofom.mini.icom.museum\/fr\/wp-json\/wp\/v2\/pages\/7275\/revisions\/7276"}],"up":[{"embeddable":true,"href":"https:\/\/icofom.mini.icom.museum\/fr\/wp-json\/wp\/v2\/pages\/1254"}],"wp:attachment":[{"href":"https:\/\/icofom.mini.icom.museum\/fr\/wp-json\/wp\/v2\/media?parent=7275"}],"wp:term":[{"taxonomy":"yst_prominent_words","embeddable":true,"href":"https:\/\/icofom.mini.icom.museum\/fr\/wp-json\/wp\/v2\/yst_prominent_words?post=7275"}],"curies":[{"name":"wp","href":"https:\/\/api.w.org\/{rel}","templated":true}]}}