{"id":8134,"date":"2025-08-18T14:38:51","date_gmt":"2025-08-18T12:38:51","guid":{"rendered":"https:\/\/icofom.mini.icom.museum\/?page_id=8134"},"modified":"2025-11-11T20:23:30","modified_gmt":"2025-11-11T19:23:30","slug":"symposium-annuel-2025","status":"publish","type":"page","link":"https:\/\/icofom.mini.icom.museum\/fr\/conferences\/symposium-annuel-2025\/","title":{"rendered":"Symposium annuel de l&#8217;ICOFOM, 2025, Duba\u00ef"},"content":{"rendered":"<h3 style=\"text-align: center\">Le 48e symposium annuel de l&#8217;ICOFOM<br \/>\net le symposium conjoint ICOM-ICOFOM-ICTOP-COMCOL<br \/>\nse tiendront du 11 au 17 novembre 2025<br \/>\n\u00e0 Duba\u00ef, aux \u00c9mirats arabes unis, pendant la Conf\u00e9rence g\u00e9n\u00e9rale de l&#8217;ICOM.<\/h3>\n<p style=\"text-align: center\"><img decoding=\"async\" loading=\"lazy\" class=\"aligncenter wp-image-8168\" src=\"https:\/\/icofom.mini.icom.museum\/wp-content\/uploads\/sites\/18\/2025\/08\/Untitled-2-1024x1024.png\" alt=\"\" width=\"480\" height=\"480\" srcset=\"https:\/\/icofom.mini.icom.museum\/wp-content\/uploads\/sites\/18\/2025\/08\/Untitled-2-1024x1024.png 1024w, https:\/\/icofom.mini.icom.museum\/wp-content\/uploads\/sites\/18\/2025\/08\/Untitled-2-300x300.png 300w, https:\/\/icofom.mini.icom.museum\/wp-content\/uploads\/sites\/18\/2025\/08\/Untitled-2-150x150.png 150w, https:\/\/icofom.mini.icom.museum\/wp-content\/uploads\/sites\/18\/2025\/08\/Untitled-2-768x768.png 768w, https:\/\/icofom.mini.icom.museum\/wp-content\/uploads\/sites\/18\/2025\/08\/Untitled-2.png 1080w\" sizes=\"(max-width: 480px) 100vw, 480px\" \/><\/p>\n<h4 style=\"text-align: center\">Le programme est d\u00e9j\u00e0 disponible (en anglais) :<\/h4>\n<p style=\"text-align: center\"><a href=\"https:\/\/icofom.mini.icom.museum\/wp-content\/uploads\/sites\/18\/2025\/11\/Dubai-2025_short-PDF_091125_v3.pdf\" target=\"_blank\" rel=\"noopener\"><strong>OFFICIAL PROGRAMME<\/strong><\/a><\/p>\n<p style=\"text-align: center\">Pour participer et\/ou intervenir en tant que conf\u00e9rencier accept\u00e9, vous devez vous inscrire \u00e0 la 27e Conf\u00e9rence g\u00e9n\u00e9rale de l&#8217;ICOM et payer les frais correspondants sur le site officiel de la conf\u00e9rence :<\/p>\n<p style=\"text-align: center\"><a href=\"https:\/\/dubai2025.icom.museum\/registration\">https:\/\/dubai2025.icom.museum\/registration<\/a><\/p>\n<p>&nbsp;<\/p>\n","protected":false},"excerpt":{"rendered":"<p>Le 48e symposium annuel de l&#8217;ICOFOM et le symposium conjoint ICOM-ICOFOM-ICTOP-COMCOL se tiendront du 11 au 17 novembre 2025 \u00e0 Duba\u00ef, aux \u00c9mirats arabes unis, pendant la Conf\u00e9rence g\u00e9n\u00e9rale de l&#8217;ICOM. Le programme est d\u00e9j\u00e0 disponible (en anglais) : OFFICIAL PROGRAMME Pour participer et\/ou intervenir en tant que conf\u00e9rencier accept\u00e9, vous devez vous inscrire \u00e0 [&hellip;]<\/p>\n","protected":false},"author":105,"featured_media":0,"parent":150,"menu_order":0,"comment_status":"closed","ping_status":"closed","template":"","meta":{"footnotes":""},"yst_prominent_words":[378,298,387,713,194,462,1359,1250,1194,1356,86,359,97,511],"acf":[],"_links":{"self":[{"href":"https:\/\/icofom.mini.icom.museum\/fr\/wp-json\/wp\/v2\/pages\/8134"}],"collection":[{"href":"https:\/\/icofom.mini.icom.museum\/fr\/wp-json\/wp\/v2\/pages"}],"about":[{"href":"https:\/\/icofom.mini.icom.museum\/fr\/wp-json\/wp\/v2\/types\/page"}],"author":[{"embeddable":true,"href":"https:\/\/icofom.mini.icom.museum\/fr\/wp-json\/wp\/v2\/users\/105"}],"replies":[{"embeddable":true,"href":"https:\/\/icofom.mini.icom.museum\/fr\/wp-json\/wp\/v2\/comments?post=8134"}],"version-history":[{"count":11,"href":"https:\/\/icofom.mini.icom.museum\/fr\/wp-json\/wp\/v2\/pages\/8134\/revisions"}],"predecessor-version":[{"id":8356,"href":"https:\/\/icofom.mini.icom.museum\/fr\/wp-json\/wp\/v2\/pages\/8134\/revisions\/8356"}],"up":[{"embeddable":true,"href":"https:\/\/icofom.mini.icom.museum\/fr\/wp-json\/wp\/v2\/pages\/150"}],"wp:attachment":[{"href":"https:\/\/icofom.mini.icom.museum\/fr\/wp-json\/wp\/v2\/media?parent=8134"}],"wp:term":[{"taxonomy":"yst_prominent_words","embeddable":true,"href":"https:\/\/icofom.mini.icom.museum\/fr\/wp-json\/wp\/v2\/yst_prominent_words?post=8134"}],"curies":[{"name":"wp","href":"https:\/\/api.w.org\/{rel}","templated":true}]}}