{"id":8437,"date":"2026-01-09T18:21:32","date_gmt":"2026-01-09T17:21:32","guid":{"rendered":"https:\/\/icofom.mini.icom.museum\/?page_id=8437"},"modified":"2026-01-09T18:50:14","modified_gmt":"2026-01-09T17:50:14","slug":"membresduconseil2025-2028","status":"publish","type":"page","link":"https:\/\/icofom.mini.icom.museum\/fr\/qui-sommes-nous\/membresduconseil2025-2028\/","title":{"rendered":"Membres du Conseil d\u2019administration (2025-2028)"},"content":{"rendered":"<p><img decoding=\"async\" loading=\"lazy\" class=\"aligncenter size-full wp-image-8431\" src=\"https:\/\/icofom.mini.icom.museum\/wp-content\/uploads\/sites\/18\/2026\/01\/board-all-2026-1.jpg\" alt=\"\" width=\"9244\" height=\"5200\" srcset=\"https:\/\/icofom.mini.icom.museum\/wp-content\/uploads\/sites\/18\/2026\/01\/board-all-2026-1.jpg 9244w, https:\/\/icofom.mini.icom.museum\/wp-content\/uploads\/sites\/18\/2026\/01\/board-all-2026-1-300x169.jpg 300w, https:\/\/icofom.mini.icom.museum\/wp-content\/uploads\/sites\/18\/2026\/01\/board-all-2026-1-1024x576.jpg 1024w, https:\/\/icofom.mini.icom.museum\/wp-content\/uploads\/sites\/18\/2026\/01\/board-all-2026-1-768x432.jpg 768w, https:\/\/icofom.mini.icom.museum\/wp-content\/uploads\/sites\/18\/2026\/01\/board-all-2026-1-1536x864.jpg 1536w\" sizes=\"(max-width: 9244px) 100vw, 9244px\" \/><\/p>\n<p><strong>Pr\u00e9sidente :<\/strong><\/p>\n<ul>\n<li><strong>Dr Marion B. Bertin,<\/strong> chercheuse postdoctorale \u00e0 l&#8217;Universit\u00e9 catholique de Louvain, Belgique.<\/li>\n<\/ul>\n<p><strong>Co-vice-pr\u00e9sidents :<\/strong><\/p>\n<ul>\n<li><strong>M.Des Melissa Aguilar Rojas,<\/strong> Costa Rica, chercheuse ind\u00e9pendante en mus\u00e9ologie, responsable du groupe de travail sur le site web.<\/li>\n<li><strong>Prof Didier Houenoude,<\/strong> B\u00e9nin, professeur d&#8217;histoire de l&#8217;art, Universit\u00e9 d&#8217;Abomey-Calavi (B\u00e9nin) \/ Chercheur associ\u00e9 et directeur adjoint par int\u00e9rim des collections ethnographiques de l&#8217;\u00c9tat de Saxe.<\/li>\n<\/ul>\n<p><strong>Tr\u00e9sorier :<\/strong><\/p>\n<ul>\n<li><strong>Jamie Allan Brown<\/strong>, Universit\u00e9 de St Andrews, \u00c9cosse.<\/li>\n<\/ul>\n<p><strong>Secr\u00e9taire :<\/strong><\/p>\n<ul>\n<li><strong>M. Elizabeth Weiser<\/strong>, Universit\u00e9 d&#8217;\u00c9tat de l&#8217;Ohio, \u00c9tats-Unis ; responsable du groupe de travail sur les publications \u00e9ditoriales.<\/li>\n<\/ul>\n<p><strong>Membres ordinaires :<\/strong><\/p>\n<ul>\n<li><strong>Dr Olivia Guiragossian ;<\/strong>\u00a0France (Universit\u00e9 d&#8217;Avignon, France) ;<\/li>\n<li><strong>Daniel Abidjo ;<\/strong> B\u00e9nin<\/li>\n<li><strong>Maxence Zabo ;<\/strong> France (Mus\u00e9es de France, France\/Abu Dhabi)<\/li>\n<li><strong>Dr Claire Brizon<\/strong> <strong>;<\/strong> Suisse (Mus\u00e9e cantonal d&#8217;arch\u00e9ologie et d&#8217;histoire, Lausanne, Suisse) ;<\/li>\n<li><strong>Prof Nicolas Navarro ;<\/strong> Belgique (Universit\u00e9 de Li\u00e8ge, Belgique) ;<\/li>\n<li><strong>Mtr. Hector Valma ;<\/strong> Mexique (Professeur de mus\u00e9ographie et de politiques culturelles \u00e0 l&#8217;Universit\u00e9 de la communication, Mexique).<\/li>\n<\/ul>\n<p><strong>Pr\u00e9sidents des sous-comit\u00e9s :<\/strong><\/p>\n<ul>\n<li><strong>Janet Tee<\/strong>, Malaisie \u2013 Pr\u00e9sidente de l&#8217;ICOFOM-ASPAC<\/li>\n<li><strong>Scarlet Rocio Galindo Monteagudo,<\/strong> Mus\u00e9e national de l&#8217;aquarelle Alfredo Guati Rojo, Mexique &#8211; Pr\u00e9sident de l&#8217;ICOFOM-LAC<\/li>\n<\/ul>\n<p>&#8212;<\/p>\n<p>Les biographies de nos membres seront bient\u00f4t disponibles ici.<\/p>\n","protected":false},"excerpt":{"rendered":"<p>Pr\u00e9sidente : Dr Marion B. Bertin, chercheuse postdoctorale \u00e0 l&#8217;Universit\u00e9 catholique de Louvain, Belgique. Co-vice-pr\u00e9sidents : M.Des Melissa Aguilar Rojas, Costa Rica, chercheuse ind\u00e9pendante en mus\u00e9ologie, responsable du groupe de travail sur le site web. Prof Didier Houenoude, B\u00e9nin, professeur d&#8217;histoire de l&#8217;art, Universit\u00e9 d&#8217;Abomey-Calavi (B\u00e9nin) \/ Chercheur associ\u00e9 et directeur adjoint par int\u00e9rim des [&hellip;]<\/p>\n","protected":false},"author":105,"featured_media":0,"parent":144,"menu_order":0,"comment_status":"closed","ping_status":"closed","template":"","meta":{"footnotes":""},"yst_prominent_words":[2238,2352,2083,2109,2466],"acf":[],"_links":{"self":[{"href":"https:\/\/icofom.mini.icom.museum\/fr\/wp-json\/wp\/v2\/pages\/8437"}],"collection":[{"href":"https:\/\/icofom.mini.icom.museum\/fr\/wp-json\/wp\/v2\/pages"}],"about":[{"href":"https:\/\/icofom.mini.icom.museum\/fr\/wp-json\/wp\/v2\/types\/page"}],"author":[{"embeddable":true,"href":"https:\/\/icofom.mini.icom.museum\/fr\/wp-json\/wp\/v2\/users\/105"}],"replies":[{"embeddable":true,"href":"https:\/\/icofom.mini.icom.museum\/fr\/wp-json\/wp\/v2\/comments?post=8437"}],"version-history":[{"count":4,"href":"https:\/\/icofom.mini.icom.museum\/fr\/wp-json\/wp\/v2\/pages\/8437\/revisions"}],"predecessor-version":[{"id":8452,"href":"https:\/\/icofom.mini.icom.museum\/fr\/wp-json\/wp\/v2\/pages\/8437\/revisions\/8452"}],"up":[{"embeddable":true,"href":"https:\/\/icofom.mini.icom.museum\/fr\/wp-json\/wp\/v2\/pages\/144"}],"wp:attachment":[{"href":"https:\/\/icofom.mini.icom.museum\/fr\/wp-json\/wp\/v2\/media?parent=8437"}],"wp:term":[{"taxonomy":"yst_prominent_words","embeddable":true,"href":"https:\/\/icofom.mini.icom.museum\/fr\/wp-json\/wp\/v2\/yst_prominent_words?post=8437"}],"curies":[{"name":"wp","href":"https:\/\/api.w.org\/{rel}","templated":true}]}}