{"id":8516,"date":"2026-03-31T18:39:00","date_gmt":"2026-03-31T16:39:00","guid":{"rendered":"https:\/\/icofom.mini.icom.museum\/?page_id=8516"},"modified":"2026-03-31T18:41:24","modified_gmt":"2026-03-31T16:41:24","slug":"mots-daccueil-de-licofom","status":"publish","type":"page","link":"https:\/\/icofom.mini.icom.museum\/fr\/mots-daccueil-de-licofom\/","title":{"rendered":"Mots d&#8217;accueil de l&#8217;ICOFOM"},"content":{"rendered":"<p><img decoding=\"async\" loading=\"lazy\" class=\" wp-image-8505\" src=\"https:\/\/icofom.mini.icom.museum\/wp-content\/uploads\/sites\/18\/2026\/03\/former-board-and-new-board-2026-ICOFOM-1024x735.jpg\" alt=\"\" width=\"662\" height=\"475\" srcset=\"https:\/\/icofom.mini.icom.museum\/wp-content\/uploads\/sites\/18\/2026\/03\/former-board-and-new-board-2026-ICOFOM-1024x735.jpg 1024w, https:\/\/icofom.mini.icom.museum\/wp-content\/uploads\/sites\/18\/2026\/03\/former-board-and-new-board-2026-ICOFOM-300x215.jpg 300w, https:\/\/icofom.mini.icom.museum\/wp-content\/uploads\/sites\/18\/2026\/03\/former-board-and-new-board-2026-ICOFOM-768x551.jpg 768w, https:\/\/icofom.mini.icom.museum\/wp-content\/uploads\/sites\/18\/2026\/03\/former-board-and-new-board-2026-ICOFOM.jpg 1200w\" sizes=\"(max-width: 662px) 100vw, 662px\" \/><\/p>\n<p><em>Les membres de l&#8217;ICOFOM \u00e0 la Conf\u00e9rence g\u00e9n\u00e9rale de l&#8217;ICOM \u00e0 Duba\u00ef en 2025. L&#8217;ancien conseil d&#8217;administration de l&#8217;ICOFOM et le nouveau conseil d&#8217;administration \u00e9lu.<\/em><\/p>\n<p>Le Comit\u00e9 international pour la mus\u00e9ologie (ICOFOM) est le comit\u00e9 de l&#8217;ICOM charg\u00e9 de l&#8217;\u00e9tude globale de la mus\u00e9ologie, tant sous ses aspects pratiques que th\u00e9oriques. L&#8217;ICOFOM a pour objectif de promouvoir et de d\u00e9battre d&#8217;une vision globale de la mus\u00e9ologie, dans une perspective r\u00e9solument inter- et transnationale.<\/p>\n<p>Nous sommes un groupe de professionnel.le.s des mus\u00e9es issu.e.s de r\u00e9gions telles que l&#8217;Am\u00e9rique latine et du Nord, le Golfe, l&#8217;Afrique de l&#8217;Ouest, l&#8217;Asie du Sud-Est et l&#8217;Europe ; li\u00e9.e.s \u00e0 diff\u00e9rents domaines d&#8217;expertise, nous sommes tou.te.s uni.e.s par un int\u00e9r\u00eat commun pour la mus\u00e9ologie et les institutions mus\u00e9ales sous toutes leurs formes.<\/p>\n<p>Les actions men\u00e9es au cours de ce mandat s&#8217;inscrivent dans la continuit\u00e9 de l&#8217;h\u00e9ritage mus\u00e9ologique de l&#8217;ICOFOM depuis sa cr\u00e9ation en 1977, tout en cherchant \u00e0 d\u00e9velopper de nouvelles dynamiques en phase avec les enjeux mus\u00e9ologiques contemporains. Nous tenons tout particuli\u00e8rement \u00e0 saluer et \u00e0 remercier les trois derniers pr\u00e9sident.e.s de l&#8217;ICOFOM pour le travail accompli : Fran\u00e7ois Mairesse (2013-2019), Bruno Brulon Soares (2019-2022) et Karen Brown (2022-2025).<\/p>\n<p>La force de l&#8217;ICOFOM r\u00e9side sans aucun doute dans sa participation \u00e0 la r\u00e9flexion mus\u00e9ologique internationale et aux perspectives d\u00e9centralis\u00e9es que cela implique pour le d\u00e9veloppement de cette discipline. Dans le cadre de cette r\u00e9flexion, une attention particuli\u00e8re est port\u00e9e \u00e0 l&#8217;\u00e9mergence de nouveaux mus\u00e9es ou de nouvelles formes mus\u00e9ales, ainsi que l&#8217;\u00e9volution historique et contemporaine de r\u00e9gions telles que l&#8217;Am\u00e9rique latine, l&#8217;Asie du Sud-Est, la r\u00e9gion du Golfe, l&#8217;Oc\u00e9anie et l&#8217;Afrique. En \u00e9tudiant ce que sont ces nouveaux mus\u00e9es, \u00e0 qui ils s&#8217;adressent et comment ils sont con\u00e7us, nous pourrons engager une r\u00e9flexion sur de nouvelles formes possibles de mus\u00e9ologie. Comment ces nouveaux mus\u00e9es et ces nouvelles pratiques mus\u00e9ologiques contribuent-ils \u00e0 repenser les concepts de mus\u00e9e et de mus\u00e9ologie ? Quelles dimensions de l&#8217;innovation et de l&#8217;exp\u00e9rimentation mettent-ils en \u0153uvre ? Conform\u00e9ment aux r\u00e9flexions men\u00e9es de longue date par l&#8217;ICOFOM, les questions de la traduction, du multilinguisme et de l&#8217;adaptation du vocabulaire mus\u00e9ologique feront l&#8217;objet d&#8217;une attention particuli\u00e8re. Les aspects li\u00e9s aux circulations et aux transferts de connaissances, de pratiques, d&#8217;expertises et de concepts mus\u00e9ologiques et mus\u00e9aux \u00e0 travers le monde, par le biais de la formation et de la cr\u00e9ation de nouveaux mus\u00e9es, constitueront un autre axe prioritaire. L&#8217;objectif sera de remettre en question les normes et les standards mus\u00e9aux ainsi que leurs adaptations possibles, au-del\u00e0 d&#8217;une distinction stricte entre centres et p\u00e9riph\u00e9ries, tout en abordant les questions de pouvoirs et d&#8217;asym\u00e9tries persistantes.<\/p>\n<p>Le renforcement des liens entre les mus\u00e9es et la recherche universitaire est \u00e9galement un enjeu majeur \u00e0 l&#8217;heure o\u00f9 de nombreux mus\u00e9es int\u00e8grent des instituts de recherche sp\u00e9cialis\u00e9s en mus\u00e9ologie et o\u00f9 les formations en mus\u00e9ologie se multiplient pour r\u00e9pondre aux besoins des nouveaux mus\u00e9es. D\u00e8s lors, qui d\u00e9finit la mus\u00e9ologie aujourd&#8217;hui et demain ? Il sera essentiel d&#8217;encourager la participation des jeunes professionnel.le.s des mus\u00e9es et des jeunes mus\u00e9ologues aux d\u00e9bats et aux activit\u00e9s de notre comit\u00e9, notamment en maintenant activement les bourses destin\u00e9es aux colloques annuels, en cr\u00e9ant des tables rondes sp\u00e9cifiques et en soutenant leurs efforts de publication. En tant que comit\u00e9 international de l&#8217;ICOM reliant des membres du monde entier, nous souhaitons promouvoir de nouveaux formats de discussion et faire de notre comit\u00e9 une plateforme permettant de faire entendre une pluralit\u00e9 de voix.<\/p>\n<p>Certains th\u00e8mes abord\u00e9s par le pass\u00e9 continueront donc \u00e0 faire l&#8217;objet d&#8217;une \u00e9tude approfondie : la transition \u00e9cologique, la d\u00e9colonisation des mus\u00e9es et de la mus\u00e9ologie, la mus\u00e9ologie sociale et communautaire, les questions de pouvoir, les mus\u00e9ologies insulaires, la mus\u00e9ologie critique et l&#8217;inscription sociale des mus\u00e9es restent des th\u00e8mes de r\u00e9flexion essentiels.<\/p>\n<p>Enfin, l&#8217;ICOFOM participe aux r\u00e9flexions et aux actions de l&#8217;ICOM dans son ensemble : la nouvelle d\u00e9finition du mus\u00e9e, sa mise en \u0153uvre et son application ; la r\u00e9daction du nouveau Code de d\u00e9ontologie ; la cr\u00e9ation d&#8217;un comit\u00e9 permanent sur la d\u00e9colonisation. \u00c0 cette fin, nous souhaitons travailler avec l&#8217;ensemble de la communaut\u00e9 de l&#8217;ICOM, en lan\u00e7ant des projets communs avec les comit\u00e9s nationaux, les comit\u00e9s internationaux et les alliances r\u00e9gionales, et en poursuivant des collaborations fond\u00e9es sur la durabilit\u00e9.<\/p>\n","protected":false},"excerpt":{"rendered":"<p>Les membres de l&#8217;ICOFOM \u00e0 la Conf\u00e9rence g\u00e9n\u00e9rale de l&#8217;ICOM \u00e0 Duba\u00ef en 2025. L&#8217;ancien conseil d&#8217;administration de l&#8217;ICOFOM et le nouveau conseil d&#8217;administration \u00e9lu. Le Comit\u00e9 international pour la mus\u00e9ologie (ICOFOM) est le comit\u00e9 de l&#8217;ICOM charg\u00e9 de l&#8217;\u00e9tude globale de la mus\u00e9ologie, tant sous ses aspects pratiques que th\u00e9oriques. L&#8217;ICOFOM a pour objectif [&hellip;]<\/p>\n","protected":false},"author":105,"featured_media":0,"parent":0,"menu_order":0,"comment_status":"closed","ping_status":"closed","template":"","meta":{"footnotes":""},"yst_prominent_words":[2554,528,713,78,460,194,693,186,510,187],"acf":[],"_links":{"self":[{"href":"https:\/\/icofom.mini.icom.museum\/fr\/wp-json\/wp\/v2\/pages\/8516"}],"collection":[{"href":"https:\/\/icofom.mini.icom.museum\/fr\/wp-json\/wp\/v2\/pages"}],"about":[{"href":"https:\/\/icofom.mini.icom.museum\/fr\/wp-json\/wp\/v2\/types\/page"}],"author":[{"embeddable":true,"href":"https:\/\/icofom.mini.icom.museum\/fr\/wp-json\/wp\/v2\/users\/105"}],"replies":[{"embeddable":true,"href":"https:\/\/icofom.mini.icom.museum\/fr\/wp-json\/wp\/v2\/comments?post=8516"}],"version-history":[{"count":3,"href":"https:\/\/icofom.mini.icom.museum\/fr\/wp-json\/wp\/v2\/pages\/8516\/revisions"}],"predecessor-version":[{"id":8520,"href":"https:\/\/icofom.mini.icom.museum\/fr\/wp-json\/wp\/v2\/pages\/8516\/revisions\/8520"}],"wp:attachment":[{"href":"https:\/\/icofom.mini.icom.museum\/fr\/wp-json\/wp\/v2\/media?parent=8516"}],"wp:term":[{"taxonomy":"yst_prominent_words","embeddable":true,"href":"https:\/\/icofom.mini.icom.museum\/fr\/wp-json\/wp\/v2\/yst_prominent_words?post=8516"}],"curies":[{"name":"wp","href":"https:\/\/api.w.org\/{rel}","templated":true}]}}